{"id":19052,"date":"2025-04-07T07:54:35","date_gmt":"2025-04-07T07:54:35","guid":{"rendered":"https:\/\/d2dhunting.com\/product\/coffee-cattle-drive\/"},"modified":"2025-04-07T09:18:21","modified_gmt":"2025-04-07T09:18:21","slug":"coffee-cattle-drive","status":"publish","type":"product","link":"https:\/\/d2dhunting.com\/es\/product\/coffee-cattle-drive\/","title":{"rendered":"Caf\u00e9 Cattle Drive"},"content":{"rendered":"<p>Nuestro caf\u00e9 Bourbon Pecan de tueste medio encarna los ricos sabores del Estado de la Estrella Solitaria. Tostado a la perfecci\u00f3n, esta mezcla combina la calidez de las notas del bourbon de Texas con la sutil dulzura de las pacanas de Texas tostadas lentamente, haciendo de este caf\u00e9 un verdadero tributo al encanto y los sabores agrestes de Texas.<\/p>\n","protected":false},"excerpt":{"rendered":"<p>Nuestro caf\u00e9 Bourbon Pecan de tueste medio encarna los ricos sabores del Estado de la Estrella Solitaria. Tostado a la perfecci\u00f3n, esta mezcla combina la calidez de las notas del bourbon de Texas con la sutil dulzura de las pacanas de Texas tostadas lentamente, haciendo de este caf\u00e9 un verdadero tributo al encanto y los [&hellip;]<\/p>\n","protected":false},"featured_media":19049,"template":"","meta":{"_acf_changed":false},"pwb-brand":[3318],"product_brand":[],"product_cat":[3320,2849],"product_tag":[],"giftcard-category":[],"class_list":{"0":"post-19052","1":"product","2":"type-product","3":"status-publish","4":"has-post-thumbnail","6":"pwb-brand-the-hunting-day","7":"product_cat-cafe","8":"product_cat-hunting-gourmet-es","10":"first","11":"instock","12":"taxable","13":"shipping-taxable","14":"purchasable","15":"product-type-variable"},"acf":[],"yoast_head":"<!-- This site is optimized with the Yoast SEO plugin v27.2 - https:\/\/yoast.com\/product\/yoast-seo-wordpress\/ -->\n<title>Caf\u00e9 Cattle Drive - D2D Hunting<\/title>\n<meta name=\"description\" content=\"Nuestro caf\u00e9 Bourbon Pecan de tueste medio encarna los ricos sabores del Estado de la Estrella Solitaria. Tostado a la perfecci\u00f3n, esta mezcla combina...\" \/>\n<meta name=\"robots\" content=\"index, follow, max-snippet:-1, max-image-preview:large, max-video-preview:-1\" \/>\n<link rel=\"canonical\" href=\"https:\/\/d2dhunting.com\/es\/product\/coffee-cattle-drive\/\" \/>\n<meta property=\"og:locale\" content=\"es_ES\" \/>\n<meta property=\"og:type\" content=\"article\" \/>\n<meta property=\"og:title\" content=\"Caf\u00e9 Cattle Drive - D2D Hunting\" \/>\n<meta property=\"og:description\" content=\"Nuestro caf\u00e9 Bourbon Pecan de tueste medio encarna los ricos sabores del Estado de la Estrella Solitaria. Tostado a la perfecci\u00f3n, esta mezcla combina...\" \/>\n<meta property=\"og:url\" content=\"https:\/\/d2dhunting.com\/es\/product\/coffee-cattle-drive\/\" \/>\n<meta property=\"og:site_name\" content=\"D2D Hunting\" \/>\n<meta property=\"article:modified_time\" content=\"2025-04-07T09:18:21+00:00\" \/>\n<meta property=\"og:image\" content=\"https:\/\/d2dhunting.com\/wp-content\/uploads\/2025\/04\/CattleDrive_FlatBottom.webp\" \/>\n\t<meta property=\"og:image:width\" content=\"713\" \/>\n\t<meta property=\"og:image:height\" content=\"734\" \/>\n\t<meta property=\"og:image:type\" content=\"image\/webp\" \/>\n<meta name=\"twitter:card\" content=\"summary_large_image\" \/>\n<meta name=\"twitter:label1\" content=\"Tiempo de lectura\" \/>\n\t<meta name=\"twitter:data1\" content=\"1 minuto\" \/>\n<script type=\"application\/ld+json\" class=\"yoast-schema-graph\">{\"@context\":\"https:\/\/schema.org\",\"@graph\":[{\"@type\":[\"WebPage\",\"CollectionPage\"],\"@id\":\"https:\/\/d2dhunting.com\/es\/product\/coffee-cattle-drive\/\",\"url\":\"https:\/\/d2dhunting.com\/es\/product\/coffee-cattle-drive\/\",\"name\":\"Caf\u00e9 Cattle Drive - D2D Hunting\",\"isPartOf\":{\"@id\":\"https:\/\/d2dhunting.com\/#website\"},\"primaryImageOfPage\":{\"@id\":\"https:\/\/d2dhunting.com\/es\/product\/coffee-cattle-drive\/#primaryimage\"},\"image\":{\"@id\":\"https:\/\/d2dhunting.com\/es\/product\/coffee-cattle-drive\/#primaryimage\"},\"thumbnailUrl\":\"https:\/\/d2dhunting.com\/wp-content\/uploads\/2025\/04\/CattleDrive_FlatBottom.webp\",\"datePublished\":\"2025-04-07T07:54:35+00:00\",\"dateModified\":\"2025-04-07T09:18:21+00:00\",\"description\":\"Nuestro caf\u00e9 Bourbon Pecan de tueste medio encarna los ricos sabores del Estado de la Estrella Solitaria. Tostado a la perfecci\u00f3n, esta mezcla combina...\",\"breadcrumb\":{\"@id\":\"https:\/\/d2dhunting.com\/es\/product\/coffee-cattle-drive\/#breadcrumb\"},\"inLanguage\":\"es\"},{\"@type\":\"ImageObject\",\"inLanguage\":\"es\",\"@id\":\"https:\/\/d2dhunting.com\/es\/product\/coffee-cattle-drive\/#primaryimage\",\"url\":\"https:\/\/d2dhunting.com\/wp-content\/uploads\/2025\/04\/CattleDrive_FlatBottom.webp\",\"contentUrl\":\"https:\/\/d2dhunting.com\/wp-content\/uploads\/2025\/04\/CattleDrive_FlatBottom.webp\",\"width\":713,\"height\":734},{\"@type\":\"BreadcrumbList\",\"@id\":\"https:\/\/d2dhunting.com\/es\/product\/coffee-cattle-drive\/#breadcrumb\",\"itemListElement\":[{\"@type\":\"ListItem\",\"position\":1,\"name\":\"Home\",\"item\":\"https:\/\/d2dhunting.com\/es\/\"},{\"@type\":\"ListItem\",\"position\":2,\"name\":\"Tienda ES\",\"item\":\"https:\/\/d2dhunting.com\/es\/tienda-2\/\"},{\"@type\":\"ListItem\",\"position\":3,\"name\":\"Caf\u00e9 Cattle Drive\"}]},{\"@type\":\"WebSite\",\"@id\":\"https:\/\/d2dhunting.com\/#website\",\"url\":\"https:\/\/d2dhunting.com\/\",\"name\":\"D2D Hunting\",\"description\":\"D2D was born with the idea of promoting still stalk hunting, through the distribution of quality equipment for the hunter.\",\"publisher\":{\"@id\":\"https:\/\/d2dhunting.com\/#organization\"},\"potentialAction\":[{\"@type\":\"SearchAction\",\"target\":{\"@type\":\"EntryPoint\",\"urlTemplate\":\"https:\/\/d2dhunting.com\/?s={search_term_string}\"},\"query-input\":{\"@type\":\"PropertyValueSpecification\",\"valueRequired\":true,\"valueName\":\"search_term_string\"}}],\"inLanguage\":\"es\"},{\"@type\":\"Organization\",\"@id\":\"https:\/\/d2dhunting.com\/#organization\",\"name\":\"D2D Hunting\",\"url\":\"https:\/\/d2dhunting.com\/\",\"logo\":{\"@type\":\"ImageObject\",\"inLanguage\":\"es\",\"@id\":\"https:\/\/d2dhunting.com\/#\/schema\/logo\/image\/\",\"url\":\"https:\/\/d2dhunting.com\/wp-content\/uploads\/2023\/12\/Logo_Completo.png\",\"contentUrl\":\"https:\/\/d2dhunting.com\/wp-content\/uploads\/2023\/12\/Logo_Completo.png\",\"width\":740,\"height\":308,\"caption\":\"D2D Hunting\"},\"image\":{\"@id\":\"https:\/\/d2dhunting.com\/#\/schema\/logo\/image\/\"}}]}<\/script>\n<!-- \/ Yoast SEO plugin. -->","yoast_head_json":{"title":"Caf\u00e9 Cattle Drive - D2D Hunting","description":"Nuestro caf\u00e9 Bourbon Pecan de tueste medio encarna los ricos sabores del Estado de la Estrella Solitaria. Tostado a la perfecci\u00f3n, esta mezcla combina...","robots":{"index":"index","follow":"follow","max-snippet":"max-snippet:-1","max-image-preview":"max-image-preview:large","max-video-preview":"max-video-preview:-1"},"canonical":"https:\/\/d2dhunting.com\/es\/product\/coffee-cattle-drive\/","og_locale":"es_ES","og_type":"article","og_title":"Caf\u00e9 Cattle Drive - D2D Hunting","og_description":"Nuestro caf\u00e9 Bourbon Pecan de tueste medio encarna los ricos sabores del Estado de la Estrella Solitaria. Tostado a la perfecci\u00f3n, esta mezcla combina...","og_url":"https:\/\/d2dhunting.com\/es\/product\/coffee-cattle-drive\/","og_site_name":"D2D Hunting","article_modified_time":"2025-04-07T09:18:21+00:00","og_image":[{"width":713,"height":734,"url":"https:\/\/d2dhunting.com\/wp-content\/uploads\/2025\/04\/CattleDrive_FlatBottom.webp","type":"image\/webp"}],"twitter_card":"summary_large_image","twitter_misc":{"Tiempo de lectura":"1 minuto"},"schema":{"@context":"https:\/\/schema.org","@graph":[{"@type":["WebPage","CollectionPage"],"@id":"https:\/\/d2dhunting.com\/es\/product\/coffee-cattle-drive\/","url":"https:\/\/d2dhunting.com\/es\/product\/coffee-cattle-drive\/","name":"Caf\u00e9 Cattle Drive - D2D Hunting","isPartOf":{"@id":"https:\/\/d2dhunting.com\/#website"},"primaryImageOfPage":{"@id":"https:\/\/d2dhunting.com\/es\/product\/coffee-cattle-drive\/#primaryimage"},"image":{"@id":"https:\/\/d2dhunting.com\/es\/product\/coffee-cattle-drive\/#primaryimage"},"thumbnailUrl":"https:\/\/d2dhunting.com\/wp-content\/uploads\/2025\/04\/CattleDrive_FlatBottom.webp","datePublished":"2025-04-07T07:54:35+00:00","dateModified":"2025-04-07T09:18:21+00:00","description":"Nuestro caf\u00e9 Bourbon Pecan de tueste medio encarna los ricos sabores del Estado de la Estrella Solitaria. Tostado a la perfecci\u00f3n, esta mezcla combina...","breadcrumb":{"@id":"https:\/\/d2dhunting.com\/es\/product\/coffee-cattle-drive\/#breadcrumb"},"inLanguage":"es"},{"@type":"ImageObject","inLanguage":"es","@id":"https:\/\/d2dhunting.com\/es\/product\/coffee-cattle-drive\/#primaryimage","url":"https:\/\/d2dhunting.com\/wp-content\/uploads\/2025\/04\/CattleDrive_FlatBottom.webp","contentUrl":"https:\/\/d2dhunting.com\/wp-content\/uploads\/2025\/04\/CattleDrive_FlatBottom.webp","width":713,"height":734},{"@type":"BreadcrumbList","@id":"https:\/\/d2dhunting.com\/es\/product\/coffee-cattle-drive\/#breadcrumb","itemListElement":[{"@type":"ListItem","position":1,"name":"Home","item":"https:\/\/d2dhunting.com\/es\/"},{"@type":"ListItem","position":2,"name":"Tienda ES","item":"https:\/\/d2dhunting.com\/es\/tienda-2\/"},{"@type":"ListItem","position":3,"name":"Caf\u00e9 Cattle Drive"}]},{"@type":"WebSite","@id":"https:\/\/d2dhunting.com\/#website","url":"https:\/\/d2dhunting.com\/","name":"D2D Hunting","description":"D2D was born with the idea of promoting still stalk hunting, through the distribution of quality equipment for the hunter.","publisher":{"@id":"https:\/\/d2dhunting.com\/#organization"},"potentialAction":[{"@type":"SearchAction","target":{"@type":"EntryPoint","urlTemplate":"https:\/\/d2dhunting.com\/?s={search_term_string}"},"query-input":{"@type":"PropertyValueSpecification","valueRequired":true,"valueName":"search_term_string"}}],"inLanguage":"es"},{"@type":"Organization","@id":"https:\/\/d2dhunting.com\/#organization","name":"D2D Hunting","url":"https:\/\/d2dhunting.com\/","logo":{"@type":"ImageObject","inLanguage":"es","@id":"https:\/\/d2dhunting.com\/#\/schema\/logo\/image\/","url":"https:\/\/d2dhunting.com\/wp-content\/uploads\/2023\/12\/Logo_Completo.png","contentUrl":"https:\/\/d2dhunting.com\/wp-content\/uploads\/2023\/12\/Logo_Completo.png","width":740,"height":308,"caption":"D2D Hunting"},"image":{"@id":"https:\/\/d2dhunting.com\/#\/schema\/logo\/image\/"}}]}},"brands":[{"id":3318,"name":"The Hunting Day","slug":"the-hunting-day"}],"_links":{"self":[{"href":"https:\/\/d2dhunting.com\/es\/wp-json\/wp\/v2\/product\/19052","targetHints":{"allow":["GET"]}}],"collection":[{"href":"https:\/\/d2dhunting.com\/es\/wp-json\/wp\/v2\/product"}],"about":[{"href":"https:\/\/d2dhunting.com\/es\/wp-json\/wp\/v2\/types\/product"}],"wp:featuredmedia":[{"embeddable":true,"href":"https:\/\/d2dhunting.com\/es\/wp-json\/wp\/v2\/media\/19049"}],"wp:attachment":[{"href":"https:\/\/d2dhunting.com\/es\/wp-json\/wp\/v2\/media?parent=19052"}],"wp:term":[{"taxonomy":"pwb-brand","embeddable":true,"href":"https:\/\/d2dhunting.com\/es\/wp-json\/wp\/v2\/pwb-brand?post=19052"},{"taxonomy":"product_brand","embeddable":true,"href":"https:\/\/d2dhunting.com\/es\/wp-json\/wp\/v2\/product_brand?post=19052"},{"taxonomy":"product_cat","embeddable":true,"href":"https:\/\/d2dhunting.com\/es\/wp-json\/wp\/v2\/product_cat?post=19052"},{"taxonomy":"product_tag","embeddable":true,"href":"https:\/\/d2dhunting.com\/es\/wp-json\/wp\/v2\/product_tag?post=19052"},{"taxonomy":"giftcard-category","embeddable":true,"href":"https:\/\/d2dhunting.com\/es\/wp-json\/wp\/v2\/giftcard-category?post=19052"}],"curies":[{"name":"wp","href":"https:\/\/api.w.org\/{rel}","templated":true}]}}