{"id":19138,"date":"2025-04-07T10:12:16","date_gmt":"2025-04-07T10:12:16","guid":{"rendered":"https:\/\/d2dhunting.com\/product\/coffee-whiskey-willow-reserve\/"},"modified":"2025-04-07T10:23:23","modified_gmt":"2025-04-07T10:23:23","slug":"coffee-whiskey-willow-reserve","status":"publish","type":"product","link":"https:\/\/d2dhunting.com\/es\/product\/coffee-whiskey-willow-reserve\/","title":{"rendered":"Caf\u00e9 Whiskey Willow Reserve"},"content":{"rendered":"<p><strong>Tueste Medio Highlander Grogg<\/strong><\/p>\n<p>Nuestro Caf\u00e9 Whiskey Blend de Tueste Medio est\u00e1 inspirado en nuestros amigos Dallas y Nicki y su Whiskey Willow Ranch en Ozona Texas. Este tueste es una armoniosa mezcla de whisky a\u00f1ejo, rico chocolate, dulce caramelo y el aterciopelado encanto de los granos de caf\u00e9 de primera calidad. Elaborado con esmero y pasi\u00f3n, este caf\u00e9 le invita a saborear cada sorbo en el abrazo de las mejores ofrendas de la naturaleza.<\/p>\n<p>Suave sabor a caramelo de mantequilla y whisky<br \/>\nGranos de Ar\u00e1bica, aromatizados natural y artificialmente<br \/>\nGrano entero o molido<br \/>\n12oz (340g)<\/p>\n","protected":false},"excerpt":{"rendered":"<p><strong>Tueste Medio Highlander Grogg<\/strong><\/p>\n<p>Nuestro Caf\u00e9 Whiskey Blend de Tueste Medio est\u00e1 inspirado en nuestros amigos Dallas y Nicki y su Whiskey Willow Ranch en Ozona Texas. Este tueste es una armoniosa mezcla de whisky a\u00f1ejo, rico chocolate, dulce caramelo y el aterciopelado encanto de los granos de caf\u00e9 de primera calidad. Elaborado con esmero y pasi\u00f3n, este caf\u00e9 le invita a saborear cada sorbo en el abrazo de las mejores ofrendas de la naturaleza.<\/p>\n","protected":false},"featured_media":19137,"template":"","meta":{"_acf_changed":false},"pwb-brand":[3318],"product_brand":[],"product_cat":[3320,2849],"product_tag":[],"giftcard-category":[],"class_list":{"0":"post-19138","1":"product","2":"type-product","3":"status-publish","4":"has-post-thumbnail","6":"pwb-brand-the-hunting-day","7":"product_cat-cafe","8":"product_cat-hunting-gourmet-es","10":"first","11":"instock","12":"taxable","13":"shipping-taxable","14":"purchasable","15":"product-type-variable"},"acf":[],"yoast_head":"<!-- This site is optimized with the Yoast SEO plugin v27.2 - https:\/\/yoast.com\/product\/yoast-seo-wordpress\/ -->\n<title>Caf\u00e9 Whiskey Willow Reserve - D2D Hunting<\/title>\n<meta name=\"description\" content=\"Tueste Medio Highlander GroggNuestro Caf\u00e9 Whiskey Blend de Tueste Medio est\u00e1 inspirado en nuestros amigos Dallas y Nicki y su Whiskey Willow Ranch en Texas.\" \/>\n<meta name=\"robots\" content=\"index, follow, max-snippet:-1, max-image-preview:large, max-video-preview:-1\" \/>\n<link rel=\"canonical\" href=\"https:\/\/d2dhunting.com\/es\/product\/coffee-whiskey-willow-reserve\/\" \/>\n<meta property=\"og:locale\" content=\"es_ES\" \/>\n<meta property=\"og:type\" content=\"article\" \/>\n<meta property=\"og:title\" content=\"Caf\u00e9 Whiskey Willow Reserve - D2D Hunting\" \/>\n<meta property=\"og:description\" content=\"Tueste Medio Highlander GroggNuestro Caf\u00e9 Whiskey Blend de Tueste Medio est\u00e1 inspirado en nuestros amigos Dallas y Nicki y su Whiskey Willow Ranch en Texas.\" \/>\n<meta property=\"og:url\" content=\"https:\/\/d2dhunting.com\/es\/product\/coffee-whiskey-willow-reserve\/\" \/>\n<meta property=\"og:site_name\" content=\"D2D Hunting\" \/>\n<meta property=\"article:modified_time\" content=\"2025-04-07T10:23:23+00:00\" \/>\n<meta property=\"og:image\" content=\"https:\/\/d2dhunting.com\/wp-content\/uploads\/2025\/04\/WhiskeyWillow_FlatBottom.webp\" \/>\n\t<meta property=\"og:image:width\" content=\"713\" \/>\n\t<meta property=\"og:image:height\" content=\"734\" \/>\n\t<meta property=\"og:image:type\" content=\"image\/webp\" \/>\n<meta name=\"twitter:card\" content=\"summary_large_image\" \/>\n<meta name=\"twitter:label1\" content=\"Tiempo de lectura\" \/>\n\t<meta name=\"twitter:data1\" content=\"1 minuto\" \/>\n<script type=\"application\/ld+json\" class=\"yoast-schema-graph\">{\"@context\":\"https:\/\/schema.org\",\"@graph\":[{\"@type\":[\"WebPage\",\"CollectionPage\"],\"@id\":\"https:\/\/d2dhunting.com\/es\/product\/coffee-whiskey-willow-reserve\/\",\"url\":\"https:\/\/d2dhunting.com\/es\/product\/coffee-whiskey-willow-reserve\/\",\"name\":\"Caf\u00e9 Whiskey Willow Reserve - D2D Hunting\",\"isPartOf\":{\"@id\":\"https:\/\/d2dhunting.com\/#website\"},\"primaryImageOfPage\":{\"@id\":\"https:\/\/d2dhunting.com\/es\/product\/coffee-whiskey-willow-reserve\/#primaryimage\"},\"image\":{\"@id\":\"https:\/\/d2dhunting.com\/es\/product\/coffee-whiskey-willow-reserve\/#primaryimage\"},\"thumbnailUrl\":\"https:\/\/d2dhunting.com\/wp-content\/uploads\/2025\/04\/WhiskeyWillow_FlatBottom.webp\",\"datePublished\":\"2025-04-07T10:12:16+00:00\",\"dateModified\":\"2025-04-07T10:23:23+00:00\",\"description\":\"Tueste Medio Highlander GroggNuestro Caf\u00e9 Whiskey Blend de Tueste Medio est\u00e1 inspirado en nuestros amigos Dallas y Nicki y su Whiskey Willow Ranch en Texas.\",\"breadcrumb\":{\"@id\":\"https:\/\/d2dhunting.com\/es\/product\/coffee-whiskey-willow-reserve\/#breadcrumb\"},\"inLanguage\":\"es\"},{\"@type\":\"ImageObject\",\"inLanguage\":\"es\",\"@id\":\"https:\/\/d2dhunting.com\/es\/product\/coffee-whiskey-willow-reserve\/#primaryimage\",\"url\":\"https:\/\/d2dhunting.com\/wp-content\/uploads\/2025\/04\/WhiskeyWillow_FlatBottom.webp\",\"contentUrl\":\"https:\/\/d2dhunting.com\/wp-content\/uploads\/2025\/04\/WhiskeyWillow_FlatBottom.webp\",\"width\":713,\"height\":734},{\"@type\":\"BreadcrumbList\",\"@id\":\"https:\/\/d2dhunting.com\/es\/product\/coffee-whiskey-willow-reserve\/#breadcrumb\",\"itemListElement\":[{\"@type\":\"ListItem\",\"position\":1,\"name\":\"Home\",\"item\":\"https:\/\/d2dhunting.com\/es\/\"},{\"@type\":\"ListItem\",\"position\":2,\"name\":\"Tienda ES\",\"item\":\"https:\/\/d2dhunting.com\/es\/tienda-2\/\"},{\"@type\":\"ListItem\",\"position\":3,\"name\":\"Caf\u00e9 Whiskey Willow Reserve\"}]},{\"@type\":\"WebSite\",\"@id\":\"https:\/\/d2dhunting.com\/#website\",\"url\":\"https:\/\/d2dhunting.com\/\",\"name\":\"D2D Hunting\",\"description\":\"D2D was born with the idea of promoting still stalk hunting, through the distribution of quality equipment for the hunter.\",\"publisher\":{\"@id\":\"https:\/\/d2dhunting.com\/#organization\"},\"potentialAction\":[{\"@type\":\"SearchAction\",\"target\":{\"@type\":\"EntryPoint\",\"urlTemplate\":\"https:\/\/d2dhunting.com\/?s={search_term_string}\"},\"query-input\":{\"@type\":\"PropertyValueSpecification\",\"valueRequired\":true,\"valueName\":\"search_term_string\"}}],\"inLanguage\":\"es\"},{\"@type\":\"Organization\",\"@id\":\"https:\/\/d2dhunting.com\/#organization\",\"name\":\"D2D Hunting\",\"url\":\"https:\/\/d2dhunting.com\/\",\"logo\":{\"@type\":\"ImageObject\",\"inLanguage\":\"es\",\"@id\":\"https:\/\/d2dhunting.com\/#\/schema\/logo\/image\/\",\"url\":\"https:\/\/d2dhunting.com\/wp-content\/uploads\/2023\/12\/Logo_Completo.png\",\"contentUrl\":\"https:\/\/d2dhunting.com\/wp-content\/uploads\/2023\/12\/Logo_Completo.png\",\"width\":740,\"height\":308,\"caption\":\"D2D Hunting\"},\"image\":{\"@id\":\"https:\/\/d2dhunting.com\/#\/schema\/logo\/image\/\"}}]}<\/script>\n<!-- \/ Yoast SEO plugin. -->","yoast_head_json":{"title":"Caf\u00e9 Whiskey Willow Reserve - D2D Hunting","description":"Tueste Medio Highlander GroggNuestro Caf\u00e9 Whiskey Blend de Tueste Medio est\u00e1 inspirado en nuestros amigos Dallas y Nicki y su Whiskey Willow Ranch en Texas.","robots":{"index":"index","follow":"follow","max-snippet":"max-snippet:-1","max-image-preview":"max-image-preview:large","max-video-preview":"max-video-preview:-1"},"canonical":"https:\/\/d2dhunting.com\/es\/product\/coffee-whiskey-willow-reserve\/","og_locale":"es_ES","og_type":"article","og_title":"Caf\u00e9 Whiskey Willow Reserve - D2D Hunting","og_description":"Tueste Medio Highlander GroggNuestro Caf\u00e9 Whiskey Blend de Tueste Medio est\u00e1 inspirado en nuestros amigos Dallas y Nicki y su Whiskey Willow Ranch en Texas.","og_url":"https:\/\/d2dhunting.com\/es\/product\/coffee-whiskey-willow-reserve\/","og_site_name":"D2D Hunting","article_modified_time":"2025-04-07T10:23:23+00:00","og_image":[{"width":713,"height":734,"url":"https:\/\/d2dhunting.com\/wp-content\/uploads\/2025\/04\/WhiskeyWillow_FlatBottom.webp","type":"image\/webp"}],"twitter_card":"summary_large_image","twitter_misc":{"Tiempo de lectura":"1 minuto"},"schema":{"@context":"https:\/\/schema.org","@graph":[{"@type":["WebPage","CollectionPage"],"@id":"https:\/\/d2dhunting.com\/es\/product\/coffee-whiskey-willow-reserve\/","url":"https:\/\/d2dhunting.com\/es\/product\/coffee-whiskey-willow-reserve\/","name":"Caf\u00e9 Whiskey Willow Reserve - D2D Hunting","isPartOf":{"@id":"https:\/\/d2dhunting.com\/#website"},"primaryImageOfPage":{"@id":"https:\/\/d2dhunting.com\/es\/product\/coffee-whiskey-willow-reserve\/#primaryimage"},"image":{"@id":"https:\/\/d2dhunting.com\/es\/product\/coffee-whiskey-willow-reserve\/#primaryimage"},"thumbnailUrl":"https:\/\/d2dhunting.com\/wp-content\/uploads\/2025\/04\/WhiskeyWillow_FlatBottom.webp","datePublished":"2025-04-07T10:12:16+00:00","dateModified":"2025-04-07T10:23:23+00:00","description":"Tueste Medio Highlander GroggNuestro Caf\u00e9 Whiskey Blend de Tueste Medio est\u00e1 inspirado en nuestros amigos Dallas y Nicki y su Whiskey Willow Ranch en Texas.","breadcrumb":{"@id":"https:\/\/d2dhunting.com\/es\/product\/coffee-whiskey-willow-reserve\/#breadcrumb"},"inLanguage":"es"},{"@type":"ImageObject","inLanguage":"es","@id":"https:\/\/d2dhunting.com\/es\/product\/coffee-whiskey-willow-reserve\/#primaryimage","url":"https:\/\/d2dhunting.com\/wp-content\/uploads\/2025\/04\/WhiskeyWillow_FlatBottom.webp","contentUrl":"https:\/\/d2dhunting.com\/wp-content\/uploads\/2025\/04\/WhiskeyWillow_FlatBottom.webp","width":713,"height":734},{"@type":"BreadcrumbList","@id":"https:\/\/d2dhunting.com\/es\/product\/coffee-whiskey-willow-reserve\/#breadcrumb","itemListElement":[{"@type":"ListItem","position":1,"name":"Home","item":"https:\/\/d2dhunting.com\/es\/"},{"@type":"ListItem","position":2,"name":"Tienda ES","item":"https:\/\/d2dhunting.com\/es\/tienda-2\/"},{"@type":"ListItem","position":3,"name":"Caf\u00e9 Whiskey Willow Reserve"}]},{"@type":"WebSite","@id":"https:\/\/d2dhunting.com\/#website","url":"https:\/\/d2dhunting.com\/","name":"D2D Hunting","description":"D2D was born with the idea of promoting still stalk hunting, through the distribution of quality equipment for the hunter.","publisher":{"@id":"https:\/\/d2dhunting.com\/#organization"},"potentialAction":[{"@type":"SearchAction","target":{"@type":"EntryPoint","urlTemplate":"https:\/\/d2dhunting.com\/?s={search_term_string}"},"query-input":{"@type":"PropertyValueSpecification","valueRequired":true,"valueName":"search_term_string"}}],"inLanguage":"es"},{"@type":"Organization","@id":"https:\/\/d2dhunting.com\/#organization","name":"D2D Hunting","url":"https:\/\/d2dhunting.com\/","logo":{"@type":"ImageObject","inLanguage":"es","@id":"https:\/\/d2dhunting.com\/#\/schema\/logo\/image\/","url":"https:\/\/d2dhunting.com\/wp-content\/uploads\/2023\/12\/Logo_Completo.png","contentUrl":"https:\/\/d2dhunting.com\/wp-content\/uploads\/2023\/12\/Logo_Completo.png","width":740,"height":308,"caption":"D2D Hunting"},"image":{"@id":"https:\/\/d2dhunting.com\/#\/schema\/logo\/image\/"}}]}},"brands":[{"id":3318,"name":"The Hunting Day","slug":"the-hunting-day"}],"_links":{"self":[{"href":"https:\/\/d2dhunting.com\/es\/wp-json\/wp\/v2\/product\/19138","targetHints":{"allow":["GET"]}}],"collection":[{"href":"https:\/\/d2dhunting.com\/es\/wp-json\/wp\/v2\/product"}],"about":[{"href":"https:\/\/d2dhunting.com\/es\/wp-json\/wp\/v2\/types\/product"}],"wp:featuredmedia":[{"embeddable":true,"href":"https:\/\/d2dhunting.com\/es\/wp-json\/wp\/v2\/media\/19137"}],"wp:attachment":[{"href":"https:\/\/d2dhunting.com\/es\/wp-json\/wp\/v2\/media?parent=19138"}],"wp:term":[{"taxonomy":"pwb-brand","embeddable":true,"href":"https:\/\/d2dhunting.com\/es\/wp-json\/wp\/v2\/pwb-brand?post=19138"},{"taxonomy":"product_brand","embeddable":true,"href":"https:\/\/d2dhunting.com\/es\/wp-json\/wp\/v2\/product_brand?post=19138"},{"taxonomy":"product_cat","embeddable":true,"href":"https:\/\/d2dhunting.com\/es\/wp-json\/wp\/v2\/product_cat?post=19138"},{"taxonomy":"product_tag","embeddable":true,"href":"https:\/\/d2dhunting.com\/es\/wp-json\/wp\/v2\/product_tag?post=19138"},{"taxonomy":"giftcard-category","embeddable":true,"href":"https:\/\/d2dhunting.com\/es\/wp-json\/wp\/v2\/giftcard-category?post=19138"}],"curies":[{"name":"wp","href":"https:\/\/api.w.org\/{rel}","templated":true}]}}