{"id":19432,"date":"2025-05-22T08:50:27","date_gmt":"2025-05-22T08:50:27","guid":{"rendered":"https:\/\/d2dhunting.com\/product\/carbon-ss-climbing-sticks-4-pack\/"},"modified":"2025-05-22T08:53:54","modified_gmt":"2025-05-22T08:53:54","slug":"carbon-ss-climbing-sticks-4-pack","status":"publish","type":"product","link":"https:\/\/d2dhunting.com\/es\/product\/carbon-ss-climbing-sticks-4-pack\/","title":{"rendered":"Carbon SS Climbing Sticks 4-pack"},"content":{"rendered":"<div class=\"elementor-accordion-item\">\n<div id=\"elementor-tab-content-9831\" class=\"elementor-tab-content elementor-clearfix elementor-active\" role=\"region\" data-tab=\"1\" aria-labelledby=\"elementor-tab-title-9831\">\n<div class=\"elementor-accordion-item\">\n<div id=\"elementor-tab-content-9831\" class=\"elementor-tab-content elementor-clearfix elementor-active\" role=\"region\" data-tab=\"1\" aria-labelledby=\"elementor-tab-title-9831\">PELDA\u00d1OS DE CARBONO CARBON SS \u2013 PACK DE 4 Pelda\u00f1os 100% libres de metal. Los nuevos pelda\u00f1os Carbon SS est\u00e1n fabricados con un compuesto de fibra de carbono patentado, que acerca por primera vez, la tecnolog\u00eda aeroespacial moderna al bosque. La construcci\u00f3n es de una sola pieza, sin partes m\u00f3viles. Los pelda\u00f1os se apilan creando un conjunto de muy bajo perfil. El sistema de fijaci\u00f3n con cuerda Amsteel (pendiente de patente) es de muy f\u00e1cil uso y alta resistencia. Con un peso de solo 19 onzas (538 g.) cada uno y fabricados en USA, estos palos han sido pensados para el cazador m\u00f3vil, ya sea desde treestand o saddle. Y para subir a\u00fan m\u00e1s alto cuando la situaci\u00f3n lo requiera, sin tener que cargar con el volumen de llevar pelda\u00f1os adicionales, recomendamos el uso de nuestros aiders. Con estos escalones de amsteel a\u00f1adidos, se duplica el alcance de cada pelda\u00f1o. (Se venden por separado)<\/div>\n<\/div>\n<div class=\"elementor-accordion-item\">\n<div id=\"elementor-tab-title-9832\" class=\"elementor-tab-title\" role=\"button\" data-tab=\"2\" aria-controls=\"elementor-tab-content-9832\" aria-expanded=\"false\"><\/div>\n<\/div>\n<\/div>\n<\/div>\n","protected":false},"excerpt":{"rendered":"<p>PELDA\u00d1OS DE CARBONO CARBON SS \u2013 PACK DE 4 Pelda\u00f1os 100% libres de metal. Los nuevos pelda\u00f1os Carbon SS est\u00e1n fabricados con un compuesto de fibra de carbono patentado, que acerca por primera vez, la tecnolog\u00eda aeroespacial moderna al bosque. La construcci\u00f3n es de una sola pieza, sin partes m\u00f3viles. Los pelda\u00f1os se apilan creando [&hellip;]<\/p>\n","protected":false},"featured_media":19421,"template":"","meta":{"_acf_changed":false},"pwb-brand":[837],"product_brand":[],"product_cat":[201,1001],"product_tag":[2269,1820],"giftcard-category":[],"class_list":{"0":"post-19432","1":"product","2":"type-product","3":"status-publish","4":"has-post-thumbnail","6":"pwb-brand-latitude","7":"product_cat-plataformas-y-peldanos","8":"product_cat-saddle","9":"product_tag-coming-soon-es","10":"product_tag-xwing-es","12":"first","13":"instock","14":"taxable","15":"shipping-taxable","16":"purchasable","17":"product-type-simple"},"acf":[],"yoast_head":"<!-- This site is optimized with the Yoast SEO plugin v27.2 - https:\/\/yoast.com\/product\/yoast-seo-wordpress\/ -->\n<title>Carbon SS Climbing Sticks 4-pack - D2D Hunting<\/title>\n<meta name=\"robots\" content=\"index, follow, max-snippet:-1, max-image-preview:large, max-video-preview:-1\" \/>\n<link rel=\"canonical\" href=\"https:\/\/d2dhunting.com\/es\/product\/carbon-ss-climbing-sticks-4-pack\/\" \/>\n<meta property=\"og:locale\" content=\"es_ES\" \/>\n<meta property=\"og:type\" content=\"article\" \/>\n<meta property=\"og:title\" content=\"Carbon SS Climbing Sticks 4-pack - D2D Hunting\" \/>\n<meta property=\"og:description\" content=\"PELDA\u00d1OS DE CARBONO CARBON SS \u2013 PACK DE 4 Pelda\u00f1os 100% libres de metal. Los nuevos pelda\u00f1os Carbon SS est\u00e1n fabricados con un compuesto de fibra de carbono patentado, que acerca por primera vez, la tecnolog\u00eda aeroespacial moderna al bosque. La construcci\u00f3n es de una sola pieza, sin partes m\u00f3viles. Los pelda\u00f1os se apilan creando [&hellip;]\" \/>\n<meta property=\"og:url\" content=\"https:\/\/d2dhunting.com\/es\/product\/carbon-ss-climbing-sticks-4-pack\/\" \/>\n<meta property=\"og:site_name\" content=\"D2D Hunting\" \/>\n<meta property=\"article:modified_time\" content=\"2025-05-22T08:53:54+00:00\" \/>\n<meta property=\"og:image\" content=\"https:\/\/d2dhunting.com\/wp-content\/uploads\/2025\/05\/CS-4pk-1-2.webp\" \/>\n\t<meta property=\"og:image:width\" content=\"800\" \/>\n\t<meta property=\"og:image:height\" content=\"800\" \/>\n\t<meta property=\"og:image:type\" content=\"image\/webp\" \/>\n<meta name=\"twitter:card\" content=\"summary_large_image\" \/>\n<meta name=\"twitter:label1\" content=\"Tiempo de lectura\" \/>\n\t<meta name=\"twitter:data1\" content=\"1 minuto\" \/>\n<script type=\"application\/ld+json\" class=\"yoast-schema-graph\">{\"@context\":\"https:\/\/schema.org\",\"@graph\":[{\"@type\":[\"WebPage\",\"CollectionPage\"],\"@id\":\"https:\/\/d2dhunting.com\/es\/product\/carbon-ss-climbing-sticks-4-pack\/\",\"url\":\"https:\/\/d2dhunting.com\/es\/product\/carbon-ss-climbing-sticks-4-pack\/\",\"name\":\"Carbon SS Climbing Sticks 4-pack - D2D Hunting\",\"isPartOf\":{\"@id\":\"https:\/\/d2dhunting.com\/#website\"},\"primaryImageOfPage\":{\"@id\":\"https:\/\/d2dhunting.com\/es\/product\/carbon-ss-climbing-sticks-4-pack\/#primaryimage\"},\"image\":{\"@id\":\"https:\/\/d2dhunting.com\/es\/product\/carbon-ss-climbing-sticks-4-pack\/#primaryimage\"},\"thumbnailUrl\":\"https:\/\/d2dhunting.com\/wp-content\/uploads\/2025\/05\/CS-4pk-1-2.webp\",\"datePublished\":\"2025-05-22T08:50:27+00:00\",\"dateModified\":\"2025-05-22T08:53:54+00:00\",\"breadcrumb\":{\"@id\":\"https:\/\/d2dhunting.com\/es\/product\/carbon-ss-climbing-sticks-4-pack\/#breadcrumb\"},\"inLanguage\":\"es\"},{\"@type\":\"ImageObject\",\"inLanguage\":\"es\",\"@id\":\"https:\/\/d2dhunting.com\/es\/product\/carbon-ss-climbing-sticks-4-pack\/#primaryimage\",\"url\":\"https:\/\/d2dhunting.com\/wp-content\/uploads\/2025\/05\/CS-4pk-1-2.webp\",\"contentUrl\":\"https:\/\/d2dhunting.com\/wp-content\/uploads\/2025\/05\/CS-4pk-1-2.webp\",\"width\":800,\"height\":800},{\"@type\":\"BreadcrumbList\",\"@id\":\"https:\/\/d2dhunting.com\/es\/product\/carbon-ss-climbing-sticks-4-pack\/#breadcrumb\",\"itemListElement\":[{\"@type\":\"ListItem\",\"position\":1,\"name\":\"Home\",\"item\":\"https:\/\/d2dhunting.com\/es\/\"},{\"@type\":\"ListItem\",\"position\":2,\"name\":\"Tienda ES\",\"item\":\"https:\/\/d2dhunting.com\/es\/tienda-2\/\"},{\"@type\":\"ListItem\",\"position\":3,\"name\":\"Carbon SS Climbing Sticks 4-pack\"}]},{\"@type\":\"WebSite\",\"@id\":\"https:\/\/d2dhunting.com\/#website\",\"url\":\"https:\/\/d2dhunting.com\/\",\"name\":\"D2D Hunting\",\"description\":\"D2D was born with the idea of promoting still stalk hunting, through the distribution of quality equipment for the hunter.\",\"publisher\":{\"@id\":\"https:\/\/d2dhunting.com\/#organization\"},\"potentialAction\":[{\"@type\":\"SearchAction\",\"target\":{\"@type\":\"EntryPoint\",\"urlTemplate\":\"https:\/\/d2dhunting.com\/?s={search_term_string}\"},\"query-input\":{\"@type\":\"PropertyValueSpecification\",\"valueRequired\":true,\"valueName\":\"search_term_string\"}}],\"inLanguage\":\"es\"},{\"@type\":\"Organization\",\"@id\":\"https:\/\/d2dhunting.com\/#organization\",\"name\":\"D2D Hunting\",\"url\":\"https:\/\/d2dhunting.com\/\",\"logo\":{\"@type\":\"ImageObject\",\"inLanguage\":\"es\",\"@id\":\"https:\/\/d2dhunting.com\/#\/schema\/logo\/image\/\",\"url\":\"https:\/\/d2dhunting.com\/wp-content\/uploads\/2023\/12\/Logo_Completo.png\",\"contentUrl\":\"https:\/\/d2dhunting.com\/wp-content\/uploads\/2023\/12\/Logo_Completo.png\",\"width\":740,\"height\":308,\"caption\":\"D2D Hunting\"},\"image\":{\"@id\":\"https:\/\/d2dhunting.com\/#\/schema\/logo\/image\/\"}}]}<\/script>\n<!-- \/ Yoast SEO plugin. -->","yoast_head_json":{"title":"Carbon SS Climbing Sticks 4-pack - D2D Hunting","robots":{"index":"index","follow":"follow","max-snippet":"max-snippet:-1","max-image-preview":"max-image-preview:large","max-video-preview":"max-video-preview:-1"},"canonical":"https:\/\/d2dhunting.com\/es\/product\/carbon-ss-climbing-sticks-4-pack\/","og_locale":"es_ES","og_type":"article","og_title":"Carbon SS Climbing Sticks 4-pack - D2D Hunting","og_description":"PELDA\u00d1OS DE CARBONO CARBON SS \u2013 PACK DE 4 Pelda\u00f1os 100% libres de metal. Los nuevos pelda\u00f1os Carbon SS est\u00e1n fabricados con un compuesto de fibra de carbono patentado, que acerca por primera vez, la tecnolog\u00eda aeroespacial moderna al bosque. La construcci\u00f3n es de una sola pieza, sin partes m\u00f3viles. Los pelda\u00f1os se apilan creando [&hellip;]","og_url":"https:\/\/d2dhunting.com\/es\/product\/carbon-ss-climbing-sticks-4-pack\/","og_site_name":"D2D Hunting","article_modified_time":"2025-05-22T08:53:54+00:00","og_image":[{"width":800,"height":800,"url":"https:\/\/d2dhunting.com\/wp-content\/uploads\/2025\/05\/CS-4pk-1-2.webp","type":"image\/webp"}],"twitter_card":"summary_large_image","twitter_misc":{"Tiempo de lectura":"1 minuto"},"schema":{"@context":"https:\/\/schema.org","@graph":[{"@type":["WebPage","CollectionPage"],"@id":"https:\/\/d2dhunting.com\/es\/product\/carbon-ss-climbing-sticks-4-pack\/","url":"https:\/\/d2dhunting.com\/es\/product\/carbon-ss-climbing-sticks-4-pack\/","name":"Carbon SS Climbing Sticks 4-pack - D2D Hunting","isPartOf":{"@id":"https:\/\/d2dhunting.com\/#website"},"primaryImageOfPage":{"@id":"https:\/\/d2dhunting.com\/es\/product\/carbon-ss-climbing-sticks-4-pack\/#primaryimage"},"image":{"@id":"https:\/\/d2dhunting.com\/es\/product\/carbon-ss-climbing-sticks-4-pack\/#primaryimage"},"thumbnailUrl":"https:\/\/d2dhunting.com\/wp-content\/uploads\/2025\/05\/CS-4pk-1-2.webp","datePublished":"2025-05-22T08:50:27+00:00","dateModified":"2025-05-22T08:53:54+00:00","breadcrumb":{"@id":"https:\/\/d2dhunting.com\/es\/product\/carbon-ss-climbing-sticks-4-pack\/#breadcrumb"},"inLanguage":"es"},{"@type":"ImageObject","inLanguage":"es","@id":"https:\/\/d2dhunting.com\/es\/product\/carbon-ss-climbing-sticks-4-pack\/#primaryimage","url":"https:\/\/d2dhunting.com\/wp-content\/uploads\/2025\/05\/CS-4pk-1-2.webp","contentUrl":"https:\/\/d2dhunting.com\/wp-content\/uploads\/2025\/05\/CS-4pk-1-2.webp","width":800,"height":800},{"@type":"BreadcrumbList","@id":"https:\/\/d2dhunting.com\/es\/product\/carbon-ss-climbing-sticks-4-pack\/#breadcrumb","itemListElement":[{"@type":"ListItem","position":1,"name":"Home","item":"https:\/\/d2dhunting.com\/es\/"},{"@type":"ListItem","position":2,"name":"Tienda ES","item":"https:\/\/d2dhunting.com\/es\/tienda-2\/"},{"@type":"ListItem","position":3,"name":"Carbon SS Climbing Sticks 4-pack"}]},{"@type":"WebSite","@id":"https:\/\/d2dhunting.com\/#website","url":"https:\/\/d2dhunting.com\/","name":"D2D Hunting","description":"D2D was born with the idea of promoting still stalk hunting, through the distribution of quality equipment for the hunter.","publisher":{"@id":"https:\/\/d2dhunting.com\/#organization"},"potentialAction":[{"@type":"SearchAction","target":{"@type":"EntryPoint","urlTemplate":"https:\/\/d2dhunting.com\/?s={search_term_string}"},"query-input":{"@type":"PropertyValueSpecification","valueRequired":true,"valueName":"search_term_string"}}],"inLanguage":"es"},{"@type":"Organization","@id":"https:\/\/d2dhunting.com\/#organization","name":"D2D Hunting","url":"https:\/\/d2dhunting.com\/","logo":{"@type":"ImageObject","inLanguage":"es","@id":"https:\/\/d2dhunting.com\/#\/schema\/logo\/image\/","url":"https:\/\/d2dhunting.com\/wp-content\/uploads\/2023\/12\/Logo_Completo.png","contentUrl":"https:\/\/d2dhunting.com\/wp-content\/uploads\/2023\/12\/Logo_Completo.png","width":740,"height":308,"caption":"D2D Hunting"},"image":{"@id":"https:\/\/d2dhunting.com\/#\/schema\/logo\/image\/"}}]}},"brands":[{"id":837,"name":"LATITUDE","slug":"latitude"}],"_links":{"self":[{"href":"https:\/\/d2dhunting.com\/es\/wp-json\/wp\/v2\/product\/19432","targetHints":{"allow":["GET"]}}],"collection":[{"href":"https:\/\/d2dhunting.com\/es\/wp-json\/wp\/v2\/product"}],"about":[{"href":"https:\/\/d2dhunting.com\/es\/wp-json\/wp\/v2\/types\/product"}],"wp:featuredmedia":[{"embeddable":true,"href":"https:\/\/d2dhunting.com\/es\/wp-json\/wp\/v2\/media\/19421"}],"wp:attachment":[{"href":"https:\/\/d2dhunting.com\/es\/wp-json\/wp\/v2\/media?parent=19432"}],"wp:term":[{"taxonomy":"pwb-brand","embeddable":true,"href":"https:\/\/d2dhunting.com\/es\/wp-json\/wp\/v2\/pwb-brand?post=19432"},{"taxonomy":"product_brand","embeddable":true,"href":"https:\/\/d2dhunting.com\/es\/wp-json\/wp\/v2\/product_brand?post=19432"},{"taxonomy":"product_cat","embeddable":true,"href":"https:\/\/d2dhunting.com\/es\/wp-json\/wp\/v2\/product_cat?post=19432"},{"taxonomy":"product_tag","embeddable":true,"href":"https:\/\/d2dhunting.com\/es\/wp-json\/wp\/v2\/product_tag?post=19432"},{"taxonomy":"giftcard-category","embeddable":true,"href":"https:\/\/d2dhunting.com\/es\/wp-json\/wp\/v2\/giftcard-category?post=19432"}],"curies":[{"name":"wp","href":"https:\/\/api.w.org\/{rel}","templated":true}]}}