{"id":19513,"date":"2025-06-20T09:26:24","date_gmt":"2025-06-20T09:26:24","guid":{"rendered":"https:\/\/d2dhunting.com\/product\/quick-draw-gear-hanger\/"},"modified":"2026-01-27T19:32:30","modified_gmt":"2026-01-27T19:32:30","slug":"quick-draw-gear-hanger","status":"publish","type":"product","link":"https:\/\/d2dhunting.com\/es\/product\/quick-draw-gear-hanger\/","title":{"rendered":"Cuelga plataforma"},"content":{"rendered":"<p>El Quick Draw Gear Hanger es una herramienta esencial para los cazadores que necesitan una forma eficaz y c\u00f3moda de transportar su equipo hasta lo alto de un \u00e1rbol. Dise\u00f1ado para una r\u00e1pida fijaci\u00f3n y liberaci\u00f3n, este colgador est\u00e1 fabricado con dos resistentes bucles de cinta, dos deslizadores de goma para mayor estabilidad y una hebilla de pl\u00e1stico de liberaci\u00f3n lateral para una fijaci\u00f3n segura.<\/p>\n<p>Fijar el Quick Draw Gear Hanger es muy sencillo. Solo tienes que enganchar uno de los bucles de cinta al sistema MOLLE de tu saddle y el otro a tu equipo, ya sea una plataforma, bastones de escalada u otro tipo de equipo. Una vez en el \u00e1rbol, saca tu equipo de la mochila, abrocha la hebilla y ya est\u00e1s listo para escalar.<\/p>\n","protected":false},"excerpt":{"rendered":"<p>El Quick Draw Gear Hanger es una herramienta esencial para los cazadores que necesitan una forma eficaz y c\u00f3moda de transportar su equipo hasta lo alto de un \u00e1rbol. Dise\u00f1ado para una r\u00e1pida fijaci\u00f3n y liberaci\u00f3n, este colgador est\u00e1 fabricado con dos resistentes bucles de cinta, dos deslizadores de goma para mayor estabilidad y una [&hellip;]<\/p>\n","protected":false},"featured_media":19508,"template":"","meta":{"_acf_changed":false},"pwb-brand":[837],"product_brand":[],"product_cat":[228,1001],"product_tag":[],"giftcard-category":[],"class_list":{"0":"post-19513","1":"product","2":"type-product","3":"status-publish","4":"has-post-thumbnail","6":"pwb-brand-latitude","7":"product_cat-saddle-accessories-es","8":"product_cat-saddle","10":"first","11":"instock","12":"taxable","13":"shipping-taxable","14":"purchasable","15":"product-type-simple"},"acf":[],"yoast_head":"<!-- This site is optimized with the Yoast SEO plugin v27.2 - https:\/\/yoast.com\/product\/yoast-seo-wordpress\/ -->\n<title>Cuelga plataforma - D2D Hunting<\/title>\n<meta name=\"robots\" content=\"index, follow, max-snippet:-1, max-image-preview:large, max-video-preview:-1\" \/>\n<link rel=\"canonical\" href=\"https:\/\/d2dhunting.com\/es\/product\/quick-draw-gear-hanger\/\" \/>\n<meta property=\"og:locale\" content=\"es_ES\" \/>\n<meta property=\"og:type\" content=\"article\" \/>\n<meta property=\"og:title\" content=\"Cuelga plataforma - D2D Hunting\" \/>\n<meta property=\"og:description\" content=\"El Quick Draw Gear Hanger es una herramienta esencial para los cazadores que necesitan una forma eficaz y c\u00f3moda de transportar su equipo hasta lo alto de un \u00e1rbol. Dise\u00f1ado para una r\u00e1pida fijaci\u00f3n y liberaci\u00f3n, este colgador est\u00e1 fabricado con dos resistentes bucles de cinta, dos deslizadores de goma para mayor estabilidad y una [&hellip;]\" \/>\n<meta property=\"og:url\" content=\"https:\/\/d2dhunting.com\/es\/product\/quick-draw-gear-hanger\/\" \/>\n<meta property=\"og:site_name\" content=\"D2D Hunting\" \/>\n<meta property=\"article:modified_time\" content=\"2026-01-27T19:32:30+00:00\" \/>\n<meta property=\"og:image\" content=\"https:\/\/d2dhunting.com\/wp-content\/uploads\/2025\/06\/gearhanger-image-1.webp\" \/>\n\t<meta property=\"og:image:width\" content=\"800\" \/>\n\t<meta property=\"og:image:height\" content=\"800\" \/>\n\t<meta property=\"og:image:type\" content=\"image\/webp\" \/>\n<meta name=\"twitter:card\" content=\"summary_large_image\" \/>\n<meta name=\"twitter:label1\" content=\"Tiempo de lectura\" \/>\n\t<meta name=\"twitter:data1\" content=\"1 minuto\" \/>\n<script type=\"application\/ld+json\" class=\"yoast-schema-graph\">{\"@context\":\"https:\/\/schema.org\",\"@graph\":[{\"@type\":[\"WebPage\",\"CollectionPage\"],\"@id\":\"https:\/\/d2dhunting.com\/es\/product\/quick-draw-gear-hanger\/\",\"url\":\"https:\/\/d2dhunting.com\/es\/product\/quick-draw-gear-hanger\/\",\"name\":\"Cuelga plataforma - D2D Hunting\",\"isPartOf\":{\"@id\":\"https:\/\/d2dhunting.com\/#website\"},\"primaryImageOfPage\":{\"@id\":\"https:\/\/d2dhunting.com\/es\/product\/quick-draw-gear-hanger\/#primaryimage\"},\"image\":{\"@id\":\"https:\/\/d2dhunting.com\/es\/product\/quick-draw-gear-hanger\/#primaryimage\"},\"thumbnailUrl\":\"https:\/\/d2dhunting.com\/wp-content\/uploads\/2025\/06\/gearhanger-image-1.webp\",\"datePublished\":\"2025-06-20T09:26:24+00:00\",\"dateModified\":\"2026-01-27T19:32:30+00:00\",\"breadcrumb\":{\"@id\":\"https:\/\/d2dhunting.com\/es\/product\/quick-draw-gear-hanger\/#breadcrumb\"},\"inLanguage\":\"es\"},{\"@type\":\"ImageObject\",\"inLanguage\":\"es\",\"@id\":\"https:\/\/d2dhunting.com\/es\/product\/quick-draw-gear-hanger\/#primaryimage\",\"url\":\"https:\/\/d2dhunting.com\/wp-content\/uploads\/2025\/06\/gearhanger-image-1.webp\",\"contentUrl\":\"https:\/\/d2dhunting.com\/wp-content\/uploads\/2025\/06\/gearhanger-image-1.webp\",\"width\":800,\"height\":800},{\"@type\":\"BreadcrumbList\",\"@id\":\"https:\/\/d2dhunting.com\/es\/product\/quick-draw-gear-hanger\/#breadcrumb\",\"itemListElement\":[{\"@type\":\"ListItem\",\"position\":1,\"name\":\"Home\",\"item\":\"https:\/\/d2dhunting.com\/es\/\"},{\"@type\":\"ListItem\",\"position\":2,\"name\":\"Tienda ES\",\"item\":\"https:\/\/d2dhunting.com\/es\/tienda-2\/\"},{\"@type\":\"ListItem\",\"position\":3,\"name\":\"Cuelga plataforma\"}]},{\"@type\":\"WebSite\",\"@id\":\"https:\/\/d2dhunting.com\/#website\",\"url\":\"https:\/\/d2dhunting.com\/\",\"name\":\"D2D Hunting\",\"description\":\"D2D was born with the idea of promoting still stalk hunting, through the distribution of quality equipment for the hunter.\",\"publisher\":{\"@id\":\"https:\/\/d2dhunting.com\/#organization\"},\"potentialAction\":[{\"@type\":\"SearchAction\",\"target\":{\"@type\":\"EntryPoint\",\"urlTemplate\":\"https:\/\/d2dhunting.com\/?s={search_term_string}\"},\"query-input\":{\"@type\":\"PropertyValueSpecification\",\"valueRequired\":true,\"valueName\":\"search_term_string\"}}],\"inLanguage\":\"es\"},{\"@type\":\"Organization\",\"@id\":\"https:\/\/d2dhunting.com\/#organization\",\"name\":\"D2D Hunting\",\"url\":\"https:\/\/d2dhunting.com\/\",\"logo\":{\"@type\":\"ImageObject\",\"inLanguage\":\"es\",\"@id\":\"https:\/\/d2dhunting.com\/#\/schema\/logo\/image\/\",\"url\":\"https:\/\/d2dhunting.com\/wp-content\/uploads\/2023\/12\/Logo_Completo.png\",\"contentUrl\":\"https:\/\/d2dhunting.com\/wp-content\/uploads\/2023\/12\/Logo_Completo.png\",\"width\":740,\"height\":308,\"caption\":\"D2D Hunting\"},\"image\":{\"@id\":\"https:\/\/d2dhunting.com\/#\/schema\/logo\/image\/\"}}]}<\/script>\n<!-- \/ Yoast SEO plugin. -->","yoast_head_json":{"title":"Cuelga plataforma - D2D Hunting","robots":{"index":"index","follow":"follow","max-snippet":"max-snippet:-1","max-image-preview":"max-image-preview:large","max-video-preview":"max-video-preview:-1"},"canonical":"https:\/\/d2dhunting.com\/es\/product\/quick-draw-gear-hanger\/","og_locale":"es_ES","og_type":"article","og_title":"Cuelga plataforma - D2D Hunting","og_description":"El Quick Draw Gear Hanger es una herramienta esencial para los cazadores que necesitan una forma eficaz y c\u00f3moda de transportar su equipo hasta lo alto de un \u00e1rbol. Dise\u00f1ado para una r\u00e1pida fijaci\u00f3n y liberaci\u00f3n, este colgador est\u00e1 fabricado con dos resistentes bucles de cinta, dos deslizadores de goma para mayor estabilidad y una [&hellip;]","og_url":"https:\/\/d2dhunting.com\/es\/product\/quick-draw-gear-hanger\/","og_site_name":"D2D Hunting","article_modified_time":"2026-01-27T19:32:30+00:00","og_image":[{"width":800,"height":800,"url":"https:\/\/d2dhunting.com\/wp-content\/uploads\/2025\/06\/gearhanger-image-1.webp","type":"image\/webp"}],"twitter_card":"summary_large_image","twitter_misc":{"Tiempo de lectura":"1 minuto"},"schema":{"@context":"https:\/\/schema.org","@graph":[{"@type":["WebPage","CollectionPage"],"@id":"https:\/\/d2dhunting.com\/es\/product\/quick-draw-gear-hanger\/","url":"https:\/\/d2dhunting.com\/es\/product\/quick-draw-gear-hanger\/","name":"Cuelga plataforma - D2D Hunting","isPartOf":{"@id":"https:\/\/d2dhunting.com\/#website"},"primaryImageOfPage":{"@id":"https:\/\/d2dhunting.com\/es\/product\/quick-draw-gear-hanger\/#primaryimage"},"image":{"@id":"https:\/\/d2dhunting.com\/es\/product\/quick-draw-gear-hanger\/#primaryimage"},"thumbnailUrl":"https:\/\/d2dhunting.com\/wp-content\/uploads\/2025\/06\/gearhanger-image-1.webp","datePublished":"2025-06-20T09:26:24+00:00","dateModified":"2026-01-27T19:32:30+00:00","breadcrumb":{"@id":"https:\/\/d2dhunting.com\/es\/product\/quick-draw-gear-hanger\/#breadcrumb"},"inLanguage":"es"},{"@type":"ImageObject","inLanguage":"es","@id":"https:\/\/d2dhunting.com\/es\/product\/quick-draw-gear-hanger\/#primaryimage","url":"https:\/\/d2dhunting.com\/wp-content\/uploads\/2025\/06\/gearhanger-image-1.webp","contentUrl":"https:\/\/d2dhunting.com\/wp-content\/uploads\/2025\/06\/gearhanger-image-1.webp","width":800,"height":800},{"@type":"BreadcrumbList","@id":"https:\/\/d2dhunting.com\/es\/product\/quick-draw-gear-hanger\/#breadcrumb","itemListElement":[{"@type":"ListItem","position":1,"name":"Home","item":"https:\/\/d2dhunting.com\/es\/"},{"@type":"ListItem","position":2,"name":"Tienda ES","item":"https:\/\/d2dhunting.com\/es\/tienda-2\/"},{"@type":"ListItem","position":3,"name":"Cuelga plataforma"}]},{"@type":"WebSite","@id":"https:\/\/d2dhunting.com\/#website","url":"https:\/\/d2dhunting.com\/","name":"D2D Hunting","description":"D2D was born with the idea of promoting still stalk hunting, through the distribution of quality equipment for the hunter.","publisher":{"@id":"https:\/\/d2dhunting.com\/#organization"},"potentialAction":[{"@type":"SearchAction","target":{"@type":"EntryPoint","urlTemplate":"https:\/\/d2dhunting.com\/?s={search_term_string}"},"query-input":{"@type":"PropertyValueSpecification","valueRequired":true,"valueName":"search_term_string"}}],"inLanguage":"es"},{"@type":"Organization","@id":"https:\/\/d2dhunting.com\/#organization","name":"D2D Hunting","url":"https:\/\/d2dhunting.com\/","logo":{"@type":"ImageObject","inLanguage":"es","@id":"https:\/\/d2dhunting.com\/#\/schema\/logo\/image\/","url":"https:\/\/d2dhunting.com\/wp-content\/uploads\/2023\/12\/Logo_Completo.png","contentUrl":"https:\/\/d2dhunting.com\/wp-content\/uploads\/2023\/12\/Logo_Completo.png","width":740,"height":308,"caption":"D2D Hunting"},"image":{"@id":"https:\/\/d2dhunting.com\/#\/schema\/logo\/image\/"}}]}},"brands":[{"id":837,"name":"LATITUDE","slug":"latitude"}],"_links":{"self":[{"href":"https:\/\/d2dhunting.com\/es\/wp-json\/wp\/v2\/product\/19513","targetHints":{"allow":["GET"]}}],"collection":[{"href":"https:\/\/d2dhunting.com\/es\/wp-json\/wp\/v2\/product"}],"about":[{"href":"https:\/\/d2dhunting.com\/es\/wp-json\/wp\/v2\/types\/product"}],"wp:featuredmedia":[{"embeddable":true,"href":"https:\/\/d2dhunting.com\/es\/wp-json\/wp\/v2\/media\/19508"}],"wp:attachment":[{"href":"https:\/\/d2dhunting.com\/es\/wp-json\/wp\/v2\/media?parent=19513"}],"wp:term":[{"taxonomy":"pwb-brand","embeddable":true,"href":"https:\/\/d2dhunting.com\/es\/wp-json\/wp\/v2\/pwb-brand?post=19513"},{"taxonomy":"product_brand","embeddable":true,"href":"https:\/\/d2dhunting.com\/es\/wp-json\/wp\/v2\/product_brand?post=19513"},{"taxonomy":"product_cat","embeddable":true,"href":"https:\/\/d2dhunting.com\/es\/wp-json\/wp\/v2\/product_cat?post=19513"},{"taxonomy":"product_tag","embeddable":true,"href":"https:\/\/d2dhunting.com\/es\/wp-json\/wp\/v2\/product_tag?post=19513"},{"taxonomy":"giftcard-category","embeddable":true,"href":"https:\/\/d2dhunting.com\/es\/wp-json\/wp\/v2\/giftcard-category?post=19513"}],"curies":[{"name":"wp","href":"https:\/\/api.w.org\/{rel}","templated":true}]}}