{"id":19684,"date":"2025-07-24T09:00:24","date_gmt":"2025-07-24T09:00:24","guid":{"rendered":"https:\/\/d2dhunting.com\/product\/blind-pentagon-heavy-duty-crater-harvest-outlet\/"},"modified":"2025-11-21T19:04:57","modified_gmt":"2025-11-21T19:04:57","slug":"blind-pentagon-heavy-duty-crater-harvest-outlet","status":"publish","type":"product","link":"https:\/\/d2dhunting.com\/es\/product\/blind-pentagon-heavy-duty-crater-harvest-outlet\/","title":{"rendered":"BLIND PENTAGON\u2122 HEAVY-DUTY CRATER\u2122 HARVEST OUTLET"},"content":{"rendered":"<p><em><strong>Este blind ha sido utilizado exclusivamente como unidad de exposici\u00f3n durante la feria Cineg\u00e9tica. No ha sido usado en campo ni presenta da\u00f1os, pero por haber estado en exhibici\u00f3n, lo ofrecemos con un precio especial en nuestra secci\u00f3n outlet. Una ocasi\u00f3n perfecta para hacerte con un producto de alta calidad a un precio reducido.<\/strong><\/em><\/p>\n<p>&nbsp;<\/p>\n<p>El Pentagon\u2122 Heavy-Duty tiene un enorme espacio interior de 41,5 sq.ft. (3,86m2). Su forma de pent\u00e1gono proporciona un 70% m\u00e1s de espacio interior que un blind cl\u00e1sico de 4 lados del mismo tama\u00f1o. El Pentagon\u2122 Heavy-Duty est\u00e1 confeccionado con un tejido de poli\u00e9ster impermeable de 600 deniers para mayor durabilidad. La tela tiene efecto cepillado para reducir los reflejos. Las ventanas son bajas para facilitar la visibilidad mientras se est\u00e1 sentado y la malla de las ventanas centrales tiene una tronera para proporcionar m\u00faltiples opciones de disparo seg\u00fan preferencias.<\/p>\n","protected":false},"excerpt":{"rendered":"<p>El Pentagon\u2122 Heavy-Duty tiene un enorme espacio interior de 41,5 sq.ft. (3,86m2). Su forma de pent\u00e1gono proporciona un 70% m\u00e1s de espacio interior&#8230;<\/p>\n","protected":false},"featured_media":19675,"template":"","meta":{"_acf_changed":false},"pwb-brand":[31],"product_brand":[],"product_cat":[3441],"product_tag":[],"giftcard-category":[],"class_list":{"0":"post-19684","1":"product","2":"type-product","3":"status-publish","4":"has-post-thumbnail","6":"pwb-brand-barronett","7":"product_cat-outlet-es","9":"first","10":"outofstock","11":"sale","12":"taxable","13":"shipping-taxable","14":"purchasable","15":"product-type-simple"},"acf":[],"yoast_head":"<!-- This site is optimized with the Yoast SEO plugin v27.2 - https:\/\/yoast.com\/product\/yoast-seo-wordpress\/ -->\n<title>BLIND PENTAGON\u2122 HEAVY-DUTY CRATER\u2122 HARVEST OUTLET - D2D Hunting<\/title>\n<meta name=\"description\" content=\"Este blind ha sido utilizado exclusivamente como unidad de exposici\u00f3n durante la feria Cineg\u00e9tica. No ha sido usado en campo ni presenta da\u00f1os\" \/>\n<meta name=\"robots\" content=\"index, follow, max-snippet:-1, max-image-preview:large, max-video-preview:-1\" \/>\n<link rel=\"canonical\" href=\"https:\/\/d2dhunting.com\/es\/product\/blind-pentagon-heavy-duty-crater-harvest-outlet\/\" \/>\n<meta property=\"og:locale\" content=\"es_ES\" \/>\n<meta property=\"og:type\" content=\"article\" \/>\n<meta property=\"og:title\" content=\"BLIND PENTAGON\u2122 HEAVY-DUTY CRATER\u2122 HARVEST OUTLET - D2D Hunting\" \/>\n<meta property=\"og:description\" content=\"Este blind ha sido utilizado exclusivamente como unidad de exposici\u00f3n durante la feria Cineg\u00e9tica. No ha sido usado en campo ni presenta da\u00f1os\" \/>\n<meta property=\"og:url\" content=\"https:\/\/d2dhunting.com\/es\/product\/blind-pentagon-heavy-duty-crater-harvest-outlet\/\" \/>\n<meta property=\"og:site_name\" content=\"D2D Hunting\" \/>\n<meta property=\"article:modified_time\" content=\"2025-11-21T19:04:57+00:00\" \/>\n<meta property=\"og:image\" content=\"https:\/\/d2dhunting.com\/wp-content\/uploads\/2025\/07\/PTHD550CH-F-122922-WEB_7378ae98-0855-4c17-8784-aefe8a2555c5_720x-600x600-1.webp\" \/>\n\t<meta property=\"og:image:width\" content=\"600\" \/>\n\t<meta property=\"og:image:height\" content=\"600\" \/>\n\t<meta property=\"og:image:type\" content=\"image\/webp\" \/>\n<meta name=\"twitter:card\" content=\"summary_large_image\" \/>\n<meta name=\"twitter:label1\" content=\"Tiempo de lectura\" \/>\n\t<meta name=\"twitter:data1\" content=\"1 minuto\" \/>\n<script type=\"application\/ld+json\" class=\"yoast-schema-graph\">{\"@context\":\"https:\/\/schema.org\",\"@graph\":[{\"@type\":[\"WebPage\",\"CollectionPage\"],\"@id\":\"https:\/\/d2dhunting.com\/es\/product\/blind-pentagon-heavy-duty-crater-harvest-outlet\/\",\"url\":\"https:\/\/d2dhunting.com\/es\/product\/blind-pentagon-heavy-duty-crater-harvest-outlet\/\",\"name\":\"BLIND PENTAGON\u2122 HEAVY-DUTY CRATER\u2122 HARVEST OUTLET - D2D Hunting\",\"isPartOf\":{\"@id\":\"https:\/\/d2dhunting.com\/#website\"},\"primaryImageOfPage\":{\"@id\":\"https:\/\/d2dhunting.com\/es\/product\/blind-pentagon-heavy-duty-crater-harvest-outlet\/#primaryimage\"},\"image\":{\"@id\":\"https:\/\/d2dhunting.com\/es\/product\/blind-pentagon-heavy-duty-crater-harvest-outlet\/#primaryimage\"},\"thumbnailUrl\":\"https:\/\/d2dhunting.com\/wp-content\/uploads\/2025\/07\/PTHD550CH-F-122922-WEB_7378ae98-0855-4c17-8784-aefe8a2555c5_720x-600x600-1.webp\",\"datePublished\":\"2025-07-24T09:00:24+00:00\",\"dateModified\":\"2025-11-21T19:04:57+00:00\",\"description\":\"Este blind ha sido utilizado exclusivamente como unidad de exposici\u00f3n durante la feria Cineg\u00e9tica. No ha sido usado en campo ni presenta da\u00f1os\",\"breadcrumb\":{\"@id\":\"https:\/\/d2dhunting.com\/es\/product\/blind-pentagon-heavy-duty-crater-harvest-outlet\/#breadcrumb\"},\"inLanguage\":\"es\"},{\"@type\":\"ImageObject\",\"inLanguage\":\"es\",\"@id\":\"https:\/\/d2dhunting.com\/es\/product\/blind-pentagon-heavy-duty-crater-harvest-outlet\/#primaryimage\",\"url\":\"https:\/\/d2dhunting.com\/wp-content\/uploads\/2025\/07\/PTHD550CH-F-122922-WEB_7378ae98-0855-4c17-8784-aefe8a2555c5_720x-600x600-1.webp\",\"contentUrl\":\"https:\/\/d2dhunting.com\/wp-content\/uploads\/2025\/07\/PTHD550CH-F-122922-WEB_7378ae98-0855-4c17-8784-aefe8a2555c5_720x-600x600-1.webp\",\"width\":600,\"height\":600},{\"@type\":\"BreadcrumbList\",\"@id\":\"https:\/\/d2dhunting.com\/es\/product\/blind-pentagon-heavy-duty-crater-harvest-outlet\/#breadcrumb\",\"itemListElement\":[{\"@type\":\"ListItem\",\"position\":1,\"name\":\"Home\",\"item\":\"https:\/\/d2dhunting.com\/es\/\"},{\"@type\":\"ListItem\",\"position\":2,\"name\":\"Tienda ES\",\"item\":\"https:\/\/d2dhunting.com\/es\/tienda-2\/\"},{\"@type\":\"ListItem\",\"position\":3,\"name\":\"BLIND PENTAGON\u2122 HEAVY-DUTY CRATER\u2122 HARVEST OUTLET\"}]},{\"@type\":\"WebSite\",\"@id\":\"https:\/\/d2dhunting.com\/#website\",\"url\":\"https:\/\/d2dhunting.com\/\",\"name\":\"D2D Hunting\",\"description\":\"D2D was born with the idea of promoting still stalk hunting, through the distribution of quality equipment for the hunter.\",\"publisher\":{\"@id\":\"https:\/\/d2dhunting.com\/#organization\"},\"potentialAction\":[{\"@type\":\"SearchAction\",\"target\":{\"@type\":\"EntryPoint\",\"urlTemplate\":\"https:\/\/d2dhunting.com\/?s={search_term_string}\"},\"query-input\":{\"@type\":\"PropertyValueSpecification\",\"valueRequired\":true,\"valueName\":\"search_term_string\"}}],\"inLanguage\":\"es\"},{\"@type\":\"Organization\",\"@id\":\"https:\/\/d2dhunting.com\/#organization\",\"name\":\"D2D Hunting\",\"url\":\"https:\/\/d2dhunting.com\/\",\"logo\":{\"@type\":\"ImageObject\",\"inLanguage\":\"es\",\"@id\":\"https:\/\/d2dhunting.com\/#\/schema\/logo\/image\/\",\"url\":\"https:\/\/d2dhunting.com\/wp-content\/uploads\/2023\/12\/Logo_Completo.png\",\"contentUrl\":\"https:\/\/d2dhunting.com\/wp-content\/uploads\/2023\/12\/Logo_Completo.png\",\"width\":740,\"height\":308,\"caption\":\"D2D Hunting\"},\"image\":{\"@id\":\"https:\/\/d2dhunting.com\/#\/schema\/logo\/image\/\"}}]}<\/script>\n<!-- \/ Yoast SEO plugin. -->","yoast_head_json":{"title":"BLIND PENTAGON\u2122 HEAVY-DUTY CRATER\u2122 HARVEST OUTLET - D2D Hunting","description":"Este blind ha sido utilizado exclusivamente como unidad de exposici\u00f3n durante la feria Cineg\u00e9tica. No ha sido usado en campo ni presenta da\u00f1os","robots":{"index":"index","follow":"follow","max-snippet":"max-snippet:-1","max-image-preview":"max-image-preview:large","max-video-preview":"max-video-preview:-1"},"canonical":"https:\/\/d2dhunting.com\/es\/product\/blind-pentagon-heavy-duty-crater-harvest-outlet\/","og_locale":"es_ES","og_type":"article","og_title":"BLIND PENTAGON\u2122 HEAVY-DUTY CRATER\u2122 HARVEST OUTLET - D2D Hunting","og_description":"Este blind ha sido utilizado exclusivamente como unidad de exposici\u00f3n durante la feria Cineg\u00e9tica. No ha sido usado en campo ni presenta da\u00f1os","og_url":"https:\/\/d2dhunting.com\/es\/product\/blind-pentagon-heavy-duty-crater-harvest-outlet\/","og_site_name":"D2D Hunting","article_modified_time":"2025-11-21T19:04:57+00:00","og_image":[{"width":600,"height":600,"url":"https:\/\/d2dhunting.com\/wp-content\/uploads\/2025\/07\/PTHD550CH-F-122922-WEB_7378ae98-0855-4c17-8784-aefe8a2555c5_720x-600x600-1.webp","type":"image\/webp"}],"twitter_card":"summary_large_image","twitter_misc":{"Tiempo de lectura":"1 minuto"},"schema":{"@context":"https:\/\/schema.org","@graph":[{"@type":["WebPage","CollectionPage"],"@id":"https:\/\/d2dhunting.com\/es\/product\/blind-pentagon-heavy-duty-crater-harvest-outlet\/","url":"https:\/\/d2dhunting.com\/es\/product\/blind-pentagon-heavy-duty-crater-harvest-outlet\/","name":"BLIND PENTAGON\u2122 HEAVY-DUTY CRATER\u2122 HARVEST OUTLET - D2D Hunting","isPartOf":{"@id":"https:\/\/d2dhunting.com\/#website"},"primaryImageOfPage":{"@id":"https:\/\/d2dhunting.com\/es\/product\/blind-pentagon-heavy-duty-crater-harvest-outlet\/#primaryimage"},"image":{"@id":"https:\/\/d2dhunting.com\/es\/product\/blind-pentagon-heavy-duty-crater-harvest-outlet\/#primaryimage"},"thumbnailUrl":"https:\/\/d2dhunting.com\/wp-content\/uploads\/2025\/07\/PTHD550CH-F-122922-WEB_7378ae98-0855-4c17-8784-aefe8a2555c5_720x-600x600-1.webp","datePublished":"2025-07-24T09:00:24+00:00","dateModified":"2025-11-21T19:04:57+00:00","description":"Este blind ha sido utilizado exclusivamente como unidad de exposici\u00f3n durante la feria Cineg\u00e9tica. No ha sido usado en campo ni presenta da\u00f1os","breadcrumb":{"@id":"https:\/\/d2dhunting.com\/es\/product\/blind-pentagon-heavy-duty-crater-harvest-outlet\/#breadcrumb"},"inLanguage":"es"},{"@type":"ImageObject","inLanguage":"es","@id":"https:\/\/d2dhunting.com\/es\/product\/blind-pentagon-heavy-duty-crater-harvest-outlet\/#primaryimage","url":"https:\/\/d2dhunting.com\/wp-content\/uploads\/2025\/07\/PTHD550CH-F-122922-WEB_7378ae98-0855-4c17-8784-aefe8a2555c5_720x-600x600-1.webp","contentUrl":"https:\/\/d2dhunting.com\/wp-content\/uploads\/2025\/07\/PTHD550CH-F-122922-WEB_7378ae98-0855-4c17-8784-aefe8a2555c5_720x-600x600-1.webp","width":600,"height":600},{"@type":"BreadcrumbList","@id":"https:\/\/d2dhunting.com\/es\/product\/blind-pentagon-heavy-duty-crater-harvest-outlet\/#breadcrumb","itemListElement":[{"@type":"ListItem","position":1,"name":"Home","item":"https:\/\/d2dhunting.com\/es\/"},{"@type":"ListItem","position":2,"name":"Tienda ES","item":"https:\/\/d2dhunting.com\/es\/tienda-2\/"},{"@type":"ListItem","position":3,"name":"BLIND PENTAGON\u2122 HEAVY-DUTY CRATER\u2122 HARVEST OUTLET"}]},{"@type":"WebSite","@id":"https:\/\/d2dhunting.com\/#website","url":"https:\/\/d2dhunting.com\/","name":"D2D Hunting","description":"D2D was born with the idea of promoting still stalk hunting, through the distribution of quality equipment for the hunter.","publisher":{"@id":"https:\/\/d2dhunting.com\/#organization"},"potentialAction":[{"@type":"SearchAction","target":{"@type":"EntryPoint","urlTemplate":"https:\/\/d2dhunting.com\/?s={search_term_string}"},"query-input":{"@type":"PropertyValueSpecification","valueRequired":true,"valueName":"search_term_string"}}],"inLanguage":"es"},{"@type":"Organization","@id":"https:\/\/d2dhunting.com\/#organization","name":"D2D Hunting","url":"https:\/\/d2dhunting.com\/","logo":{"@type":"ImageObject","inLanguage":"es","@id":"https:\/\/d2dhunting.com\/#\/schema\/logo\/image\/","url":"https:\/\/d2dhunting.com\/wp-content\/uploads\/2023\/12\/Logo_Completo.png","contentUrl":"https:\/\/d2dhunting.com\/wp-content\/uploads\/2023\/12\/Logo_Completo.png","width":740,"height":308,"caption":"D2D Hunting"},"image":{"@id":"https:\/\/d2dhunting.com\/#\/schema\/logo\/image\/"}}]}},"brands":[{"id":31,"name":"Barronett","slug":"barronett"}],"_links":{"self":[{"href":"https:\/\/d2dhunting.com\/es\/wp-json\/wp\/v2\/product\/19684","targetHints":{"allow":["GET"]}}],"collection":[{"href":"https:\/\/d2dhunting.com\/es\/wp-json\/wp\/v2\/product"}],"about":[{"href":"https:\/\/d2dhunting.com\/es\/wp-json\/wp\/v2\/types\/product"}],"wp:featuredmedia":[{"embeddable":true,"href":"https:\/\/d2dhunting.com\/es\/wp-json\/wp\/v2\/media\/19675"}],"wp:attachment":[{"href":"https:\/\/d2dhunting.com\/es\/wp-json\/wp\/v2\/media?parent=19684"}],"wp:term":[{"taxonomy":"pwb-brand","embeddable":true,"href":"https:\/\/d2dhunting.com\/es\/wp-json\/wp\/v2\/pwb-brand?post=19684"},{"taxonomy":"product_brand","embeddable":true,"href":"https:\/\/d2dhunting.com\/es\/wp-json\/wp\/v2\/product_brand?post=19684"},{"taxonomy":"product_cat","embeddable":true,"href":"https:\/\/d2dhunting.com\/es\/wp-json\/wp\/v2\/product_cat?post=19684"},{"taxonomy":"product_tag","embeddable":true,"href":"https:\/\/d2dhunting.com\/es\/wp-json\/wp\/v2\/product_tag?post=19684"},{"taxonomy":"giftcard-category","embeddable":true,"href":"https:\/\/d2dhunting.com\/es\/wp-json\/wp\/v2\/giftcard-category?post=19684"}],"curies":[{"name":"wp","href":"https:\/\/api.w.org\/{rel}","templated":true}]}}