{"id":19780,"date":"2025-08-20T08:25:37","date_gmt":"2025-08-20T08:25:37","guid":{"rendered":"https:\/\/d2dhunting.com\/product\/19761\/"},"modified":"2026-03-25T18:38:59","modified_gmt":"2026-03-25T18:38:59","slug":"19761","status":"publish","type":"product","link":"https:\/\/d2dhunting.com\/es\/product\/19761\/","title":{"rendered":"SADDLE METHOD 3"},"content":{"rendered":"<p><strong>La evoluci\u00f3n en el dise\u00f1o del saddle de dos paneles.<\/strong><\/p>\n<p>Hace cinco a\u00f1os, el saddle Method original revolucion\u00f3 el mundo de la caza m\u00f3vil al lanzar el primer saddle de dos paneles aut\u00e9ntica. Con cada generaci\u00f3n, hemos perfeccionado el dise\u00f1o bas\u00e1ndonos en los comentarios directos de miles de cazadores m\u00f3viles incondicionales. El resultado es el Method 3.<\/p>\n<p>En esencia, el Method 3 est\u00e1 dise\u00f1ado para una cosa: adaptabilidad total sin concesiones.<\/p>\n<p>El Method 3 es m\u00e1s que una mejora: es un replanteamiento completo de lo que puede ser un saddle. Para aquellos que exigen comodidad durante todo el d\u00eda, una instalaci\u00f3n sin esfuerzo y una versatilidad total, la espera ha terminado.<\/p>\n<p>Fabricado en EE. UU.<\/p>\n<p>Traducci\u00f3n realizada con la versi\u00f3n gratuita del traductor DeepL.com<\/p>\n","protected":false},"excerpt":{"rendered":"<p>La evoluci\u00f3n en el dise\u00f1o del saddle de dos paneles. Hace cinco a\u00f1os, el saddle Method original revolucion\u00f3 el mundo de la caza m\u00f3vil al lanzar el primer saddle de dos paneles aut\u00e9ntica. Con cada generaci\u00f3n, hemos perfeccionado el dise\u00f1o bas\u00e1ndonos en los comentarios directos de miles de cazadores m\u00f3viles incondicionales. El resultado es el [&hellip;]<\/p>\n","protected":false},"featured_media":19763,"template":"","meta":{"_acf_changed":false},"pwb-brand":[837],"product_brand":[],"product_cat":[1001,229],"product_tag":[],"giftcard-category":[],"class_list":{"0":"post-19780","1":"product","2":"type-product","3":"status-publish","4":"has-post-thumbnail","6":"pwb-brand-latitude","7":"product_cat-saddle","8":"product_cat-saddles-and-starter-kits-es","10":"first","11":"instock","12":"featured","13":"taxable","14":"shipping-taxable","15":"purchasable","16":"product-type-variable"},"acf":[],"yoast_head":"<!-- This site is optimized with the Yoast SEO plugin v27.2 - https:\/\/yoast.com\/product\/yoast-seo-wordpress\/ -->\n<title>SADDLE METHOD 3 - D2D Hunting<\/title>\n<meta name=\"description\" content=\"El Method 3 es m\u00e1s que una mejora: es un replanteamiento completo de lo que puede ser un saddle. Para aquellos que exigen comodidad durante todo el d\u00eda.\" \/>\n<meta name=\"robots\" content=\"index, follow, max-snippet:-1, max-image-preview:large, max-video-preview:-1\" \/>\n<link rel=\"canonical\" href=\"https:\/\/d2dhunting.com\/es\/product\/19761\/\" \/>\n<meta property=\"og:locale\" content=\"es_ES\" \/>\n<meta property=\"og:type\" content=\"article\" \/>\n<meta property=\"og:title\" content=\"SADDLE METHOD 3 - D2D Hunting\" \/>\n<meta property=\"og:description\" content=\"El Method 3 es m\u00e1s que una mejora: es un replanteamiento completo de lo que puede ser un saddle. Para aquellos que exigen comodidad durante todo el d\u00eda.\" \/>\n<meta property=\"og:url\" content=\"https:\/\/d2dhunting.com\/es\/product\/19761\/\" \/>\n<meta property=\"og:site_name\" content=\"D2D Hunting\" \/>\n<meta property=\"article:modified_time\" content=\"2026-03-25T18:38:59+00:00\" \/>\n<meta property=\"og:image\" content=\"https:\/\/d2dhunting.com\/wp-content\/uploads\/2025\/08\/Diseno-sin-titulo-66.png\" \/>\n\t<meta property=\"og:image:width\" content=\"1080\" \/>\n\t<meta property=\"og:image:height\" content=\"1080\" \/>\n\t<meta property=\"og:image:type\" content=\"image\/png\" \/>\n<meta name=\"twitter:card\" content=\"summary_large_image\" \/>\n<meta name=\"twitter:label1\" content=\"Tiempo de lectura\" \/>\n\t<meta name=\"twitter:data1\" content=\"1 minuto\" \/>\n<script type=\"application\/ld+json\" class=\"yoast-schema-graph\">{\"@context\":\"https:\/\/schema.org\",\"@graph\":[{\"@type\":[\"WebPage\",\"CollectionPage\"],\"@id\":\"https:\/\/d2dhunting.com\/es\/product\/19761\/\",\"url\":\"https:\/\/d2dhunting.com\/es\/product\/19761\/\",\"name\":\"SADDLE METHOD 3 - D2D Hunting\",\"isPartOf\":{\"@id\":\"https:\/\/d2dhunting.com\/#website\"},\"primaryImageOfPage\":{\"@id\":\"https:\/\/d2dhunting.com\/es\/product\/19761\/#primaryimage\"},\"image\":{\"@id\":\"https:\/\/d2dhunting.com\/es\/product\/19761\/#primaryimage\"},\"thumbnailUrl\":\"https:\/\/d2dhunting.com\/wp-content\/uploads\/2025\/08\/Diseno-sin-titulo-66.png\",\"datePublished\":\"2025-08-20T08:25:37+00:00\",\"dateModified\":\"2026-03-25T18:38:59+00:00\",\"description\":\"El Method 3 es m\u00e1s que una mejora: es un replanteamiento completo de lo que puede ser un saddle. Para aquellos que exigen comodidad durante todo el d\u00eda.\",\"breadcrumb\":{\"@id\":\"https:\/\/d2dhunting.com\/es\/product\/19761\/#breadcrumb\"},\"inLanguage\":\"es\"},{\"@type\":\"ImageObject\",\"inLanguage\":\"es\",\"@id\":\"https:\/\/d2dhunting.com\/es\/product\/19761\/#primaryimage\",\"url\":\"https:\/\/d2dhunting.com\/wp-content\/uploads\/2025\/08\/Diseno-sin-titulo-66.png\",\"contentUrl\":\"https:\/\/d2dhunting.com\/wp-content\/uploads\/2025\/08\/Diseno-sin-titulo-66.png\",\"width\":1080,\"height\":1080},{\"@type\":\"BreadcrumbList\",\"@id\":\"https:\/\/d2dhunting.com\/es\/product\/19761\/#breadcrumb\",\"itemListElement\":[{\"@type\":\"ListItem\",\"position\":1,\"name\":\"Home\",\"item\":\"https:\/\/d2dhunting.com\/es\/\"},{\"@type\":\"ListItem\",\"position\":2,\"name\":\"Tienda ES\",\"item\":\"https:\/\/d2dhunting.com\/es\/tienda-2\/\"},{\"@type\":\"ListItem\",\"position\":3,\"name\":\"SADDLE METHOD 3\"}]},{\"@type\":\"WebSite\",\"@id\":\"https:\/\/d2dhunting.com\/#website\",\"url\":\"https:\/\/d2dhunting.com\/\",\"name\":\"D2D Hunting\",\"description\":\"D2D was born with the idea of promoting still stalk hunting, through the distribution of quality equipment for the hunter.\",\"publisher\":{\"@id\":\"https:\/\/d2dhunting.com\/#organization\"},\"potentialAction\":[{\"@type\":\"SearchAction\",\"target\":{\"@type\":\"EntryPoint\",\"urlTemplate\":\"https:\/\/d2dhunting.com\/?s={search_term_string}\"},\"query-input\":{\"@type\":\"PropertyValueSpecification\",\"valueRequired\":true,\"valueName\":\"search_term_string\"}}],\"inLanguage\":\"es\"},{\"@type\":\"Organization\",\"@id\":\"https:\/\/d2dhunting.com\/#organization\",\"name\":\"D2D Hunting\",\"url\":\"https:\/\/d2dhunting.com\/\",\"logo\":{\"@type\":\"ImageObject\",\"inLanguage\":\"es\",\"@id\":\"https:\/\/d2dhunting.com\/#\/schema\/logo\/image\/\",\"url\":\"https:\/\/d2dhunting.com\/wp-content\/uploads\/2023\/12\/Logo_Completo.png\",\"contentUrl\":\"https:\/\/d2dhunting.com\/wp-content\/uploads\/2023\/12\/Logo_Completo.png\",\"width\":740,\"height\":308,\"caption\":\"D2D Hunting\"},\"image\":{\"@id\":\"https:\/\/d2dhunting.com\/#\/schema\/logo\/image\/\"}}]}<\/script>\n<!-- \/ Yoast SEO plugin. -->","yoast_head_json":{"title":"SADDLE METHOD 3 - D2D Hunting","description":"El Method 3 es m\u00e1s que una mejora: es un replanteamiento completo de lo que puede ser un saddle. Para aquellos que exigen comodidad durante todo el d\u00eda.","robots":{"index":"index","follow":"follow","max-snippet":"max-snippet:-1","max-image-preview":"max-image-preview:large","max-video-preview":"max-video-preview:-1"},"canonical":"https:\/\/d2dhunting.com\/es\/product\/19761\/","og_locale":"es_ES","og_type":"article","og_title":"SADDLE METHOD 3 - D2D Hunting","og_description":"El Method 3 es m\u00e1s que una mejora: es un replanteamiento completo de lo que puede ser un saddle. Para aquellos que exigen comodidad durante todo el d\u00eda.","og_url":"https:\/\/d2dhunting.com\/es\/product\/19761\/","og_site_name":"D2D Hunting","article_modified_time":"2026-03-25T18:38:59+00:00","og_image":[{"width":1080,"height":1080,"url":"https:\/\/d2dhunting.com\/wp-content\/uploads\/2025\/08\/Diseno-sin-titulo-66.png","type":"image\/png"}],"twitter_card":"summary_large_image","twitter_misc":{"Tiempo de lectura":"1 minuto"},"schema":{"@context":"https:\/\/schema.org","@graph":[{"@type":["WebPage","CollectionPage"],"@id":"https:\/\/d2dhunting.com\/es\/product\/19761\/","url":"https:\/\/d2dhunting.com\/es\/product\/19761\/","name":"SADDLE METHOD 3 - D2D Hunting","isPartOf":{"@id":"https:\/\/d2dhunting.com\/#website"},"primaryImageOfPage":{"@id":"https:\/\/d2dhunting.com\/es\/product\/19761\/#primaryimage"},"image":{"@id":"https:\/\/d2dhunting.com\/es\/product\/19761\/#primaryimage"},"thumbnailUrl":"https:\/\/d2dhunting.com\/wp-content\/uploads\/2025\/08\/Diseno-sin-titulo-66.png","datePublished":"2025-08-20T08:25:37+00:00","dateModified":"2026-03-25T18:38:59+00:00","description":"El Method 3 es m\u00e1s que una mejora: es un replanteamiento completo de lo que puede ser un saddle. Para aquellos que exigen comodidad durante todo el d\u00eda.","breadcrumb":{"@id":"https:\/\/d2dhunting.com\/es\/product\/19761\/#breadcrumb"},"inLanguage":"es"},{"@type":"ImageObject","inLanguage":"es","@id":"https:\/\/d2dhunting.com\/es\/product\/19761\/#primaryimage","url":"https:\/\/d2dhunting.com\/wp-content\/uploads\/2025\/08\/Diseno-sin-titulo-66.png","contentUrl":"https:\/\/d2dhunting.com\/wp-content\/uploads\/2025\/08\/Diseno-sin-titulo-66.png","width":1080,"height":1080},{"@type":"BreadcrumbList","@id":"https:\/\/d2dhunting.com\/es\/product\/19761\/#breadcrumb","itemListElement":[{"@type":"ListItem","position":1,"name":"Home","item":"https:\/\/d2dhunting.com\/es\/"},{"@type":"ListItem","position":2,"name":"Tienda ES","item":"https:\/\/d2dhunting.com\/es\/tienda-2\/"},{"@type":"ListItem","position":3,"name":"SADDLE METHOD 3"}]},{"@type":"WebSite","@id":"https:\/\/d2dhunting.com\/#website","url":"https:\/\/d2dhunting.com\/","name":"D2D Hunting","description":"D2D was born with the idea of promoting still stalk hunting, through the distribution of quality equipment for the hunter.","publisher":{"@id":"https:\/\/d2dhunting.com\/#organization"},"potentialAction":[{"@type":"SearchAction","target":{"@type":"EntryPoint","urlTemplate":"https:\/\/d2dhunting.com\/?s={search_term_string}"},"query-input":{"@type":"PropertyValueSpecification","valueRequired":true,"valueName":"search_term_string"}}],"inLanguage":"es"},{"@type":"Organization","@id":"https:\/\/d2dhunting.com\/#organization","name":"D2D Hunting","url":"https:\/\/d2dhunting.com\/","logo":{"@type":"ImageObject","inLanguage":"es","@id":"https:\/\/d2dhunting.com\/#\/schema\/logo\/image\/","url":"https:\/\/d2dhunting.com\/wp-content\/uploads\/2023\/12\/Logo_Completo.png","contentUrl":"https:\/\/d2dhunting.com\/wp-content\/uploads\/2023\/12\/Logo_Completo.png","width":740,"height":308,"caption":"D2D Hunting"},"image":{"@id":"https:\/\/d2dhunting.com\/#\/schema\/logo\/image\/"}}]}},"brands":[{"id":837,"name":"LATITUDE","slug":"latitude"}],"_links":{"self":[{"href":"https:\/\/d2dhunting.com\/es\/wp-json\/wp\/v2\/product\/19780","targetHints":{"allow":["GET"]}}],"collection":[{"href":"https:\/\/d2dhunting.com\/es\/wp-json\/wp\/v2\/product"}],"about":[{"href":"https:\/\/d2dhunting.com\/es\/wp-json\/wp\/v2\/types\/product"}],"wp:featuredmedia":[{"embeddable":true,"href":"https:\/\/d2dhunting.com\/es\/wp-json\/wp\/v2\/media\/19763"}],"wp:attachment":[{"href":"https:\/\/d2dhunting.com\/es\/wp-json\/wp\/v2\/media?parent=19780"}],"wp:term":[{"taxonomy":"pwb-brand","embeddable":true,"href":"https:\/\/d2dhunting.com\/es\/wp-json\/wp\/v2\/pwb-brand?post=19780"},{"taxonomy":"product_brand","embeddable":true,"href":"https:\/\/d2dhunting.com\/es\/wp-json\/wp\/v2\/product_brand?post=19780"},{"taxonomy":"product_cat","embeddable":true,"href":"https:\/\/d2dhunting.com\/es\/wp-json\/wp\/v2\/product_cat?post=19780"},{"taxonomy":"product_tag","embeddable":true,"href":"https:\/\/d2dhunting.com\/es\/wp-json\/wp\/v2\/product_tag?post=19780"},{"taxonomy":"giftcard-category","embeddable":true,"href":"https:\/\/d2dhunting.com\/es\/wp-json\/wp\/v2\/giftcard-category?post=19780"}],"curies":[{"name":"wp","href":"https:\/\/api.w.org\/{rel}","templated":true}]}}