{"id":4616,"date":"2024-01-05T11:55:54","date_gmt":"2024-01-05T11:55:54","guid":{"rendered":"https:\/\/d2dhunting.com\/product\/big-foot-snap-hook-strap\/"},"modified":"2024-10-08T10:50:44","modified_gmt":"2024-10-08T10:50:44","slug":"big-foot-snap-hook-strap","status":"publish","type":"product","link":"https:\/\/d2dhunting.com\/es\/product\/big-foot-snap-hook-strap\/","title":{"rendered":"BIG FOOT\u2122 SNAP  HOOK STRAP"},"content":{"rendered":"<p>Kit para sustituir las cinchas de los treestands colgantes Big Foot\u2122. Incluye una cincha de poliester de alta resistencia y todos los componentes para reemplazar la correa de sujeci\u00f3n de los treestands con sistema de mosquet\u00f3n met\u00e1lico<\/p>\n","protected":false},"excerpt":{"rendered":"<p>Kit para sustituir las cinchas de los treestands colgantes Big Foot\u2122. Incluye una cincha de poliester de alta resistencia y todos los componentes para reemplazar la correa de sujeci\u00f3n de los treestands con sistema de mosquet\u00f3n met\u00e1lico<\/p>\n","protected":false},"featured_media":3316,"template":"","meta":{"_acf_changed":false},"pwb-brand":[32],"product_brand":[],"product_cat":[116,404],"product_tag":[],"giftcard-category":[],"class_list":{"0":"post-4616","1":"product","2":"type-product","3":"status-publish","4":"has-post-thumbnail","6":"pwb-brand-rivers-edge","7":"product_cat-gear-accesssories-es","8":"product_cat-otros-es","10":"first","11":"instock","12":"taxable","13":"shipping-taxable","14":"purchasable","15":"product-type-simple"},"acf":[],"yoast_head":"<!-- This site is optimized with the Yoast SEO plugin v27.2 - https:\/\/yoast.com\/product\/yoast-seo-wordpress\/ -->\n<title>BIG FOOT\u2122 SNAP HOOK STRAP - D2D Hunting<\/title>\n<meta name=\"robots\" content=\"index, follow, max-snippet:-1, max-image-preview:large, max-video-preview:-1\" \/>\n<link rel=\"canonical\" href=\"https:\/\/d2dhunting.com\/es\/product\/big-foot-snap-hook-strap\/\" \/>\n<meta property=\"og:locale\" content=\"es_ES\" \/>\n<meta property=\"og:type\" content=\"article\" \/>\n<meta property=\"og:title\" content=\"BIG FOOT\u2122 SNAP HOOK STRAP - D2D Hunting\" \/>\n<meta property=\"og:description\" content=\"Kit para sustituir las cinchas de los treestands colgantes Big Foot\u2122. Incluye una cincha de poliester de alta resistencia y todos los componentes para reemplazar la correa de sujeci\u00f3n de los treestands con sistema de mosquet\u00f3n met\u00e1lico\" \/>\n<meta property=\"og:url\" content=\"https:\/\/d2dhunting.com\/es\/product\/big-foot-snap-hook-strap\/\" \/>\n<meta property=\"og:site_name\" content=\"D2D Hunting\" \/>\n<meta property=\"article:modified_time\" content=\"2024-10-08T10:50:44+00:00\" \/>\n<meta property=\"og:image\" content=\"https:\/\/d2dhunting.com\/wp-content\/uploads\/2024\/01\/RE760-CLIPPED-030521-WEB-scaled.jpg\" \/>\n\t<meta property=\"og:image:width\" content=\"2560\" \/>\n\t<meta property=\"og:image:height\" content=\"2560\" \/>\n\t<meta property=\"og:image:type\" content=\"image\/jpeg\" \/>\n<meta name=\"twitter:card\" content=\"summary_large_image\" \/>\n<meta name=\"twitter:label1\" content=\"Tiempo de lectura\" \/>\n\t<meta name=\"twitter:data1\" content=\"1 minuto\" \/>\n<script type=\"application\/ld+json\" class=\"yoast-schema-graph\">{\"@context\":\"https:\/\/schema.org\",\"@graph\":[{\"@type\":[\"WebPage\",\"CollectionPage\"],\"@id\":\"https:\/\/d2dhunting.com\/es\/product\/big-foot-snap-hook-strap\/\",\"url\":\"https:\/\/d2dhunting.com\/es\/product\/big-foot-snap-hook-strap\/\",\"name\":\"BIG FOOT\u2122 SNAP HOOK STRAP - D2D Hunting\",\"isPartOf\":{\"@id\":\"https:\/\/d2dhunting.com\/#website\"},\"primaryImageOfPage\":{\"@id\":\"https:\/\/d2dhunting.com\/es\/product\/big-foot-snap-hook-strap\/#primaryimage\"},\"image\":{\"@id\":\"https:\/\/d2dhunting.com\/es\/product\/big-foot-snap-hook-strap\/#primaryimage\"},\"thumbnailUrl\":\"https:\/\/d2dhunting.com\/wp-content\/uploads\/2024\/01\/RE760-CLIPPED-030521-WEB-scaled.jpg\",\"datePublished\":\"2024-01-05T11:55:54+00:00\",\"dateModified\":\"2024-10-08T10:50:44+00:00\",\"breadcrumb\":{\"@id\":\"https:\/\/d2dhunting.com\/es\/product\/big-foot-snap-hook-strap\/#breadcrumb\"},\"inLanguage\":\"es\"},{\"@type\":\"ImageObject\",\"inLanguage\":\"es\",\"@id\":\"https:\/\/d2dhunting.com\/es\/product\/big-foot-snap-hook-strap\/#primaryimage\",\"url\":\"https:\/\/d2dhunting.com\/wp-content\/uploads\/2024\/01\/RE760-CLIPPED-030521-WEB-scaled.jpg\",\"contentUrl\":\"https:\/\/d2dhunting.com\/wp-content\/uploads\/2024\/01\/RE760-CLIPPED-030521-WEB-scaled.jpg\",\"width\":2560,\"height\":2560},{\"@type\":\"BreadcrumbList\",\"@id\":\"https:\/\/d2dhunting.com\/es\/product\/big-foot-snap-hook-strap\/#breadcrumb\",\"itemListElement\":[{\"@type\":\"ListItem\",\"position\":1,\"name\":\"Home\",\"item\":\"https:\/\/d2dhunting.com\/es\/\"},{\"@type\":\"ListItem\",\"position\":2,\"name\":\"Tienda ES\",\"item\":\"https:\/\/d2dhunting.com\/es\/tienda-2\/\"},{\"@type\":\"ListItem\",\"position\":3,\"name\":\"BIG FOOT\u2122 SNAP HOOK STRAP\"}]},{\"@type\":\"WebSite\",\"@id\":\"https:\/\/d2dhunting.com\/#website\",\"url\":\"https:\/\/d2dhunting.com\/\",\"name\":\"D2D Hunting\",\"description\":\"D2D was born with the idea of promoting still stalk hunting, through the distribution of quality equipment for the hunter.\",\"publisher\":{\"@id\":\"https:\/\/d2dhunting.com\/#organization\"},\"potentialAction\":[{\"@type\":\"SearchAction\",\"target\":{\"@type\":\"EntryPoint\",\"urlTemplate\":\"https:\/\/d2dhunting.com\/?s={search_term_string}\"},\"query-input\":{\"@type\":\"PropertyValueSpecification\",\"valueRequired\":true,\"valueName\":\"search_term_string\"}}],\"inLanguage\":\"es\"},{\"@type\":\"Organization\",\"@id\":\"https:\/\/d2dhunting.com\/#organization\",\"name\":\"D2D Hunting\",\"url\":\"https:\/\/d2dhunting.com\/\",\"logo\":{\"@type\":\"ImageObject\",\"inLanguage\":\"es\",\"@id\":\"https:\/\/d2dhunting.com\/#\/schema\/logo\/image\/\",\"url\":\"https:\/\/d2dhunting.com\/wp-content\/uploads\/2023\/12\/Logo_Completo.png\",\"contentUrl\":\"https:\/\/d2dhunting.com\/wp-content\/uploads\/2023\/12\/Logo_Completo.png\",\"width\":740,\"height\":308,\"caption\":\"D2D Hunting\"},\"image\":{\"@id\":\"https:\/\/d2dhunting.com\/#\/schema\/logo\/image\/\"}}]}<\/script>\n<!-- \/ Yoast SEO plugin. -->","yoast_head_json":{"title":"BIG FOOT\u2122 SNAP HOOK STRAP - D2D Hunting","robots":{"index":"index","follow":"follow","max-snippet":"max-snippet:-1","max-image-preview":"max-image-preview:large","max-video-preview":"max-video-preview:-1"},"canonical":"https:\/\/d2dhunting.com\/es\/product\/big-foot-snap-hook-strap\/","og_locale":"es_ES","og_type":"article","og_title":"BIG FOOT\u2122 SNAP HOOK STRAP - D2D Hunting","og_description":"Kit para sustituir las cinchas de los treestands colgantes Big Foot\u2122. Incluye una cincha de poliester de alta resistencia y todos los componentes para reemplazar la correa de sujeci\u00f3n de los treestands con sistema de mosquet\u00f3n met\u00e1lico","og_url":"https:\/\/d2dhunting.com\/es\/product\/big-foot-snap-hook-strap\/","og_site_name":"D2D Hunting","article_modified_time":"2024-10-08T10:50:44+00:00","og_image":[{"width":2560,"height":2560,"url":"https:\/\/d2dhunting.com\/wp-content\/uploads\/2024\/01\/RE760-CLIPPED-030521-WEB-scaled.jpg","type":"image\/jpeg"}],"twitter_card":"summary_large_image","twitter_misc":{"Tiempo de lectura":"1 minuto"},"schema":{"@context":"https:\/\/schema.org","@graph":[{"@type":["WebPage","CollectionPage"],"@id":"https:\/\/d2dhunting.com\/es\/product\/big-foot-snap-hook-strap\/","url":"https:\/\/d2dhunting.com\/es\/product\/big-foot-snap-hook-strap\/","name":"BIG FOOT\u2122 SNAP HOOK STRAP - D2D Hunting","isPartOf":{"@id":"https:\/\/d2dhunting.com\/#website"},"primaryImageOfPage":{"@id":"https:\/\/d2dhunting.com\/es\/product\/big-foot-snap-hook-strap\/#primaryimage"},"image":{"@id":"https:\/\/d2dhunting.com\/es\/product\/big-foot-snap-hook-strap\/#primaryimage"},"thumbnailUrl":"https:\/\/d2dhunting.com\/wp-content\/uploads\/2024\/01\/RE760-CLIPPED-030521-WEB-scaled.jpg","datePublished":"2024-01-05T11:55:54+00:00","dateModified":"2024-10-08T10:50:44+00:00","breadcrumb":{"@id":"https:\/\/d2dhunting.com\/es\/product\/big-foot-snap-hook-strap\/#breadcrumb"},"inLanguage":"es"},{"@type":"ImageObject","inLanguage":"es","@id":"https:\/\/d2dhunting.com\/es\/product\/big-foot-snap-hook-strap\/#primaryimage","url":"https:\/\/d2dhunting.com\/wp-content\/uploads\/2024\/01\/RE760-CLIPPED-030521-WEB-scaled.jpg","contentUrl":"https:\/\/d2dhunting.com\/wp-content\/uploads\/2024\/01\/RE760-CLIPPED-030521-WEB-scaled.jpg","width":2560,"height":2560},{"@type":"BreadcrumbList","@id":"https:\/\/d2dhunting.com\/es\/product\/big-foot-snap-hook-strap\/#breadcrumb","itemListElement":[{"@type":"ListItem","position":1,"name":"Home","item":"https:\/\/d2dhunting.com\/es\/"},{"@type":"ListItem","position":2,"name":"Tienda ES","item":"https:\/\/d2dhunting.com\/es\/tienda-2\/"},{"@type":"ListItem","position":3,"name":"BIG FOOT\u2122 SNAP HOOK STRAP"}]},{"@type":"WebSite","@id":"https:\/\/d2dhunting.com\/#website","url":"https:\/\/d2dhunting.com\/","name":"D2D Hunting","description":"D2D was born with the idea of promoting still stalk hunting, through the distribution of quality equipment for the hunter.","publisher":{"@id":"https:\/\/d2dhunting.com\/#organization"},"potentialAction":[{"@type":"SearchAction","target":{"@type":"EntryPoint","urlTemplate":"https:\/\/d2dhunting.com\/?s={search_term_string}"},"query-input":{"@type":"PropertyValueSpecification","valueRequired":true,"valueName":"search_term_string"}}],"inLanguage":"es"},{"@type":"Organization","@id":"https:\/\/d2dhunting.com\/#organization","name":"D2D Hunting","url":"https:\/\/d2dhunting.com\/","logo":{"@type":"ImageObject","inLanguage":"es","@id":"https:\/\/d2dhunting.com\/#\/schema\/logo\/image\/","url":"https:\/\/d2dhunting.com\/wp-content\/uploads\/2023\/12\/Logo_Completo.png","contentUrl":"https:\/\/d2dhunting.com\/wp-content\/uploads\/2023\/12\/Logo_Completo.png","width":740,"height":308,"caption":"D2D Hunting"},"image":{"@id":"https:\/\/d2dhunting.com\/#\/schema\/logo\/image\/"}}]}},"brands":[{"id":32,"name":"Rivers Edge","slug":"rivers-edge"}],"_links":{"self":[{"href":"https:\/\/d2dhunting.com\/es\/wp-json\/wp\/v2\/product\/4616","targetHints":{"allow":["GET"]}}],"collection":[{"href":"https:\/\/d2dhunting.com\/es\/wp-json\/wp\/v2\/product"}],"about":[{"href":"https:\/\/d2dhunting.com\/es\/wp-json\/wp\/v2\/types\/product"}],"wp:featuredmedia":[{"embeddable":true,"href":"https:\/\/d2dhunting.com\/es\/wp-json\/wp\/v2\/media\/3316"}],"wp:attachment":[{"href":"https:\/\/d2dhunting.com\/es\/wp-json\/wp\/v2\/media?parent=4616"}],"wp:term":[{"taxonomy":"pwb-brand","embeddable":true,"href":"https:\/\/d2dhunting.com\/es\/wp-json\/wp\/v2\/pwb-brand?post=4616"},{"taxonomy":"product_brand","embeddable":true,"href":"https:\/\/d2dhunting.com\/es\/wp-json\/wp\/v2\/product_brand?post=4616"},{"taxonomy":"product_cat","embeddable":true,"href":"https:\/\/d2dhunting.com\/es\/wp-json\/wp\/v2\/product_cat?post=4616"},{"taxonomy":"product_tag","embeddable":true,"href":"https:\/\/d2dhunting.com\/es\/wp-json\/wp\/v2\/product_tag?post=4616"},{"taxonomy":"giftcard-category","embeddable":true,"href":"https:\/\/d2dhunting.com\/es\/wp-json\/wp\/v2\/giftcard-category?post=4616"}],"curies":[{"name":"wp","href":"https:\/\/api.w.org\/{rel}","templated":true}]}}