{"id":4628,"date":"2024-01-05T11:13:10","date_gmt":"2024-01-05T11:13:10","guid":{"rendered":"https:\/\/d2dhunting.com\/product\/field-shield-adjustable-panel-blind-crater-thrive\/"},"modified":"2025-02-18T09:48:38","modified_gmt":"2025-02-18T09:48:38","slug":"field-shield-adjustable-panel-blind-crater-thrive","status":"publish","type":"product","link":"https:\/\/d2dhunting.com\/es\/product\/field-shield-adjustable-panel-blind-crater-thrive\/","title":{"rendered":"FIELD  SHIELD\u2122 PANEL BLIND CRATER\u2122 THRIVE"},"content":{"rendered":"<p><strong>Limited Stock<\/strong><\/p>\n<p>La pantalla de panel ajustable Field Shield\u2122 es la soluci\u00f3n ideal para una ocultaci\u00f3n r\u00e1pida y ultraport\u00e1til. A diferencia de otras pantallas de panel en el mercado, el Field Shield es robusto, silencioso y es lo suficientemente resistente como para soportar a\u00f1os de uso intensivo. Pesa solo 5 lbs (2,3 Kg) por lo que resulta muy f\u00e1cil de transportar. Y con 96&#8243; (2,44m) de ancho y una altura ajustable de 24&#8243; a 40&#8243; (61 a 102cm), ofrece una superficie de cobertura muy adecuada si est\u00e1 sentado en el suelo oen una silla baja como la Barronett Ground Gobbler. Interconectable con otras pantallas Field Shield\u2122 para mayor superficie de cobertura.<\/p>\n","protected":false},"excerpt":{"rendered":"<p>La pantalla de panel ajustable Field Shield\u2122 es la soluci\u00f3n ideal para una ocultaci\u00f3n r\u00e1pida y ultraport\u00e1til. A diferencia de otras pantallas&#8230;<\/p>\n","protected":false},"featured_media":3099,"template":"","meta":{"_acf_changed":false},"pwb-brand":[31],"product_brand":[],"product_cat":[115,118],"product_tag":[],"giftcard-category":[],"class_list":{"0":"post-4628","1":"product","2":"type-product","3":"status-publish","4":"has-post-thumbnail","6":"pwb-brand-barronett","7":"product_cat-blinds-es","8":"product_cat-panel-ajustable","10":"first","11":"instock","12":"sale","13":"taxable","14":"shipping-taxable","15":"purchasable","16":"product-type-simple"},"acf":[],"yoast_head":"<!-- This site is optimized with the Yoast SEO plugin v27.2 - https:\/\/yoast.com\/product\/yoast-seo-wordpress\/ -->\n<title>FIELD SHIELD\u2122 PANEL BLIND CRATER\u2122 THRIVE - D2D Hunting<\/title>\n<meta name=\"description\" content=\"La pantalla de panel ajustable Field Shield\u2122 es la soluci\u00f3n ideal para una ocultaci\u00f3n r\u00e1pida y ultraport\u00e1til. A diferencia de otras pantallas...\" \/>\n<meta name=\"robots\" content=\"index, follow, max-snippet:-1, max-image-preview:large, max-video-preview:-1\" \/>\n<link rel=\"canonical\" href=\"https:\/\/d2dhunting.com\/es\/product\/field-shield-adjustable-panel-blind-crater-thrive\/\" \/>\n<meta property=\"og:locale\" content=\"es_ES\" \/>\n<meta property=\"og:type\" content=\"article\" \/>\n<meta property=\"og:title\" content=\"FIELD SHIELD\u2122 PANEL BLIND CRATER\u2122 THRIVE - D2D Hunting\" \/>\n<meta property=\"og:description\" content=\"La pantalla de panel ajustable Field Shield\u2122 es la soluci\u00f3n ideal para una ocultaci\u00f3n r\u00e1pida y ultraport\u00e1til. A diferencia de otras pantallas...\" \/>\n<meta property=\"og:url\" content=\"https:\/\/d2dhunting.com\/es\/product\/field-shield-adjustable-panel-blind-crater-thrive\/\" \/>\n<meta property=\"og:site_name\" content=\"D2D Hunting\" \/>\n<meta property=\"article:modified_time\" content=\"2025-02-18T09:48:38+00:00\" \/>\n<meta property=\"og:image\" content=\"https:\/\/d2dhunting.com\/wp-content\/uploads\/2024\/01\/FS100CT-120120-882B3397-WEB_720x.webp\" \/>\n\t<meta property=\"og:image:width\" content=\"720\" \/>\n\t<meta property=\"og:image:height\" content=\"720\" \/>\n\t<meta property=\"og:image:type\" content=\"image\/webp\" \/>\n<meta name=\"twitter:card\" content=\"summary_large_image\" \/>\n<meta name=\"twitter:label1\" content=\"Tiempo de lectura\" \/>\n\t<meta name=\"twitter:data1\" content=\"1 minuto\" \/>\n<script type=\"application\/ld+json\" class=\"yoast-schema-graph\">{\"@context\":\"https:\/\/schema.org\",\"@graph\":[{\"@type\":[\"WebPage\",\"CollectionPage\"],\"@id\":\"https:\/\/d2dhunting.com\/es\/product\/field-shield-adjustable-panel-blind-crater-thrive\/\",\"url\":\"https:\/\/d2dhunting.com\/es\/product\/field-shield-adjustable-panel-blind-crater-thrive\/\",\"name\":\"FIELD SHIELD\u2122 PANEL BLIND CRATER\u2122 THRIVE - D2D Hunting\",\"isPartOf\":{\"@id\":\"https:\/\/d2dhunting.com\/#website\"},\"primaryImageOfPage\":{\"@id\":\"https:\/\/d2dhunting.com\/es\/product\/field-shield-adjustable-panel-blind-crater-thrive\/#primaryimage\"},\"image\":{\"@id\":\"https:\/\/d2dhunting.com\/es\/product\/field-shield-adjustable-panel-blind-crater-thrive\/#primaryimage\"},\"thumbnailUrl\":\"https:\/\/d2dhunting.com\/wp-content\/uploads\/2024\/01\/FS100CT-120120-882B3397-WEB_720x.webp\",\"datePublished\":\"2024-01-05T11:13:10+00:00\",\"dateModified\":\"2025-02-18T09:48:38+00:00\",\"description\":\"La pantalla de panel ajustable Field Shield\u2122 es la soluci\u00f3n ideal para una ocultaci\u00f3n r\u00e1pida y ultraport\u00e1til. A diferencia de otras pantallas...\",\"breadcrumb\":{\"@id\":\"https:\/\/d2dhunting.com\/es\/product\/field-shield-adjustable-panel-blind-crater-thrive\/#breadcrumb\"},\"inLanguage\":\"es\"},{\"@type\":\"ImageObject\",\"inLanguage\":\"es\",\"@id\":\"https:\/\/d2dhunting.com\/es\/product\/field-shield-adjustable-panel-blind-crater-thrive\/#primaryimage\",\"url\":\"https:\/\/d2dhunting.com\/wp-content\/uploads\/2024\/01\/FS100CT-120120-882B3397-WEB_720x.webp\",\"contentUrl\":\"https:\/\/d2dhunting.com\/wp-content\/uploads\/2024\/01\/FS100CT-120120-882B3397-WEB_720x.webp\",\"width\":720,\"height\":720},{\"@type\":\"BreadcrumbList\",\"@id\":\"https:\/\/d2dhunting.com\/es\/product\/field-shield-adjustable-panel-blind-crater-thrive\/#breadcrumb\",\"itemListElement\":[{\"@type\":\"ListItem\",\"position\":1,\"name\":\"Home\",\"item\":\"https:\/\/d2dhunting.com\/es\/\"},{\"@type\":\"ListItem\",\"position\":2,\"name\":\"Tienda ES\",\"item\":\"https:\/\/d2dhunting.com\/es\/tienda-2\/\"},{\"@type\":\"ListItem\",\"position\":3,\"name\":\"FIELD SHIELD\u2122 PANEL BLIND CRATER\u2122 THRIVE\"}]},{\"@type\":\"WebSite\",\"@id\":\"https:\/\/d2dhunting.com\/#website\",\"url\":\"https:\/\/d2dhunting.com\/\",\"name\":\"D2D Hunting\",\"description\":\"D2D was born with the idea of promoting still stalk hunting, through the distribution of quality equipment for the hunter.\",\"publisher\":{\"@id\":\"https:\/\/d2dhunting.com\/#organization\"},\"potentialAction\":[{\"@type\":\"SearchAction\",\"target\":{\"@type\":\"EntryPoint\",\"urlTemplate\":\"https:\/\/d2dhunting.com\/?s={search_term_string}\"},\"query-input\":{\"@type\":\"PropertyValueSpecification\",\"valueRequired\":true,\"valueName\":\"search_term_string\"}}],\"inLanguage\":\"es\"},{\"@type\":\"Organization\",\"@id\":\"https:\/\/d2dhunting.com\/#organization\",\"name\":\"D2D Hunting\",\"url\":\"https:\/\/d2dhunting.com\/\",\"logo\":{\"@type\":\"ImageObject\",\"inLanguage\":\"es\",\"@id\":\"https:\/\/d2dhunting.com\/#\/schema\/logo\/image\/\",\"url\":\"https:\/\/d2dhunting.com\/wp-content\/uploads\/2023\/12\/Logo_Completo.png\",\"contentUrl\":\"https:\/\/d2dhunting.com\/wp-content\/uploads\/2023\/12\/Logo_Completo.png\",\"width\":740,\"height\":308,\"caption\":\"D2D Hunting\"},\"image\":{\"@id\":\"https:\/\/d2dhunting.com\/#\/schema\/logo\/image\/\"}}]}<\/script>\n<!-- \/ Yoast SEO plugin. -->","yoast_head_json":{"title":"FIELD SHIELD\u2122 PANEL BLIND CRATER\u2122 THRIVE - D2D Hunting","description":"La pantalla de panel ajustable Field Shield\u2122 es la soluci\u00f3n ideal para una ocultaci\u00f3n r\u00e1pida y ultraport\u00e1til. A diferencia de otras pantallas...","robots":{"index":"index","follow":"follow","max-snippet":"max-snippet:-1","max-image-preview":"max-image-preview:large","max-video-preview":"max-video-preview:-1"},"canonical":"https:\/\/d2dhunting.com\/es\/product\/field-shield-adjustable-panel-blind-crater-thrive\/","og_locale":"es_ES","og_type":"article","og_title":"FIELD SHIELD\u2122 PANEL BLIND CRATER\u2122 THRIVE - D2D Hunting","og_description":"La pantalla de panel ajustable Field Shield\u2122 es la soluci\u00f3n ideal para una ocultaci\u00f3n r\u00e1pida y ultraport\u00e1til. A diferencia de otras pantallas...","og_url":"https:\/\/d2dhunting.com\/es\/product\/field-shield-adjustable-panel-blind-crater-thrive\/","og_site_name":"D2D Hunting","article_modified_time":"2025-02-18T09:48:38+00:00","og_image":[{"width":720,"height":720,"url":"https:\/\/d2dhunting.com\/wp-content\/uploads\/2024\/01\/FS100CT-120120-882B3397-WEB_720x.webp","type":"image\/webp"}],"twitter_card":"summary_large_image","twitter_misc":{"Tiempo de lectura":"1 minuto"},"schema":{"@context":"https:\/\/schema.org","@graph":[{"@type":["WebPage","CollectionPage"],"@id":"https:\/\/d2dhunting.com\/es\/product\/field-shield-adjustable-panel-blind-crater-thrive\/","url":"https:\/\/d2dhunting.com\/es\/product\/field-shield-adjustable-panel-blind-crater-thrive\/","name":"FIELD SHIELD\u2122 PANEL BLIND CRATER\u2122 THRIVE - D2D Hunting","isPartOf":{"@id":"https:\/\/d2dhunting.com\/#website"},"primaryImageOfPage":{"@id":"https:\/\/d2dhunting.com\/es\/product\/field-shield-adjustable-panel-blind-crater-thrive\/#primaryimage"},"image":{"@id":"https:\/\/d2dhunting.com\/es\/product\/field-shield-adjustable-panel-blind-crater-thrive\/#primaryimage"},"thumbnailUrl":"https:\/\/d2dhunting.com\/wp-content\/uploads\/2024\/01\/FS100CT-120120-882B3397-WEB_720x.webp","datePublished":"2024-01-05T11:13:10+00:00","dateModified":"2025-02-18T09:48:38+00:00","description":"La pantalla de panel ajustable Field Shield\u2122 es la soluci\u00f3n ideal para una ocultaci\u00f3n r\u00e1pida y ultraport\u00e1til. A diferencia de otras pantallas...","breadcrumb":{"@id":"https:\/\/d2dhunting.com\/es\/product\/field-shield-adjustable-panel-blind-crater-thrive\/#breadcrumb"},"inLanguage":"es"},{"@type":"ImageObject","inLanguage":"es","@id":"https:\/\/d2dhunting.com\/es\/product\/field-shield-adjustable-panel-blind-crater-thrive\/#primaryimage","url":"https:\/\/d2dhunting.com\/wp-content\/uploads\/2024\/01\/FS100CT-120120-882B3397-WEB_720x.webp","contentUrl":"https:\/\/d2dhunting.com\/wp-content\/uploads\/2024\/01\/FS100CT-120120-882B3397-WEB_720x.webp","width":720,"height":720},{"@type":"BreadcrumbList","@id":"https:\/\/d2dhunting.com\/es\/product\/field-shield-adjustable-panel-blind-crater-thrive\/#breadcrumb","itemListElement":[{"@type":"ListItem","position":1,"name":"Home","item":"https:\/\/d2dhunting.com\/es\/"},{"@type":"ListItem","position":2,"name":"Tienda ES","item":"https:\/\/d2dhunting.com\/es\/tienda-2\/"},{"@type":"ListItem","position":3,"name":"FIELD SHIELD\u2122 PANEL BLIND CRATER\u2122 THRIVE"}]},{"@type":"WebSite","@id":"https:\/\/d2dhunting.com\/#website","url":"https:\/\/d2dhunting.com\/","name":"D2D Hunting","description":"D2D was born with the idea of promoting still stalk hunting, through the distribution of quality equipment for the hunter.","publisher":{"@id":"https:\/\/d2dhunting.com\/#organization"},"potentialAction":[{"@type":"SearchAction","target":{"@type":"EntryPoint","urlTemplate":"https:\/\/d2dhunting.com\/?s={search_term_string}"},"query-input":{"@type":"PropertyValueSpecification","valueRequired":true,"valueName":"search_term_string"}}],"inLanguage":"es"},{"@type":"Organization","@id":"https:\/\/d2dhunting.com\/#organization","name":"D2D Hunting","url":"https:\/\/d2dhunting.com\/","logo":{"@type":"ImageObject","inLanguage":"es","@id":"https:\/\/d2dhunting.com\/#\/schema\/logo\/image\/","url":"https:\/\/d2dhunting.com\/wp-content\/uploads\/2023\/12\/Logo_Completo.png","contentUrl":"https:\/\/d2dhunting.com\/wp-content\/uploads\/2023\/12\/Logo_Completo.png","width":740,"height":308,"caption":"D2D Hunting"},"image":{"@id":"https:\/\/d2dhunting.com\/#\/schema\/logo\/image\/"}}]}},"brands":[{"id":31,"name":"Barronett","slug":"barronett"}],"_links":{"self":[{"href":"https:\/\/d2dhunting.com\/es\/wp-json\/wp\/v2\/product\/4628","targetHints":{"allow":["GET"]}}],"collection":[{"href":"https:\/\/d2dhunting.com\/es\/wp-json\/wp\/v2\/product"}],"about":[{"href":"https:\/\/d2dhunting.com\/es\/wp-json\/wp\/v2\/types\/product"}],"wp:featuredmedia":[{"embeddable":true,"href":"https:\/\/d2dhunting.com\/es\/wp-json\/wp\/v2\/media\/3099"}],"wp:attachment":[{"href":"https:\/\/d2dhunting.com\/es\/wp-json\/wp\/v2\/media?parent=4628"}],"wp:term":[{"taxonomy":"pwb-brand","embeddable":true,"href":"https:\/\/d2dhunting.com\/es\/wp-json\/wp\/v2\/pwb-brand?post=4628"},{"taxonomy":"product_brand","embeddable":true,"href":"https:\/\/d2dhunting.com\/es\/wp-json\/wp\/v2\/product_brand?post=4628"},{"taxonomy":"product_cat","embeddable":true,"href":"https:\/\/d2dhunting.com\/es\/wp-json\/wp\/v2\/product_cat?post=4628"},{"taxonomy":"product_tag","embeddable":true,"href":"https:\/\/d2dhunting.com\/es\/wp-json\/wp\/v2\/product_tag?post=4628"},{"taxonomy":"giftcard-category","embeddable":true,"href":"https:\/\/d2dhunting.com\/es\/wp-json\/wp\/v2\/giftcard-category?post=4628"}],"curies":[{"name":"wp","href":"https:\/\/api.w.org\/{rel}","templated":true}]}}