{"id":4630,"date":"2024-01-05T11:13:09","date_gmt":"2024-01-05T11:13:09","guid":{"rendered":"https:\/\/d2dhunting.com\/product\/beast-bloodtrail-backwoods\/"},"modified":"2025-02-18T09:53:30","modified_gmt":"2025-02-18T09:53:30","slug":"beast-bloodtrail-backwoods","status":"publish","type":"product","link":"https:\/\/d2dhunting.com\/es\/product\/beast-bloodtrail-backwoods\/","title":{"rendered":"BLIND BEAST BLOODTRAIL\u00ae BACKWOODS"},"content":{"rendered":"<p>El blind Beast\u2122 tiene un dise\u00f1o \u00fanico que permite sentarse en fila a un grupo grande de personas. Es el m\u00e1s grande del mercado en su categor\u00eda ofreciendo un espacio incre\u00edble ideal para partidas de caza que incluyan a mucha gente (guarder\u00eda, acompa\u00f1antes, varios cazadores y mucho equipamiento., por ejemplo). Permite incluso ocultar un quad dentro del blind. Las seis grandes ventanas con cremallera se pueden abrir o cerrar en m\u00faltiples disposiciones para adaptarse a las necesidades de cualquier cazador. La malla de la ventana permite disparar a trav\u00e9s de ella con puntas de caza y se puede reemplazar f\u00e1cilmente cuando sea necesario. Dos puertas con cremallera en esquinas opuestas permiten una f\u00e1cil entrada y salida. Pese a su gran tama\u00f1o, el Beast\u2122 sigue siendo tan f\u00e1cil de montar como cualquier otro blind.<\/p>\n","protected":false},"excerpt":{"rendered":"<p>El blind Beast\u2122 tiene un dise\u00f1o \u00fanico que permite sentarse en fila a un grupo grande de personas. Es el m\u00e1s grande del mercado en su categor\u00eda&#8230;<\/p>\n","protected":false},"featured_media":3079,"template":"","meta":{"_acf_changed":false},"pwb-brand":[31],"product_brand":[],"product_cat":[115,124],"product_tag":[1836],"giftcard-category":[],"class_list":{"0":"post-4630","1":"product","2":"type-product","3":"status-publish","4":"has-post-thumbnail","6":"pwb-brand-barronett","7":"product_cat-blinds-es","8":"product_cat-wide","9":"product_tag-pentagon-es","11":"first","12":"instock","13":"taxable","14":"shipping-taxable","15":"purchasable","16":"product-type-simple"},"acf":[],"yoast_head":"<!-- This site is optimized with the Yoast SEO plugin v27.2 - https:\/\/yoast.com\/product\/yoast-seo-wordpress\/ -->\n<title>BLIND BEAST BLOODTRAIL\u00ae BACKWOODS - D2D Hunting<\/title>\n<meta name=\"description\" content=\"El blind Beast\u2122 tiene un dise\u00f1o \u00fanico que permite sentarse en fila a un grupo grande de personas. Es el m\u00e1s grande del mercado en su categor\u00eda...\" \/>\n<meta name=\"robots\" content=\"index, follow, max-snippet:-1, max-image-preview:large, max-video-preview:-1\" \/>\n<link rel=\"canonical\" href=\"https:\/\/d2dhunting.com\/es\/product\/beast-bloodtrail-backwoods\/\" \/>\n<meta property=\"og:locale\" content=\"es_ES\" \/>\n<meta property=\"og:type\" content=\"article\" \/>\n<meta property=\"og:title\" content=\"BLIND BEAST BLOODTRAIL\u00ae BACKWOODS - D2D Hunting\" \/>\n<meta property=\"og:description\" content=\"El blind Beast\u2122 tiene un dise\u00f1o \u00fanico que permite sentarse en fila a un grupo grande de personas. Es el m\u00e1s grande del mercado en su categor\u00eda...\" \/>\n<meta property=\"og:url\" content=\"https:\/\/d2dhunting.com\/es\/product\/beast-bloodtrail-backwoods\/\" \/>\n<meta property=\"og:site_name\" content=\"D2D Hunting\" \/>\n<meta property=\"article:modified_time\" content=\"2025-02-18T09:53:30+00:00\" \/>\n<meta property=\"og:image\" content=\"https:\/\/d2dhunting.com\/wp-content\/uploads\/2024\/01\/BE650BW-061621-882B0365-WEB_720x.webp\" \/>\n\t<meta property=\"og:image:width\" content=\"720\" \/>\n\t<meta property=\"og:image:height\" content=\"720\" \/>\n\t<meta property=\"og:image:type\" content=\"image\/webp\" \/>\n<meta name=\"twitter:card\" content=\"summary_large_image\" \/>\n<meta name=\"twitter:label1\" content=\"Tiempo de lectura\" \/>\n\t<meta name=\"twitter:data1\" content=\"1 minuto\" \/>\n<script type=\"application\/ld+json\" class=\"yoast-schema-graph\">{\"@context\":\"https:\/\/schema.org\",\"@graph\":[{\"@type\":[\"WebPage\",\"CollectionPage\"],\"@id\":\"https:\/\/d2dhunting.com\/es\/product\/beast-bloodtrail-backwoods\/\",\"url\":\"https:\/\/d2dhunting.com\/es\/product\/beast-bloodtrail-backwoods\/\",\"name\":\"BLIND BEAST BLOODTRAIL\u00ae BACKWOODS - D2D Hunting\",\"isPartOf\":{\"@id\":\"https:\/\/d2dhunting.com\/#website\"},\"primaryImageOfPage\":{\"@id\":\"https:\/\/d2dhunting.com\/es\/product\/beast-bloodtrail-backwoods\/#primaryimage\"},\"image\":{\"@id\":\"https:\/\/d2dhunting.com\/es\/product\/beast-bloodtrail-backwoods\/#primaryimage\"},\"thumbnailUrl\":\"https:\/\/d2dhunting.com\/wp-content\/uploads\/2024\/01\/BE650BW-061621-882B0365-WEB_720x.webp\",\"datePublished\":\"2024-01-05T11:13:09+00:00\",\"dateModified\":\"2025-02-18T09:53:30+00:00\",\"description\":\"El blind Beast\u2122 tiene un dise\u00f1o \u00fanico que permite sentarse en fila a un grupo grande de personas. Es el m\u00e1s grande del mercado en su categor\u00eda...\",\"breadcrumb\":{\"@id\":\"https:\/\/d2dhunting.com\/es\/product\/beast-bloodtrail-backwoods\/#breadcrumb\"},\"inLanguage\":\"es\"},{\"@type\":\"ImageObject\",\"inLanguage\":\"es\",\"@id\":\"https:\/\/d2dhunting.com\/es\/product\/beast-bloodtrail-backwoods\/#primaryimage\",\"url\":\"https:\/\/d2dhunting.com\/wp-content\/uploads\/2024\/01\/BE650BW-061621-882B0365-WEB_720x.webp\",\"contentUrl\":\"https:\/\/d2dhunting.com\/wp-content\/uploads\/2024\/01\/BE650BW-061621-882B0365-WEB_720x.webp\",\"width\":720,\"height\":720},{\"@type\":\"BreadcrumbList\",\"@id\":\"https:\/\/d2dhunting.com\/es\/product\/beast-bloodtrail-backwoods\/#breadcrumb\",\"itemListElement\":[{\"@type\":\"ListItem\",\"position\":1,\"name\":\"Home\",\"item\":\"https:\/\/d2dhunting.com\/es\/\"},{\"@type\":\"ListItem\",\"position\":2,\"name\":\"Tienda ES\",\"item\":\"https:\/\/d2dhunting.com\/es\/tienda-2\/\"},{\"@type\":\"ListItem\",\"position\":3,\"name\":\"BLIND BEAST BLOODTRAIL\u00ae BACKWOODS\"}]},{\"@type\":\"WebSite\",\"@id\":\"https:\/\/d2dhunting.com\/#website\",\"url\":\"https:\/\/d2dhunting.com\/\",\"name\":\"D2D Hunting\",\"description\":\"D2D was born with the idea of promoting still stalk hunting, through the distribution of quality equipment for the hunter.\",\"publisher\":{\"@id\":\"https:\/\/d2dhunting.com\/#organization\"},\"potentialAction\":[{\"@type\":\"SearchAction\",\"target\":{\"@type\":\"EntryPoint\",\"urlTemplate\":\"https:\/\/d2dhunting.com\/?s={search_term_string}\"},\"query-input\":{\"@type\":\"PropertyValueSpecification\",\"valueRequired\":true,\"valueName\":\"search_term_string\"}}],\"inLanguage\":\"es\"},{\"@type\":\"Organization\",\"@id\":\"https:\/\/d2dhunting.com\/#organization\",\"name\":\"D2D Hunting\",\"url\":\"https:\/\/d2dhunting.com\/\",\"logo\":{\"@type\":\"ImageObject\",\"inLanguage\":\"es\",\"@id\":\"https:\/\/d2dhunting.com\/#\/schema\/logo\/image\/\",\"url\":\"https:\/\/d2dhunting.com\/wp-content\/uploads\/2023\/12\/Logo_Completo.png\",\"contentUrl\":\"https:\/\/d2dhunting.com\/wp-content\/uploads\/2023\/12\/Logo_Completo.png\",\"width\":740,\"height\":308,\"caption\":\"D2D Hunting\"},\"image\":{\"@id\":\"https:\/\/d2dhunting.com\/#\/schema\/logo\/image\/\"}}]}<\/script>\n<!-- \/ Yoast SEO plugin. -->","yoast_head_json":{"title":"BLIND BEAST BLOODTRAIL\u00ae BACKWOODS - D2D Hunting","description":"El blind Beast\u2122 tiene un dise\u00f1o \u00fanico que permite sentarse en fila a un grupo grande de personas. Es el m\u00e1s grande del mercado en su categor\u00eda...","robots":{"index":"index","follow":"follow","max-snippet":"max-snippet:-1","max-image-preview":"max-image-preview:large","max-video-preview":"max-video-preview:-1"},"canonical":"https:\/\/d2dhunting.com\/es\/product\/beast-bloodtrail-backwoods\/","og_locale":"es_ES","og_type":"article","og_title":"BLIND BEAST BLOODTRAIL\u00ae BACKWOODS - D2D Hunting","og_description":"El blind Beast\u2122 tiene un dise\u00f1o \u00fanico que permite sentarse en fila a un grupo grande de personas. Es el m\u00e1s grande del mercado en su categor\u00eda...","og_url":"https:\/\/d2dhunting.com\/es\/product\/beast-bloodtrail-backwoods\/","og_site_name":"D2D Hunting","article_modified_time":"2025-02-18T09:53:30+00:00","og_image":[{"width":720,"height":720,"url":"https:\/\/d2dhunting.com\/wp-content\/uploads\/2024\/01\/BE650BW-061621-882B0365-WEB_720x.webp","type":"image\/webp"}],"twitter_card":"summary_large_image","twitter_misc":{"Tiempo de lectura":"1 minuto"},"schema":{"@context":"https:\/\/schema.org","@graph":[{"@type":["WebPage","CollectionPage"],"@id":"https:\/\/d2dhunting.com\/es\/product\/beast-bloodtrail-backwoods\/","url":"https:\/\/d2dhunting.com\/es\/product\/beast-bloodtrail-backwoods\/","name":"BLIND BEAST BLOODTRAIL\u00ae BACKWOODS - D2D Hunting","isPartOf":{"@id":"https:\/\/d2dhunting.com\/#website"},"primaryImageOfPage":{"@id":"https:\/\/d2dhunting.com\/es\/product\/beast-bloodtrail-backwoods\/#primaryimage"},"image":{"@id":"https:\/\/d2dhunting.com\/es\/product\/beast-bloodtrail-backwoods\/#primaryimage"},"thumbnailUrl":"https:\/\/d2dhunting.com\/wp-content\/uploads\/2024\/01\/BE650BW-061621-882B0365-WEB_720x.webp","datePublished":"2024-01-05T11:13:09+00:00","dateModified":"2025-02-18T09:53:30+00:00","description":"El blind Beast\u2122 tiene un dise\u00f1o \u00fanico que permite sentarse en fila a un grupo grande de personas. Es el m\u00e1s grande del mercado en su categor\u00eda...","breadcrumb":{"@id":"https:\/\/d2dhunting.com\/es\/product\/beast-bloodtrail-backwoods\/#breadcrumb"},"inLanguage":"es"},{"@type":"ImageObject","inLanguage":"es","@id":"https:\/\/d2dhunting.com\/es\/product\/beast-bloodtrail-backwoods\/#primaryimage","url":"https:\/\/d2dhunting.com\/wp-content\/uploads\/2024\/01\/BE650BW-061621-882B0365-WEB_720x.webp","contentUrl":"https:\/\/d2dhunting.com\/wp-content\/uploads\/2024\/01\/BE650BW-061621-882B0365-WEB_720x.webp","width":720,"height":720},{"@type":"BreadcrumbList","@id":"https:\/\/d2dhunting.com\/es\/product\/beast-bloodtrail-backwoods\/#breadcrumb","itemListElement":[{"@type":"ListItem","position":1,"name":"Home","item":"https:\/\/d2dhunting.com\/es\/"},{"@type":"ListItem","position":2,"name":"Tienda ES","item":"https:\/\/d2dhunting.com\/es\/tienda-2\/"},{"@type":"ListItem","position":3,"name":"BLIND BEAST BLOODTRAIL\u00ae BACKWOODS"}]},{"@type":"WebSite","@id":"https:\/\/d2dhunting.com\/#website","url":"https:\/\/d2dhunting.com\/","name":"D2D Hunting","description":"D2D was born with the idea of promoting still stalk hunting, through the distribution of quality equipment for the hunter.","publisher":{"@id":"https:\/\/d2dhunting.com\/#organization"},"potentialAction":[{"@type":"SearchAction","target":{"@type":"EntryPoint","urlTemplate":"https:\/\/d2dhunting.com\/?s={search_term_string}"},"query-input":{"@type":"PropertyValueSpecification","valueRequired":true,"valueName":"search_term_string"}}],"inLanguage":"es"},{"@type":"Organization","@id":"https:\/\/d2dhunting.com\/#organization","name":"D2D Hunting","url":"https:\/\/d2dhunting.com\/","logo":{"@type":"ImageObject","inLanguage":"es","@id":"https:\/\/d2dhunting.com\/#\/schema\/logo\/image\/","url":"https:\/\/d2dhunting.com\/wp-content\/uploads\/2023\/12\/Logo_Completo.png","contentUrl":"https:\/\/d2dhunting.com\/wp-content\/uploads\/2023\/12\/Logo_Completo.png","width":740,"height":308,"caption":"D2D Hunting"},"image":{"@id":"https:\/\/d2dhunting.com\/#\/schema\/logo\/image\/"}}]}},"brands":[{"id":31,"name":"Barronett","slug":"barronett"}],"_links":{"self":[{"href":"https:\/\/d2dhunting.com\/es\/wp-json\/wp\/v2\/product\/4630","targetHints":{"allow":["GET"]}}],"collection":[{"href":"https:\/\/d2dhunting.com\/es\/wp-json\/wp\/v2\/product"}],"about":[{"href":"https:\/\/d2dhunting.com\/es\/wp-json\/wp\/v2\/types\/product"}],"wp:featuredmedia":[{"embeddable":true,"href":"https:\/\/d2dhunting.com\/es\/wp-json\/wp\/v2\/media\/3079"}],"wp:attachment":[{"href":"https:\/\/d2dhunting.com\/es\/wp-json\/wp\/v2\/media?parent=4630"}],"wp:term":[{"taxonomy":"pwb-brand","embeddable":true,"href":"https:\/\/d2dhunting.com\/es\/wp-json\/wp\/v2\/pwb-brand?post=4630"},{"taxonomy":"product_brand","embeddable":true,"href":"https:\/\/d2dhunting.com\/es\/wp-json\/wp\/v2\/product_brand?post=4630"},{"taxonomy":"product_cat","embeddable":true,"href":"https:\/\/d2dhunting.com\/es\/wp-json\/wp\/v2\/product_cat?post=4630"},{"taxonomy":"product_tag","embeddable":true,"href":"https:\/\/d2dhunting.com\/es\/wp-json\/wp\/v2\/product_tag?post=4630"},{"taxonomy":"giftcard-category","embeddable":true,"href":"https:\/\/d2dhunting.com\/es\/wp-json\/wp\/v2\/giftcard-category?post=4630"}],"curies":[{"name":"wp","href":"https:\/\/api.w.org\/{rel}","templated":true}]}}