{"id":4640,"date":"2024-01-05T10:07:02","date_gmt":"2024-01-05T10:07:02","guid":{"rendered":"https:\/\/d2dhunting.com\/product\/ox-4-bloodtrail-backwoods\/"},"modified":"2025-03-22T11:33:42","modified_gmt":"2025-03-22T11:33:42","slug":"ox-4-bloodtrail-backwoods","status":"publish","type":"product","link":"https:\/\/d2dhunting.com\/es\/product\/ox-4-bloodtrail-backwoods\/","title":{"rendered":"BLIND OX 4  BLOODTRAIL\u00ae BACKWOODS\u00a0"},"content":{"rendered":"<p>Deslizamiento Silencioso. El Ox 4 est\u00e1 dise\u00f1ado para ofrecer un rendimiento muy serio con un tama\u00f1o algo m\u00e1s peque\u00f1o. Fabricado con tela OxHide\u2122 de 2 capas, un tejido que supera a cualquier material usado hasta ahora en un blind port\u00e1til. La capa de camuflaje exterior tiene efecto cepillado para reducir los reflejos y est\u00e1 respaldada por un revestimiento interior de un pol\u00edmero impermeable. El blind est\u00e1 reforzado con una segunda capa interior de poli\u00e9ster Oxford que bloquea la luz para una mejor ocultaci\u00f3n. Dos de los laterales est\u00e1n equipados con un sistema de ventana corredera silencioso que se abre horizontalmente desde el centro y permite fijar cualquier ancho o altura deseados.<\/p>\n","protected":false},"excerpt":{"rendered":"<p>Deslizamiento Silencioso. El Ox 4 est\u00e1 dise\u00f1ado para ofrecer un rendimiento muy serio con un tama\u00f1o algo m\u00e1s peque\u00f1o. Fabricado con tela OxHide\u2122 de 2 capas, un tejido que supera a cualquier material usado hasta ahora en un blind port\u00e1til. La capa de camuflaje exterior tiene efecto cepillado para reducir los reflejos y est\u00e1 respaldada [&hellip;]<\/p>\n","protected":false},"featured_media":2830,"template":"","meta":{"_acf_changed":false},"pwb-brand":[31],"product_brand":[],"product_cat":[115,121],"product_tag":[1836],"giftcard-category":[],"class_list":{"0":"post-4640","1":"product","2":"type-product","3":"status-publish","4":"has-post-thumbnail","6":"pwb-brand-barronett","7":"product_cat-blinds-es","8":"product_cat-large-es","9":"product_tag-pentagon-es","11":"first","12":"instock","13":"taxable","14":"shipping-taxable","15":"purchasable","16":"product-type-simple"},"acf":[],"yoast_head":"<!-- This site is optimized with the Yoast SEO plugin v27.2 - https:\/\/yoast.com\/product\/yoast-seo-wordpress\/ -->\n<title>BLIND OX 4 BLOODTRAIL\u00ae BACKWOODS\u00a0 - D2D Hunting<\/title>\n<meta name=\"description\" content=\"El Ox 4 est\u00e1 dise\u00f1ado para ofrecer un rendimiento muy serio con un tama\u00f1o algo m\u00e1s peque\u00f1o. Fabricado con tela OxHide\u2122 de 2 capas...\" \/>\n<meta name=\"robots\" content=\"index, follow, max-snippet:-1, max-image-preview:large, max-video-preview:-1\" \/>\n<link rel=\"canonical\" href=\"https:\/\/d2dhunting.com\/es\/product\/ox-4-bloodtrail-backwoods\/\" \/>\n<meta property=\"og:locale\" content=\"es_ES\" \/>\n<meta property=\"og:type\" content=\"article\" \/>\n<meta property=\"og:title\" content=\"BLIND OX 4 BLOODTRAIL\u00ae BACKWOODS\u00a0 - D2D Hunting\" \/>\n<meta property=\"og:description\" content=\"El Ox 4 est\u00e1 dise\u00f1ado para ofrecer un rendimiento muy serio con un tama\u00f1o algo m\u00e1s peque\u00f1o. Fabricado con tela OxHide\u2122 de 2 capas...\" \/>\n<meta property=\"og:url\" content=\"https:\/\/d2dhunting.com\/es\/product\/ox-4-bloodtrail-backwoods\/\" \/>\n<meta property=\"og:site_name\" content=\"D2D Hunting\" \/>\n<meta property=\"article:modified_time\" content=\"2025-03-22T11:33:42+00:00\" \/>\n<meta property=\"og:image\" content=\"https:\/\/d2dhunting.com\/wp-content\/uploads\/2024\/01\/BX400BW-060721-F-WEB_720x.webp\" \/>\n\t<meta property=\"og:image:width\" content=\"720\" \/>\n\t<meta property=\"og:image:height\" content=\"720\" \/>\n\t<meta property=\"og:image:type\" content=\"image\/webp\" \/>\n<meta name=\"twitter:card\" content=\"summary_large_image\" \/>\n<meta name=\"twitter:label1\" content=\"Tiempo de lectura\" \/>\n\t<meta name=\"twitter:data1\" content=\"1 minuto\" \/>\n<script type=\"application\/ld+json\" class=\"yoast-schema-graph\">{\"@context\":\"https:\/\/schema.org\",\"@graph\":[{\"@type\":[\"WebPage\",\"CollectionPage\"],\"@id\":\"https:\/\/d2dhunting.com\/es\/product\/ox-4-bloodtrail-backwoods\/\",\"url\":\"https:\/\/d2dhunting.com\/es\/product\/ox-4-bloodtrail-backwoods\/\",\"name\":\"BLIND OX 4 BLOODTRAIL\u00ae BACKWOODS\u00a0 - D2D Hunting\",\"isPartOf\":{\"@id\":\"https:\/\/d2dhunting.com\/#website\"},\"primaryImageOfPage\":{\"@id\":\"https:\/\/d2dhunting.com\/es\/product\/ox-4-bloodtrail-backwoods\/#primaryimage\"},\"image\":{\"@id\":\"https:\/\/d2dhunting.com\/es\/product\/ox-4-bloodtrail-backwoods\/#primaryimage\"},\"thumbnailUrl\":\"https:\/\/d2dhunting.com\/wp-content\/uploads\/2024\/01\/BX400BW-060721-F-WEB_720x.webp\",\"datePublished\":\"2024-01-05T10:07:02+00:00\",\"dateModified\":\"2025-03-22T11:33:42+00:00\",\"description\":\"El Ox 4 est\u00e1 dise\u00f1ado para ofrecer un rendimiento muy serio con un tama\u00f1o algo m\u00e1s peque\u00f1o. Fabricado con tela OxHide\u2122 de 2 capas...\",\"breadcrumb\":{\"@id\":\"https:\/\/d2dhunting.com\/es\/product\/ox-4-bloodtrail-backwoods\/#breadcrumb\"},\"inLanguage\":\"es\"},{\"@type\":\"ImageObject\",\"inLanguage\":\"es\",\"@id\":\"https:\/\/d2dhunting.com\/es\/product\/ox-4-bloodtrail-backwoods\/#primaryimage\",\"url\":\"https:\/\/d2dhunting.com\/wp-content\/uploads\/2024\/01\/BX400BW-060721-F-WEB_720x.webp\",\"contentUrl\":\"https:\/\/d2dhunting.com\/wp-content\/uploads\/2024\/01\/BX400BW-060721-F-WEB_720x.webp\",\"width\":720,\"height\":720},{\"@type\":\"BreadcrumbList\",\"@id\":\"https:\/\/d2dhunting.com\/es\/product\/ox-4-bloodtrail-backwoods\/#breadcrumb\",\"itemListElement\":[{\"@type\":\"ListItem\",\"position\":1,\"name\":\"Home\",\"item\":\"https:\/\/d2dhunting.com\/es\/\"},{\"@type\":\"ListItem\",\"position\":2,\"name\":\"Tienda ES\",\"item\":\"https:\/\/d2dhunting.com\/es\/tienda-2\/\"},{\"@type\":\"ListItem\",\"position\":3,\"name\":\"BLIND OX 4 BLOODTRAIL\u00ae BACKWOODS\u00a0\"}]},{\"@type\":\"WebSite\",\"@id\":\"https:\/\/d2dhunting.com\/#website\",\"url\":\"https:\/\/d2dhunting.com\/\",\"name\":\"D2D Hunting\",\"description\":\"D2D was born with the idea of promoting still stalk hunting, through the distribution of quality equipment for the hunter.\",\"publisher\":{\"@id\":\"https:\/\/d2dhunting.com\/#organization\"},\"potentialAction\":[{\"@type\":\"SearchAction\",\"target\":{\"@type\":\"EntryPoint\",\"urlTemplate\":\"https:\/\/d2dhunting.com\/?s={search_term_string}\"},\"query-input\":{\"@type\":\"PropertyValueSpecification\",\"valueRequired\":true,\"valueName\":\"search_term_string\"}}],\"inLanguage\":\"es\"},{\"@type\":\"Organization\",\"@id\":\"https:\/\/d2dhunting.com\/#organization\",\"name\":\"D2D Hunting\",\"url\":\"https:\/\/d2dhunting.com\/\",\"logo\":{\"@type\":\"ImageObject\",\"inLanguage\":\"es\",\"@id\":\"https:\/\/d2dhunting.com\/#\/schema\/logo\/image\/\",\"url\":\"https:\/\/d2dhunting.com\/wp-content\/uploads\/2023\/12\/Logo_Completo.png\",\"contentUrl\":\"https:\/\/d2dhunting.com\/wp-content\/uploads\/2023\/12\/Logo_Completo.png\",\"width\":740,\"height\":308,\"caption\":\"D2D Hunting\"},\"image\":{\"@id\":\"https:\/\/d2dhunting.com\/#\/schema\/logo\/image\/\"}}]}<\/script>\n<!-- \/ Yoast SEO plugin. -->","yoast_head_json":{"title":"BLIND OX 4 BLOODTRAIL\u00ae BACKWOODS\u00a0 - D2D Hunting","description":"El Ox 4 est\u00e1 dise\u00f1ado para ofrecer un rendimiento muy serio con un tama\u00f1o algo m\u00e1s peque\u00f1o. Fabricado con tela OxHide\u2122 de 2 capas...","robots":{"index":"index","follow":"follow","max-snippet":"max-snippet:-1","max-image-preview":"max-image-preview:large","max-video-preview":"max-video-preview:-1"},"canonical":"https:\/\/d2dhunting.com\/es\/product\/ox-4-bloodtrail-backwoods\/","og_locale":"es_ES","og_type":"article","og_title":"BLIND OX 4 BLOODTRAIL\u00ae BACKWOODS\u00a0 - D2D Hunting","og_description":"El Ox 4 est\u00e1 dise\u00f1ado para ofrecer un rendimiento muy serio con un tama\u00f1o algo m\u00e1s peque\u00f1o. Fabricado con tela OxHide\u2122 de 2 capas...","og_url":"https:\/\/d2dhunting.com\/es\/product\/ox-4-bloodtrail-backwoods\/","og_site_name":"D2D Hunting","article_modified_time":"2025-03-22T11:33:42+00:00","og_image":[{"width":720,"height":720,"url":"https:\/\/d2dhunting.com\/wp-content\/uploads\/2024\/01\/BX400BW-060721-F-WEB_720x.webp","type":"image\/webp"}],"twitter_card":"summary_large_image","twitter_misc":{"Tiempo de lectura":"1 minuto"},"schema":{"@context":"https:\/\/schema.org","@graph":[{"@type":["WebPage","CollectionPage"],"@id":"https:\/\/d2dhunting.com\/es\/product\/ox-4-bloodtrail-backwoods\/","url":"https:\/\/d2dhunting.com\/es\/product\/ox-4-bloodtrail-backwoods\/","name":"BLIND OX 4 BLOODTRAIL\u00ae BACKWOODS\u00a0 - D2D Hunting","isPartOf":{"@id":"https:\/\/d2dhunting.com\/#website"},"primaryImageOfPage":{"@id":"https:\/\/d2dhunting.com\/es\/product\/ox-4-bloodtrail-backwoods\/#primaryimage"},"image":{"@id":"https:\/\/d2dhunting.com\/es\/product\/ox-4-bloodtrail-backwoods\/#primaryimage"},"thumbnailUrl":"https:\/\/d2dhunting.com\/wp-content\/uploads\/2024\/01\/BX400BW-060721-F-WEB_720x.webp","datePublished":"2024-01-05T10:07:02+00:00","dateModified":"2025-03-22T11:33:42+00:00","description":"El Ox 4 est\u00e1 dise\u00f1ado para ofrecer un rendimiento muy serio con un tama\u00f1o algo m\u00e1s peque\u00f1o. Fabricado con tela OxHide\u2122 de 2 capas...","breadcrumb":{"@id":"https:\/\/d2dhunting.com\/es\/product\/ox-4-bloodtrail-backwoods\/#breadcrumb"},"inLanguage":"es"},{"@type":"ImageObject","inLanguage":"es","@id":"https:\/\/d2dhunting.com\/es\/product\/ox-4-bloodtrail-backwoods\/#primaryimage","url":"https:\/\/d2dhunting.com\/wp-content\/uploads\/2024\/01\/BX400BW-060721-F-WEB_720x.webp","contentUrl":"https:\/\/d2dhunting.com\/wp-content\/uploads\/2024\/01\/BX400BW-060721-F-WEB_720x.webp","width":720,"height":720},{"@type":"BreadcrumbList","@id":"https:\/\/d2dhunting.com\/es\/product\/ox-4-bloodtrail-backwoods\/#breadcrumb","itemListElement":[{"@type":"ListItem","position":1,"name":"Home","item":"https:\/\/d2dhunting.com\/es\/"},{"@type":"ListItem","position":2,"name":"Tienda ES","item":"https:\/\/d2dhunting.com\/es\/tienda-2\/"},{"@type":"ListItem","position":3,"name":"BLIND OX 4 BLOODTRAIL\u00ae BACKWOODS\u00a0"}]},{"@type":"WebSite","@id":"https:\/\/d2dhunting.com\/#website","url":"https:\/\/d2dhunting.com\/","name":"D2D Hunting","description":"D2D was born with the idea of promoting still stalk hunting, through the distribution of quality equipment for the hunter.","publisher":{"@id":"https:\/\/d2dhunting.com\/#organization"},"potentialAction":[{"@type":"SearchAction","target":{"@type":"EntryPoint","urlTemplate":"https:\/\/d2dhunting.com\/?s={search_term_string}"},"query-input":{"@type":"PropertyValueSpecification","valueRequired":true,"valueName":"search_term_string"}}],"inLanguage":"es"},{"@type":"Organization","@id":"https:\/\/d2dhunting.com\/#organization","name":"D2D Hunting","url":"https:\/\/d2dhunting.com\/","logo":{"@type":"ImageObject","inLanguage":"es","@id":"https:\/\/d2dhunting.com\/#\/schema\/logo\/image\/","url":"https:\/\/d2dhunting.com\/wp-content\/uploads\/2023\/12\/Logo_Completo.png","contentUrl":"https:\/\/d2dhunting.com\/wp-content\/uploads\/2023\/12\/Logo_Completo.png","width":740,"height":308,"caption":"D2D Hunting"},"image":{"@id":"https:\/\/d2dhunting.com\/#\/schema\/logo\/image\/"}}]}},"brands":[{"id":31,"name":"Barronett","slug":"barronett"}],"_links":{"self":[{"href":"https:\/\/d2dhunting.com\/es\/wp-json\/wp\/v2\/product\/4640","targetHints":{"allow":["GET"]}}],"collection":[{"href":"https:\/\/d2dhunting.com\/es\/wp-json\/wp\/v2\/product"}],"about":[{"href":"https:\/\/d2dhunting.com\/es\/wp-json\/wp\/v2\/types\/product"}],"wp:featuredmedia":[{"embeddable":true,"href":"https:\/\/d2dhunting.com\/es\/wp-json\/wp\/v2\/media\/2830"}],"wp:attachment":[{"href":"https:\/\/d2dhunting.com\/es\/wp-json\/wp\/v2\/media?parent=4640"}],"wp:term":[{"taxonomy":"pwb-brand","embeddable":true,"href":"https:\/\/d2dhunting.com\/es\/wp-json\/wp\/v2\/pwb-brand?post=4640"},{"taxonomy":"product_brand","embeddable":true,"href":"https:\/\/d2dhunting.com\/es\/wp-json\/wp\/v2\/product_brand?post=4640"},{"taxonomy":"product_cat","embeddable":true,"href":"https:\/\/d2dhunting.com\/es\/wp-json\/wp\/v2\/product_cat?post=4640"},{"taxonomy":"product_tag","embeddable":true,"href":"https:\/\/d2dhunting.com\/es\/wp-json\/wp\/v2\/product_tag?post=4640"},{"taxonomy":"giftcard-category","embeddable":true,"href":"https:\/\/d2dhunting.com\/es\/wp-json\/wp\/v2\/giftcard-category?post=4640"}],"curies":[{"name":"wp","href":"https:\/\/api.w.org\/{rel}","templated":true}]}}