{"id":4648,"date":"2024-01-05T08:30:47","date_gmt":"2024-01-05T08:30:47","guid":{"rendered":"https:\/\/d2dhunting.com\/product\/pentagon-crater-core\/"},"modified":"2026-01-29T21:29:44","modified_gmt":"2026-01-29T21:29:44","slug":"pentagon-crater-core","status":"publish","type":"product","link":"https:\/\/d2dhunting.com\/es\/product\/pentagon-crater-core\/","title":{"rendered":"BLIND PENTAGON\u2122  CRATER\u2122 CORE"},"content":{"rendered":"<p>El Feather Five\u2122 es un blind ligero de 5 lados. Cuenta con un espacioso interior de 36,3 sq.ft. (3,37m2), pero solo pesa 17 lbs. (7,7 Kg). Su forma de pent\u00e1gono permite realizar c\u00f3modas esperas en grupo con unas vistas inigualables desde el blind gracias a sus ventanas panor\u00e1micas y a una ventana trasera adicional. Con el Feather Five se incluyen paneles de seguridad desmontables de color naranja fluo para poder se\u00f1alizar el blind en zonas donde est\u00e1n cazando otras personas.<\/p>\n","protected":false},"excerpt":{"rendered":"<p>El Feather Five\u2122 es un blind ligero de 5 lados. Cuenta con un espacioso interior de 36,3 sq.ft. (3,37m2), pero solo pesa 17 lbs. (7,7 Kg)&#8230;<\/p>\n","protected":false},"featured_media":2628,"template":"","meta":{"_acf_changed":false},"pwb-brand":[31],"product_brand":[],"product_cat":[120,115],"product_tag":[1836],"giftcard-category":[],"class_list":{"0":"post-4648","1":"product","2":"type-product","3":"status-publish","4":"has-post-thumbnail","6":"pwb-brand-barronett","7":"product_cat-5-sided-es","8":"product_cat-blinds-es","9":"product_tag-pentagon-es","11":"first","12":"outofstock","13":"taxable","14":"shipping-taxable","15":"purchasable","16":"product-type-simple"},"acf":[],"yoast_head":"<!-- This site is optimized with the Yoast SEO plugin v27.2 - https:\/\/yoast.com\/product\/yoast-seo-wordpress\/ -->\n<title>BLIND PENTAGON\u2122 CRATER\u2122 CORE - D2D Hunting<\/title>\n<meta name=\"description\" content=\"El Feather Five\u2122 es un blind ligero de 5 lados. Cuenta con un espacioso interior de 36,3 sq.ft. (3,37m2), pero solo pesa 17 lbs. (7,7 Kg)...\" \/>\n<meta name=\"robots\" content=\"index, follow, max-snippet:-1, max-image-preview:large, max-video-preview:-1\" \/>\n<link rel=\"canonical\" href=\"https:\/\/d2dhunting.com\/es\/product\/pentagon-crater-core\/\" \/>\n<meta property=\"og:locale\" content=\"es_ES\" \/>\n<meta property=\"og:type\" content=\"article\" \/>\n<meta property=\"og:title\" content=\"BLIND PENTAGON\u2122 CRATER\u2122 CORE - D2D Hunting\" \/>\n<meta property=\"og:description\" content=\"El Feather Five\u2122 es un blind ligero de 5 lados. Cuenta con un espacioso interior de 36,3 sq.ft. (3,37m2), pero solo pesa 17 lbs. (7,7 Kg)...\" \/>\n<meta property=\"og:url\" content=\"https:\/\/d2dhunting.com\/es\/product\/pentagon-crater-core\/\" \/>\n<meta property=\"og:site_name\" content=\"D2D Hunting\" \/>\n<meta property=\"article:modified_time\" content=\"2026-01-29T21:29:44+00:00\" \/>\n<meta property=\"og:image\" content=\"https:\/\/d2dhunting.com\/wp-content\/uploads\/2024\/01\/s-l500.gif\" \/>\n\t<meta property=\"og:image:width\" content=\"500\" \/>\n\t<meta property=\"og:image:height\" content=\"500\" \/>\n\t<meta property=\"og:image:type\" content=\"image\/gif\" \/>\n<meta name=\"twitter:card\" content=\"summary_large_image\" \/>\n<meta name=\"twitter:label1\" content=\"Tiempo de lectura\" \/>\n\t<meta name=\"twitter:data1\" content=\"1 minuto\" \/>\n<script type=\"application\/ld+json\" class=\"yoast-schema-graph\">{\"@context\":\"https:\/\/schema.org\",\"@graph\":[{\"@type\":[\"WebPage\",\"CollectionPage\"],\"@id\":\"https:\/\/d2dhunting.com\/es\/product\/pentagon-crater-core\/\",\"url\":\"https:\/\/d2dhunting.com\/es\/product\/pentagon-crater-core\/\",\"name\":\"BLIND PENTAGON\u2122 CRATER\u2122 CORE - D2D Hunting\",\"isPartOf\":{\"@id\":\"https:\/\/d2dhunting.com\/#website\"},\"primaryImageOfPage\":{\"@id\":\"https:\/\/d2dhunting.com\/es\/product\/pentagon-crater-core\/#primaryimage\"},\"image\":{\"@id\":\"https:\/\/d2dhunting.com\/es\/product\/pentagon-crater-core\/#primaryimage\"},\"thumbnailUrl\":\"https:\/\/d2dhunting.com\/wp-content\/uploads\/2024\/01\/s-l500.gif\",\"datePublished\":\"2024-01-05T08:30:47+00:00\",\"dateModified\":\"2026-01-29T21:29:44+00:00\",\"description\":\"El Feather Five\u2122 es un blind ligero de 5 lados. Cuenta con un espacioso interior de 36,3 sq.ft. (3,37m2), pero solo pesa 17 lbs. (7,7 Kg)...\",\"breadcrumb\":{\"@id\":\"https:\/\/d2dhunting.com\/es\/product\/pentagon-crater-core\/#breadcrumb\"},\"inLanguage\":\"es\"},{\"@type\":\"ImageObject\",\"inLanguage\":\"es\",\"@id\":\"https:\/\/d2dhunting.com\/es\/product\/pentagon-crater-core\/#primaryimage\",\"url\":\"https:\/\/d2dhunting.com\/wp-content\/uploads\/2024\/01\/s-l500.gif\",\"contentUrl\":\"https:\/\/d2dhunting.com\/wp-content\/uploads\/2024\/01\/s-l500.gif\",\"width\":500,\"height\":500},{\"@type\":\"BreadcrumbList\",\"@id\":\"https:\/\/d2dhunting.com\/es\/product\/pentagon-crater-core\/#breadcrumb\",\"itemListElement\":[{\"@type\":\"ListItem\",\"position\":1,\"name\":\"Home\",\"item\":\"https:\/\/d2dhunting.com\/es\/\"},{\"@type\":\"ListItem\",\"position\":2,\"name\":\"Tienda ES\",\"item\":\"https:\/\/d2dhunting.com\/es\/tienda-2\/\"},{\"@type\":\"ListItem\",\"position\":3,\"name\":\"BLIND PENTAGON\u2122 CRATER\u2122 CORE\"}]},{\"@type\":\"WebSite\",\"@id\":\"https:\/\/d2dhunting.com\/#website\",\"url\":\"https:\/\/d2dhunting.com\/\",\"name\":\"D2D Hunting\",\"description\":\"D2D was born with the idea of promoting still stalk hunting, through the distribution of quality equipment for the hunter.\",\"publisher\":{\"@id\":\"https:\/\/d2dhunting.com\/#organization\"},\"potentialAction\":[{\"@type\":\"SearchAction\",\"target\":{\"@type\":\"EntryPoint\",\"urlTemplate\":\"https:\/\/d2dhunting.com\/?s={search_term_string}\"},\"query-input\":{\"@type\":\"PropertyValueSpecification\",\"valueRequired\":true,\"valueName\":\"search_term_string\"}}],\"inLanguage\":\"es\"},{\"@type\":\"Organization\",\"@id\":\"https:\/\/d2dhunting.com\/#organization\",\"name\":\"D2D Hunting\",\"url\":\"https:\/\/d2dhunting.com\/\",\"logo\":{\"@type\":\"ImageObject\",\"inLanguage\":\"es\",\"@id\":\"https:\/\/d2dhunting.com\/#\/schema\/logo\/image\/\",\"url\":\"https:\/\/d2dhunting.com\/wp-content\/uploads\/2023\/12\/Logo_Completo.png\",\"contentUrl\":\"https:\/\/d2dhunting.com\/wp-content\/uploads\/2023\/12\/Logo_Completo.png\",\"width\":740,\"height\":308,\"caption\":\"D2D Hunting\"},\"image\":{\"@id\":\"https:\/\/d2dhunting.com\/#\/schema\/logo\/image\/\"}}]}<\/script>\n<!-- \/ Yoast SEO plugin. -->","yoast_head_json":{"title":"BLIND PENTAGON\u2122 CRATER\u2122 CORE - D2D Hunting","description":"El Feather Five\u2122 es un blind ligero de 5 lados. Cuenta con un espacioso interior de 36,3 sq.ft. (3,37m2), pero solo pesa 17 lbs. (7,7 Kg)...","robots":{"index":"index","follow":"follow","max-snippet":"max-snippet:-1","max-image-preview":"max-image-preview:large","max-video-preview":"max-video-preview:-1"},"canonical":"https:\/\/d2dhunting.com\/es\/product\/pentagon-crater-core\/","og_locale":"es_ES","og_type":"article","og_title":"BLIND PENTAGON\u2122 CRATER\u2122 CORE - D2D Hunting","og_description":"El Feather Five\u2122 es un blind ligero de 5 lados. Cuenta con un espacioso interior de 36,3 sq.ft. (3,37m2), pero solo pesa 17 lbs. (7,7 Kg)...","og_url":"https:\/\/d2dhunting.com\/es\/product\/pentagon-crater-core\/","og_site_name":"D2D Hunting","article_modified_time":"2026-01-29T21:29:44+00:00","og_image":[{"width":500,"height":500,"url":"https:\/\/d2dhunting.com\/wp-content\/uploads\/2024\/01\/s-l500.gif","type":"image\/gif"}],"twitter_card":"summary_large_image","twitter_misc":{"Tiempo de lectura":"1 minuto"},"schema":{"@context":"https:\/\/schema.org","@graph":[{"@type":["WebPage","CollectionPage"],"@id":"https:\/\/d2dhunting.com\/es\/product\/pentagon-crater-core\/","url":"https:\/\/d2dhunting.com\/es\/product\/pentagon-crater-core\/","name":"BLIND PENTAGON\u2122 CRATER\u2122 CORE - D2D Hunting","isPartOf":{"@id":"https:\/\/d2dhunting.com\/#website"},"primaryImageOfPage":{"@id":"https:\/\/d2dhunting.com\/es\/product\/pentagon-crater-core\/#primaryimage"},"image":{"@id":"https:\/\/d2dhunting.com\/es\/product\/pentagon-crater-core\/#primaryimage"},"thumbnailUrl":"https:\/\/d2dhunting.com\/wp-content\/uploads\/2024\/01\/s-l500.gif","datePublished":"2024-01-05T08:30:47+00:00","dateModified":"2026-01-29T21:29:44+00:00","description":"El Feather Five\u2122 es un blind ligero de 5 lados. Cuenta con un espacioso interior de 36,3 sq.ft. (3,37m2), pero solo pesa 17 lbs. (7,7 Kg)...","breadcrumb":{"@id":"https:\/\/d2dhunting.com\/es\/product\/pentagon-crater-core\/#breadcrumb"},"inLanguage":"es"},{"@type":"ImageObject","inLanguage":"es","@id":"https:\/\/d2dhunting.com\/es\/product\/pentagon-crater-core\/#primaryimage","url":"https:\/\/d2dhunting.com\/wp-content\/uploads\/2024\/01\/s-l500.gif","contentUrl":"https:\/\/d2dhunting.com\/wp-content\/uploads\/2024\/01\/s-l500.gif","width":500,"height":500},{"@type":"BreadcrumbList","@id":"https:\/\/d2dhunting.com\/es\/product\/pentagon-crater-core\/#breadcrumb","itemListElement":[{"@type":"ListItem","position":1,"name":"Home","item":"https:\/\/d2dhunting.com\/es\/"},{"@type":"ListItem","position":2,"name":"Tienda ES","item":"https:\/\/d2dhunting.com\/es\/tienda-2\/"},{"@type":"ListItem","position":3,"name":"BLIND PENTAGON\u2122 CRATER\u2122 CORE"}]},{"@type":"WebSite","@id":"https:\/\/d2dhunting.com\/#website","url":"https:\/\/d2dhunting.com\/","name":"D2D Hunting","description":"D2D was born with the idea of promoting still stalk hunting, through the distribution of quality equipment for the hunter.","publisher":{"@id":"https:\/\/d2dhunting.com\/#organization"},"potentialAction":[{"@type":"SearchAction","target":{"@type":"EntryPoint","urlTemplate":"https:\/\/d2dhunting.com\/?s={search_term_string}"},"query-input":{"@type":"PropertyValueSpecification","valueRequired":true,"valueName":"search_term_string"}}],"inLanguage":"es"},{"@type":"Organization","@id":"https:\/\/d2dhunting.com\/#organization","name":"D2D Hunting","url":"https:\/\/d2dhunting.com\/","logo":{"@type":"ImageObject","inLanguage":"es","@id":"https:\/\/d2dhunting.com\/#\/schema\/logo\/image\/","url":"https:\/\/d2dhunting.com\/wp-content\/uploads\/2023\/12\/Logo_Completo.png","contentUrl":"https:\/\/d2dhunting.com\/wp-content\/uploads\/2023\/12\/Logo_Completo.png","width":740,"height":308,"caption":"D2D Hunting"},"image":{"@id":"https:\/\/d2dhunting.com\/#\/schema\/logo\/image\/"}}]}},"brands":[{"id":31,"name":"Barronett","slug":"barronett"}],"_links":{"self":[{"href":"https:\/\/d2dhunting.com\/es\/wp-json\/wp\/v2\/product\/4648","targetHints":{"allow":["GET"]}}],"collection":[{"href":"https:\/\/d2dhunting.com\/es\/wp-json\/wp\/v2\/product"}],"about":[{"href":"https:\/\/d2dhunting.com\/es\/wp-json\/wp\/v2\/types\/product"}],"wp:featuredmedia":[{"embeddable":true,"href":"https:\/\/d2dhunting.com\/es\/wp-json\/wp\/v2\/media\/2628"}],"wp:attachment":[{"href":"https:\/\/d2dhunting.com\/es\/wp-json\/wp\/v2\/media?parent=4648"}],"wp:term":[{"taxonomy":"pwb-brand","embeddable":true,"href":"https:\/\/d2dhunting.com\/es\/wp-json\/wp\/v2\/pwb-brand?post=4648"},{"taxonomy":"product_brand","embeddable":true,"href":"https:\/\/d2dhunting.com\/es\/wp-json\/wp\/v2\/product_brand?post=4648"},{"taxonomy":"product_cat","embeddable":true,"href":"https:\/\/d2dhunting.com\/es\/wp-json\/wp\/v2\/product_cat?post=4648"},{"taxonomy":"product_tag","embeddable":true,"href":"https:\/\/d2dhunting.com\/es\/wp-json\/wp\/v2\/product_tag?post=4648"},{"taxonomy":"giftcard-category","embeddable":true,"href":"https:\/\/d2dhunting.com\/es\/wp-json\/wp\/v2\/giftcard-category?post=4648"}],"curies":[{"name":"wp","href":"https:\/\/api.w.org\/{rel}","templated":true}]}}