{"id":4656,"date":"2024-01-04T14:24:45","date_gmt":"2024-01-04T14:24:45","guid":{"rendered":"https:\/\/d2dhunting.com\/product\/tree-ladder-with-safety-rope\/"},"modified":"2026-03-10T11:46:12","modified_gmt":"2026-03-10T11:46:12","slug":"tree-ladder-with-safety-rope","status":"publish","type":"product","link":"https:\/\/d2dhunting.com\/es\/product\/tree-ladder-with-safety-rope\/","title":{"rendered":"TREE  LADDER WITH SAFETY ROPE"},"content":{"rendered":"<p>La escalera Big Foot\u2122 Tree Ladder ha sido dise\u00f1ada para trepar con confianza. La escalera es lo suficientemente ancha para poner los dos pies en cada escal\u00f3n e incluye pasamanos en ambos lados para mayor seguridad. Adem\u00e1s, los pelda\u00f1os de la escalera est\u00e1n cubiertos con un revestimiento antideslizante permanente Tractionite\u2122 para un agarre superior. La escalera incluye una cuerda de seguridad o l\u00ednea de vida y correas con carraca para garantizar una seguridad y estabilidad inigualables.<\/p>\n","protected":false},"excerpt":{"rendered":"<p>La escalera Big Foot\u2122 Tree Ladder ha sido dise\u00f1ada para trepar con confianza. La escalera es lo suficientemente ancha para poner los dos pies en cada escal\u00f3n e incluye pasamanos en ambos lados para mayor seguridad. Adem\u00e1s, los pelda\u00f1os de la escalera est\u00e1n cubiertos con un revestimiento antideslizante permanente Tractionite\u2122 para un agarre superior. La [&hellip;]<\/p>\n","protected":false},"featured_media":2389,"template":"","meta":{"_acf_changed":false},"pwb-brand":[32],"product_brand":[],"product_cat":[126],"product_tag":[],"giftcard-category":[],"class_list":{"0":"post-4656","1":"product","2":"type-product","3":"status-publish","4":"has-post-thumbnail","6":"pwb-brand-rivers-edge","7":"product_cat-sistemas-de-escalada","9":"first","10":"instock","11":"sale","12":"taxable","13":"shipping-taxable","14":"purchasable","15":"product-type-simple"},"acf":[],"yoast_head":"<!-- This site is optimized with the Yoast SEO plugin v27.2 - https:\/\/yoast.com\/product\/yoast-seo-wordpress\/ -->\n<title>TREE LADDER WITH SAFETY ROPE - D2D Hunting<\/title>\n<meta name=\"robots\" content=\"index, follow, max-snippet:-1, max-image-preview:large, max-video-preview:-1\" \/>\n<link rel=\"canonical\" href=\"https:\/\/d2dhunting.com\/es\/product\/tree-ladder-with-safety-rope\/\" \/>\n<meta property=\"og:locale\" content=\"es_ES\" \/>\n<meta property=\"og:type\" content=\"article\" \/>\n<meta property=\"og:title\" content=\"TREE LADDER WITH SAFETY ROPE - D2D Hunting\" \/>\n<meta property=\"og:description\" content=\"La escalera Big Foot\u2122 Tree Ladder ha sido dise\u00f1ada para trepar con confianza. La escalera es lo suficientemente ancha para poner los dos pies en cada escal\u00f3n e incluye pasamanos en ambos lados para mayor seguridad. Adem\u00e1s, los pelda\u00f1os de la escalera est\u00e1n cubiertos con un revestimiento antideslizante permanente Tractionite\u2122 para un agarre superior. La [&hellip;]\" \/>\n<meta property=\"og:url\" content=\"https:\/\/d2dhunting.com\/es\/product\/tree-ladder-with-safety-rope\/\" \/>\n<meta property=\"og:site_name\" content=\"D2D Hunting\" \/>\n<meta property=\"article:modified_time\" content=\"2026-03-10T11:46:12+00:00\" \/>\n<meta property=\"og:image\" content=\"https:\/\/d2dhunting.com\/wp-content\/uploads\/2024\/01\/RE731-083120-1959-WEB_750x.webp\" \/>\n\t<meta property=\"og:image:width\" content=\"750\" \/>\n\t<meta property=\"og:image:height\" content=\"750\" \/>\n\t<meta property=\"og:image:type\" content=\"image\/webp\" \/>\n<meta name=\"twitter:card\" content=\"summary_large_image\" \/>\n<meta name=\"twitter:label1\" content=\"Tiempo de lectura\" \/>\n\t<meta name=\"twitter:data1\" content=\"1 minuto\" \/>\n<script type=\"application\/ld+json\" class=\"yoast-schema-graph\">{\"@context\":\"https:\/\/schema.org\",\"@graph\":[{\"@type\":[\"WebPage\",\"CollectionPage\"],\"@id\":\"https:\/\/d2dhunting.com\/es\/product\/tree-ladder-with-safety-rope\/\",\"url\":\"https:\/\/d2dhunting.com\/es\/product\/tree-ladder-with-safety-rope\/\",\"name\":\"TREE LADDER WITH SAFETY ROPE - D2D Hunting\",\"isPartOf\":{\"@id\":\"https:\/\/d2dhunting.com\/#website\"},\"primaryImageOfPage\":{\"@id\":\"https:\/\/d2dhunting.com\/es\/product\/tree-ladder-with-safety-rope\/#primaryimage\"},\"image\":{\"@id\":\"https:\/\/d2dhunting.com\/es\/product\/tree-ladder-with-safety-rope\/#primaryimage\"},\"thumbnailUrl\":\"https:\/\/d2dhunting.com\/wp-content\/uploads\/2024\/01\/RE731-083120-1959-WEB_750x.webp\",\"datePublished\":\"2024-01-04T14:24:45+00:00\",\"dateModified\":\"2026-03-10T11:46:12+00:00\",\"breadcrumb\":{\"@id\":\"https:\/\/d2dhunting.com\/es\/product\/tree-ladder-with-safety-rope\/#breadcrumb\"},\"inLanguage\":\"es\"},{\"@type\":\"ImageObject\",\"inLanguage\":\"es\",\"@id\":\"https:\/\/d2dhunting.com\/es\/product\/tree-ladder-with-safety-rope\/#primaryimage\",\"url\":\"https:\/\/d2dhunting.com\/wp-content\/uploads\/2024\/01\/RE731-083120-1959-WEB_750x.webp\",\"contentUrl\":\"https:\/\/d2dhunting.com\/wp-content\/uploads\/2024\/01\/RE731-083120-1959-WEB_750x.webp\",\"width\":750,\"height\":750},{\"@type\":\"BreadcrumbList\",\"@id\":\"https:\/\/d2dhunting.com\/es\/product\/tree-ladder-with-safety-rope\/#breadcrumb\",\"itemListElement\":[{\"@type\":\"ListItem\",\"position\":1,\"name\":\"Home\",\"item\":\"https:\/\/d2dhunting.com\/es\/\"},{\"@type\":\"ListItem\",\"position\":2,\"name\":\"Tienda ES\",\"item\":\"https:\/\/d2dhunting.com\/es\/tienda-2\/\"},{\"@type\":\"ListItem\",\"position\":3,\"name\":\"TREE LADDER WITH SAFETY ROPE\"}]},{\"@type\":\"WebSite\",\"@id\":\"https:\/\/d2dhunting.com\/#website\",\"url\":\"https:\/\/d2dhunting.com\/\",\"name\":\"D2D Hunting\",\"description\":\"D2D was born with the idea of promoting still stalk hunting, through the distribution of quality equipment for the hunter.\",\"publisher\":{\"@id\":\"https:\/\/d2dhunting.com\/#organization\"},\"potentialAction\":[{\"@type\":\"SearchAction\",\"target\":{\"@type\":\"EntryPoint\",\"urlTemplate\":\"https:\/\/d2dhunting.com\/?s={search_term_string}\"},\"query-input\":{\"@type\":\"PropertyValueSpecification\",\"valueRequired\":true,\"valueName\":\"search_term_string\"}}],\"inLanguage\":\"es\"},{\"@type\":\"Organization\",\"@id\":\"https:\/\/d2dhunting.com\/#organization\",\"name\":\"D2D Hunting\",\"url\":\"https:\/\/d2dhunting.com\/\",\"logo\":{\"@type\":\"ImageObject\",\"inLanguage\":\"es\",\"@id\":\"https:\/\/d2dhunting.com\/#\/schema\/logo\/image\/\",\"url\":\"https:\/\/d2dhunting.com\/wp-content\/uploads\/2023\/12\/Logo_Completo.png\",\"contentUrl\":\"https:\/\/d2dhunting.com\/wp-content\/uploads\/2023\/12\/Logo_Completo.png\",\"width\":740,\"height\":308,\"caption\":\"D2D Hunting\"},\"image\":{\"@id\":\"https:\/\/d2dhunting.com\/#\/schema\/logo\/image\/\"}}]}<\/script>\n<!-- \/ Yoast SEO plugin. -->","yoast_head_json":{"title":"TREE LADDER WITH SAFETY ROPE - D2D Hunting","robots":{"index":"index","follow":"follow","max-snippet":"max-snippet:-1","max-image-preview":"max-image-preview:large","max-video-preview":"max-video-preview:-1"},"canonical":"https:\/\/d2dhunting.com\/es\/product\/tree-ladder-with-safety-rope\/","og_locale":"es_ES","og_type":"article","og_title":"TREE LADDER WITH SAFETY ROPE - D2D Hunting","og_description":"La escalera Big Foot\u2122 Tree Ladder ha sido dise\u00f1ada para trepar con confianza. La escalera es lo suficientemente ancha para poner los dos pies en cada escal\u00f3n e incluye pasamanos en ambos lados para mayor seguridad. Adem\u00e1s, los pelda\u00f1os de la escalera est\u00e1n cubiertos con un revestimiento antideslizante permanente Tractionite\u2122 para un agarre superior. La [&hellip;]","og_url":"https:\/\/d2dhunting.com\/es\/product\/tree-ladder-with-safety-rope\/","og_site_name":"D2D Hunting","article_modified_time":"2026-03-10T11:46:12+00:00","og_image":[{"width":750,"height":750,"url":"https:\/\/d2dhunting.com\/wp-content\/uploads\/2024\/01\/RE731-083120-1959-WEB_750x.webp","type":"image\/webp"}],"twitter_card":"summary_large_image","twitter_misc":{"Tiempo de lectura":"1 minuto"},"schema":{"@context":"https:\/\/schema.org","@graph":[{"@type":["WebPage","CollectionPage"],"@id":"https:\/\/d2dhunting.com\/es\/product\/tree-ladder-with-safety-rope\/","url":"https:\/\/d2dhunting.com\/es\/product\/tree-ladder-with-safety-rope\/","name":"TREE LADDER WITH SAFETY ROPE - D2D Hunting","isPartOf":{"@id":"https:\/\/d2dhunting.com\/#website"},"primaryImageOfPage":{"@id":"https:\/\/d2dhunting.com\/es\/product\/tree-ladder-with-safety-rope\/#primaryimage"},"image":{"@id":"https:\/\/d2dhunting.com\/es\/product\/tree-ladder-with-safety-rope\/#primaryimage"},"thumbnailUrl":"https:\/\/d2dhunting.com\/wp-content\/uploads\/2024\/01\/RE731-083120-1959-WEB_750x.webp","datePublished":"2024-01-04T14:24:45+00:00","dateModified":"2026-03-10T11:46:12+00:00","breadcrumb":{"@id":"https:\/\/d2dhunting.com\/es\/product\/tree-ladder-with-safety-rope\/#breadcrumb"},"inLanguage":"es"},{"@type":"ImageObject","inLanguage":"es","@id":"https:\/\/d2dhunting.com\/es\/product\/tree-ladder-with-safety-rope\/#primaryimage","url":"https:\/\/d2dhunting.com\/wp-content\/uploads\/2024\/01\/RE731-083120-1959-WEB_750x.webp","contentUrl":"https:\/\/d2dhunting.com\/wp-content\/uploads\/2024\/01\/RE731-083120-1959-WEB_750x.webp","width":750,"height":750},{"@type":"BreadcrumbList","@id":"https:\/\/d2dhunting.com\/es\/product\/tree-ladder-with-safety-rope\/#breadcrumb","itemListElement":[{"@type":"ListItem","position":1,"name":"Home","item":"https:\/\/d2dhunting.com\/es\/"},{"@type":"ListItem","position":2,"name":"Tienda ES","item":"https:\/\/d2dhunting.com\/es\/tienda-2\/"},{"@type":"ListItem","position":3,"name":"TREE LADDER WITH SAFETY ROPE"}]},{"@type":"WebSite","@id":"https:\/\/d2dhunting.com\/#website","url":"https:\/\/d2dhunting.com\/","name":"D2D Hunting","description":"D2D was born with the idea of promoting still stalk hunting, through the distribution of quality equipment for the hunter.","publisher":{"@id":"https:\/\/d2dhunting.com\/#organization"},"potentialAction":[{"@type":"SearchAction","target":{"@type":"EntryPoint","urlTemplate":"https:\/\/d2dhunting.com\/?s={search_term_string}"},"query-input":{"@type":"PropertyValueSpecification","valueRequired":true,"valueName":"search_term_string"}}],"inLanguage":"es"},{"@type":"Organization","@id":"https:\/\/d2dhunting.com\/#organization","name":"D2D Hunting","url":"https:\/\/d2dhunting.com\/","logo":{"@type":"ImageObject","inLanguage":"es","@id":"https:\/\/d2dhunting.com\/#\/schema\/logo\/image\/","url":"https:\/\/d2dhunting.com\/wp-content\/uploads\/2023\/12\/Logo_Completo.png","contentUrl":"https:\/\/d2dhunting.com\/wp-content\/uploads\/2023\/12\/Logo_Completo.png","width":740,"height":308,"caption":"D2D Hunting"},"image":{"@id":"https:\/\/d2dhunting.com\/#\/schema\/logo\/image\/"}}]}},"brands":[{"id":32,"name":"Rivers Edge","slug":"rivers-edge"}],"_links":{"self":[{"href":"https:\/\/d2dhunting.com\/es\/wp-json\/wp\/v2\/product\/4656","targetHints":{"allow":["GET"]}}],"collection":[{"href":"https:\/\/d2dhunting.com\/es\/wp-json\/wp\/v2\/product"}],"about":[{"href":"https:\/\/d2dhunting.com\/es\/wp-json\/wp\/v2\/types\/product"}],"wp:featuredmedia":[{"embeddable":true,"href":"https:\/\/d2dhunting.com\/es\/wp-json\/wp\/v2\/media\/2389"}],"wp:attachment":[{"href":"https:\/\/d2dhunting.com\/es\/wp-json\/wp\/v2\/media?parent=4656"}],"wp:term":[{"taxonomy":"pwb-brand","embeddable":true,"href":"https:\/\/d2dhunting.com\/es\/wp-json\/wp\/v2\/pwb-brand?post=4656"},{"taxonomy":"product_brand","embeddable":true,"href":"https:\/\/d2dhunting.com\/es\/wp-json\/wp\/v2\/product_brand?post=4656"},{"taxonomy":"product_cat","embeddable":true,"href":"https:\/\/d2dhunting.com\/es\/wp-json\/wp\/v2\/product_cat?post=4656"},{"taxonomy":"product_tag","embeddable":true,"href":"https:\/\/d2dhunting.com\/es\/wp-json\/wp\/v2\/product_tag?post=4656"},{"taxonomy":"giftcard-category","embeddable":true,"href":"https:\/\/d2dhunting.com\/es\/wp-json\/wp\/v2\/giftcard-category?post=4656"}],"curies":[{"name":"wp","href":"https:\/\/api.w.org\/{rel}","templated":true}]}}