{"id":4681,"date":"2024-01-04T10:53:16","date_gmt":"2024-01-04T10:53:16","guid":{"rendered":"https:\/\/d2dhunting.com\/product\/relax-wide-1-man\/"},"modified":"2025-03-21T10:06:23","modified_gmt":"2025-03-21T10:06:23","slug":"relax-wide-1-man","status":"publish","type":"product","link":"https:\/\/d2dhunting.com\/es\/product\/relax-wide-1-man\/","title":{"rendered":"RELAX  WIDE 1-MAN"},"content":{"rendered":"<p>El stand de escalera Relax Wide\u2122 cuenta con un asiento de malla TearTuff\u2122 extra ancho que brinda comodidad durante todo el d\u00eda para esas esperas especialmente largas. Para tener m\u00e1s espacio, tambi\u00e9n cuenta con una plataforma de 23&#8243; (58 cm) de ancho y un riel de tiro acolchado y extra\u00edble. Un puesto para sentarse y relajarse.<\/p>\n","protected":false},"excerpt":{"rendered":"<p>El stand de escalera Relax Wide\u2122 cuenta con un asiento de malla TearTuff\u2122 extra ancho que brinda comodidad durante todo el d\u00eda para esas esperas especialmente largas. Para tener m\u00e1s espacio, tambi\u00e9n cuenta con una plataforma de 23&#8243; (58 cm) de ancho y un riel de tiro acolchado y extra\u00edble. Un puesto para sentarse y [&hellip;]<\/p>\n","protected":false},"featured_media":1922,"template":"","meta":{"_acf_changed":false},"pwb-brand":[32],"product_brand":[],"product_cat":[2282,134,133],"product_tag":[3203],"giftcard-category":[],"class_list":{"0":"post-4681","1":"product","2":"type-product","3":"status-publish","4":"has-post-thumbnail","6":"pwb-brand-rivers-edge","7":"product_cat-black-friday-es","8":"product_cat-1-man-es","9":"product_cat-ladder-stands-es","10":"product_tag-ladders-es","12":"first","13":"instock","14":"taxable","15":"shipping-taxable","16":"purchasable","17":"product-type-simple"},"acf":[],"yoast_head":"<!-- This site is optimized with the Yoast SEO plugin v27.2 - https:\/\/yoast.com\/product\/yoast-seo-wordpress\/ -->\n<title>RELAX WIDE 1-MAN - D2D Hunting<\/title>\n<meta name=\"robots\" content=\"index, follow, max-snippet:-1, max-image-preview:large, max-video-preview:-1\" \/>\n<link rel=\"canonical\" href=\"https:\/\/d2dhunting.com\/es\/product\/relax-wide-1-man\/\" \/>\n<meta property=\"og:locale\" content=\"es_ES\" \/>\n<meta property=\"og:type\" content=\"article\" \/>\n<meta property=\"og:title\" content=\"RELAX WIDE 1-MAN - D2D Hunting\" \/>\n<meta property=\"og:description\" content=\"El stand de escalera Relax Wide\u2122 cuenta con un asiento de malla TearTuff\u2122 extra ancho que brinda comodidad durante todo el d\u00eda para esas esperas especialmente largas. Para tener m\u00e1s espacio, tambi\u00e9n cuenta con una plataforma de 23&#8243; (58 cm) de ancho y un riel de tiro acolchado y extra\u00edble. Un puesto para sentarse y [&hellip;]\" \/>\n<meta property=\"og:url\" content=\"https:\/\/d2dhunting.com\/es\/product\/relax-wide-1-man\/\" \/>\n<meta property=\"og:site_name\" content=\"D2D Hunting\" \/>\n<meta property=\"article:modified_time\" content=\"2025-03-21T10:06:23+00:00\" \/>\n<meta property=\"og:image\" content=\"https:\/\/d2dhunting.com\/wp-content\/uploads\/2024\/01\/RE664-882B7234-103018-WEB_750x.webp\" \/>\n\t<meta property=\"og:image:width\" content=\"750\" \/>\n\t<meta property=\"og:image:height\" content=\"750\" \/>\n\t<meta property=\"og:image:type\" content=\"image\/webp\" \/>\n<meta name=\"twitter:card\" content=\"summary_large_image\" \/>\n<meta name=\"twitter:label1\" content=\"Tiempo de lectura\" \/>\n\t<meta name=\"twitter:data1\" content=\"1 minuto\" \/>\n<script type=\"application\/ld+json\" class=\"yoast-schema-graph\">{\"@context\":\"https:\/\/schema.org\",\"@graph\":[{\"@type\":[\"WebPage\",\"CollectionPage\"],\"@id\":\"https:\/\/d2dhunting.com\/es\/product\/relax-wide-1-man\/\",\"url\":\"https:\/\/d2dhunting.com\/es\/product\/relax-wide-1-man\/\",\"name\":\"RELAX WIDE 1-MAN - D2D Hunting\",\"isPartOf\":{\"@id\":\"https:\/\/d2dhunting.com\/#website\"},\"primaryImageOfPage\":{\"@id\":\"https:\/\/d2dhunting.com\/es\/product\/relax-wide-1-man\/#primaryimage\"},\"image\":{\"@id\":\"https:\/\/d2dhunting.com\/es\/product\/relax-wide-1-man\/#primaryimage\"},\"thumbnailUrl\":\"https:\/\/d2dhunting.com\/wp-content\/uploads\/2024\/01\/RE664-882B7234-103018-WEB_750x.webp\",\"datePublished\":\"2024-01-04T10:53:16+00:00\",\"dateModified\":\"2025-03-21T10:06:23+00:00\",\"breadcrumb\":{\"@id\":\"https:\/\/d2dhunting.com\/es\/product\/relax-wide-1-man\/#breadcrumb\"},\"inLanguage\":\"es\"},{\"@type\":\"ImageObject\",\"inLanguage\":\"es\",\"@id\":\"https:\/\/d2dhunting.com\/es\/product\/relax-wide-1-man\/#primaryimage\",\"url\":\"https:\/\/d2dhunting.com\/wp-content\/uploads\/2024\/01\/RE664-882B7234-103018-WEB_750x.webp\",\"contentUrl\":\"https:\/\/d2dhunting.com\/wp-content\/uploads\/2024\/01\/RE664-882B7234-103018-WEB_750x.webp\",\"width\":750,\"height\":750},{\"@type\":\"BreadcrumbList\",\"@id\":\"https:\/\/d2dhunting.com\/es\/product\/relax-wide-1-man\/#breadcrumb\",\"itemListElement\":[{\"@type\":\"ListItem\",\"position\":1,\"name\":\"Home\",\"item\":\"https:\/\/d2dhunting.com\/es\/\"},{\"@type\":\"ListItem\",\"position\":2,\"name\":\"Tienda ES\",\"item\":\"https:\/\/d2dhunting.com\/es\/tienda-2\/\"},{\"@type\":\"ListItem\",\"position\":3,\"name\":\"RELAX WIDE 1-MAN\"}]},{\"@type\":\"WebSite\",\"@id\":\"https:\/\/d2dhunting.com\/#website\",\"url\":\"https:\/\/d2dhunting.com\/\",\"name\":\"D2D Hunting\",\"description\":\"D2D was born with the idea of promoting still stalk hunting, through the distribution of quality equipment for the hunter.\",\"publisher\":{\"@id\":\"https:\/\/d2dhunting.com\/#organization\"},\"potentialAction\":[{\"@type\":\"SearchAction\",\"target\":{\"@type\":\"EntryPoint\",\"urlTemplate\":\"https:\/\/d2dhunting.com\/?s={search_term_string}\"},\"query-input\":{\"@type\":\"PropertyValueSpecification\",\"valueRequired\":true,\"valueName\":\"search_term_string\"}}],\"inLanguage\":\"es\"},{\"@type\":\"Organization\",\"@id\":\"https:\/\/d2dhunting.com\/#organization\",\"name\":\"D2D Hunting\",\"url\":\"https:\/\/d2dhunting.com\/\",\"logo\":{\"@type\":\"ImageObject\",\"inLanguage\":\"es\",\"@id\":\"https:\/\/d2dhunting.com\/#\/schema\/logo\/image\/\",\"url\":\"https:\/\/d2dhunting.com\/wp-content\/uploads\/2023\/12\/Logo_Completo.png\",\"contentUrl\":\"https:\/\/d2dhunting.com\/wp-content\/uploads\/2023\/12\/Logo_Completo.png\",\"width\":740,\"height\":308,\"caption\":\"D2D Hunting\"},\"image\":{\"@id\":\"https:\/\/d2dhunting.com\/#\/schema\/logo\/image\/\"}}]}<\/script>\n<!-- \/ Yoast SEO plugin. -->","yoast_head_json":{"title":"RELAX WIDE 1-MAN - D2D Hunting","robots":{"index":"index","follow":"follow","max-snippet":"max-snippet:-1","max-image-preview":"max-image-preview:large","max-video-preview":"max-video-preview:-1"},"canonical":"https:\/\/d2dhunting.com\/es\/product\/relax-wide-1-man\/","og_locale":"es_ES","og_type":"article","og_title":"RELAX WIDE 1-MAN - D2D Hunting","og_description":"El stand de escalera Relax Wide\u2122 cuenta con un asiento de malla TearTuff\u2122 extra ancho que brinda comodidad durante todo el d\u00eda para esas esperas especialmente largas. Para tener m\u00e1s espacio, tambi\u00e9n cuenta con una plataforma de 23&#8243; (58 cm) de ancho y un riel de tiro acolchado y extra\u00edble. Un puesto para sentarse y [&hellip;]","og_url":"https:\/\/d2dhunting.com\/es\/product\/relax-wide-1-man\/","og_site_name":"D2D Hunting","article_modified_time":"2025-03-21T10:06:23+00:00","og_image":[{"width":750,"height":750,"url":"https:\/\/d2dhunting.com\/wp-content\/uploads\/2024\/01\/RE664-882B7234-103018-WEB_750x.webp","type":"image\/webp"}],"twitter_card":"summary_large_image","twitter_misc":{"Tiempo de lectura":"1 minuto"},"schema":{"@context":"https:\/\/schema.org","@graph":[{"@type":["WebPage","CollectionPage"],"@id":"https:\/\/d2dhunting.com\/es\/product\/relax-wide-1-man\/","url":"https:\/\/d2dhunting.com\/es\/product\/relax-wide-1-man\/","name":"RELAX WIDE 1-MAN - D2D Hunting","isPartOf":{"@id":"https:\/\/d2dhunting.com\/#website"},"primaryImageOfPage":{"@id":"https:\/\/d2dhunting.com\/es\/product\/relax-wide-1-man\/#primaryimage"},"image":{"@id":"https:\/\/d2dhunting.com\/es\/product\/relax-wide-1-man\/#primaryimage"},"thumbnailUrl":"https:\/\/d2dhunting.com\/wp-content\/uploads\/2024\/01\/RE664-882B7234-103018-WEB_750x.webp","datePublished":"2024-01-04T10:53:16+00:00","dateModified":"2025-03-21T10:06:23+00:00","breadcrumb":{"@id":"https:\/\/d2dhunting.com\/es\/product\/relax-wide-1-man\/#breadcrumb"},"inLanguage":"es"},{"@type":"ImageObject","inLanguage":"es","@id":"https:\/\/d2dhunting.com\/es\/product\/relax-wide-1-man\/#primaryimage","url":"https:\/\/d2dhunting.com\/wp-content\/uploads\/2024\/01\/RE664-882B7234-103018-WEB_750x.webp","contentUrl":"https:\/\/d2dhunting.com\/wp-content\/uploads\/2024\/01\/RE664-882B7234-103018-WEB_750x.webp","width":750,"height":750},{"@type":"BreadcrumbList","@id":"https:\/\/d2dhunting.com\/es\/product\/relax-wide-1-man\/#breadcrumb","itemListElement":[{"@type":"ListItem","position":1,"name":"Home","item":"https:\/\/d2dhunting.com\/es\/"},{"@type":"ListItem","position":2,"name":"Tienda ES","item":"https:\/\/d2dhunting.com\/es\/tienda-2\/"},{"@type":"ListItem","position":3,"name":"RELAX WIDE 1-MAN"}]},{"@type":"WebSite","@id":"https:\/\/d2dhunting.com\/#website","url":"https:\/\/d2dhunting.com\/","name":"D2D Hunting","description":"D2D was born with the idea of promoting still stalk hunting, through the distribution of quality equipment for the hunter.","publisher":{"@id":"https:\/\/d2dhunting.com\/#organization"},"potentialAction":[{"@type":"SearchAction","target":{"@type":"EntryPoint","urlTemplate":"https:\/\/d2dhunting.com\/?s={search_term_string}"},"query-input":{"@type":"PropertyValueSpecification","valueRequired":true,"valueName":"search_term_string"}}],"inLanguage":"es"},{"@type":"Organization","@id":"https:\/\/d2dhunting.com\/#organization","name":"D2D Hunting","url":"https:\/\/d2dhunting.com\/","logo":{"@type":"ImageObject","inLanguage":"es","@id":"https:\/\/d2dhunting.com\/#\/schema\/logo\/image\/","url":"https:\/\/d2dhunting.com\/wp-content\/uploads\/2023\/12\/Logo_Completo.png","contentUrl":"https:\/\/d2dhunting.com\/wp-content\/uploads\/2023\/12\/Logo_Completo.png","width":740,"height":308,"caption":"D2D Hunting"},"image":{"@id":"https:\/\/d2dhunting.com\/#\/schema\/logo\/image\/"}}]}},"brands":[{"id":32,"name":"Rivers Edge","slug":"rivers-edge"}],"_links":{"self":[{"href":"https:\/\/d2dhunting.com\/es\/wp-json\/wp\/v2\/product\/4681","targetHints":{"allow":["GET"]}}],"collection":[{"href":"https:\/\/d2dhunting.com\/es\/wp-json\/wp\/v2\/product"}],"about":[{"href":"https:\/\/d2dhunting.com\/es\/wp-json\/wp\/v2\/types\/product"}],"wp:featuredmedia":[{"embeddable":true,"href":"https:\/\/d2dhunting.com\/es\/wp-json\/wp\/v2\/media\/1922"}],"wp:attachment":[{"href":"https:\/\/d2dhunting.com\/es\/wp-json\/wp\/v2\/media?parent=4681"}],"wp:term":[{"taxonomy":"pwb-brand","embeddable":true,"href":"https:\/\/d2dhunting.com\/es\/wp-json\/wp\/v2\/pwb-brand?post=4681"},{"taxonomy":"product_brand","embeddable":true,"href":"https:\/\/d2dhunting.com\/es\/wp-json\/wp\/v2\/product_brand?post=4681"},{"taxonomy":"product_cat","embeddable":true,"href":"https:\/\/d2dhunting.com\/es\/wp-json\/wp\/v2\/product_cat?post=4681"},{"taxonomy":"product_tag","embeddable":true,"href":"https:\/\/d2dhunting.com\/es\/wp-json\/wp\/v2\/product_tag?post=4681"},{"taxonomy":"giftcard-category","embeddable":true,"href":"https:\/\/d2dhunting.com\/es\/wp-json\/wp\/v2\/giftcard-category?post=4681"}],"curies":[{"name":"wp","href":"https:\/\/api.w.org\/{rel}","templated":true}]}}