{"id":4690,"date":"2024-01-04T08:42:19","date_gmt":"2024-01-04T08:42:19","guid":{"rendered":"https:\/\/d2dhunting.com\/product\/lockdown-21ft-360-1-man\/"},"modified":"2024-03-22T12:06:55","modified_gmt":"2024-03-22T12:06:55","slug":"lockdown-21ft-360-1-man","status":"publish","type":"product","link":"https:\/\/d2dhunting.com\/es\/product\/lockdown-21ft-360-1-man\/","title":{"rendered":"LOCKDOWN\u2122  21FT 360 1-MAN"},"content":{"rendered":"<p>El stand Lockdown\u2122 21&#8242; 360\u00b0 es un puesto ideal sea cual sea el arma utilizada en la espera, pero muy especialmente si se emplea rifle o ballesta. El riel de tiro ajustable en altura, la plataforma completa y la tela de ocultaci\u00f3n realizada en tejido te\u00f1ido de alta resistencia aportan todas las caracter\u00edsticas que se buscan en un puesto de caza elevado grande y c\u00f3modo. Dispone de un asiento de malla TearTuff\u2122 de gran tama\u00f1o que gira 360 grados y de una plataforma completa que proporciona mucho espacio para los pies en todos los \u00e1ngulos. El Lockdown\u2122 21&#8242; 360 incluye una tela de ocultaci\u00f3n resistente a la intemperie que est\u00e1 dise\u00f1ada para hacer frente a los elementos. El tejido es muy resistente y no se desti\u00f1e ni se deteriora con el tiempo, a diferencia de las telas de camuflaje tradicionales. Cuenta con un riel de tiro ancho y redondeado que permite 6&#8243; (15cm) de ajuste de altura para adaptarse a todos los cazadores, \u00e1ngulos de disparo y terrenos. Gracias a la l\u00ednea de stands Lockdown\u2122, ya no tendr\u00e1 que decidir entre seguridad o altura. Nuestra tecnolog\u00eda pendiente de patente Ground-level Ratcheting\u2122 permite sujetar la plataforma firmemente al \u00e1rbol antes de dejar el suelo y empezar a subir por la escalera. Este ingenioso sistema permite al usuario izar las correas de la plataforma hasta la parte superior del soporte mientras est\u00e1 de pie en el suelo y sujetarlas firmemente al tronco. Aseg\u00farelo desde el suelo y disfrute del puesto de caza m\u00e1s seguro que se puede comprar con el Lockdown\u2122 21&#8242; 360\u00b0.<\/p>\n","protected":false},"excerpt":{"rendered":"<p>El stand Lockdown\u2122 21&#8242; 360\u00b0 es un puesto ideal sea cual sea el arma utilizada en la espera, pero muy especialmente si se emplea rifle o ballesta. El riel de tiro ajustable en altura, la plataforma completa y la tela de ocultaci\u00f3n realizada en tejido te\u00f1ido de alta resistencia aportan todas las caracter\u00edsticas que se [&hellip;]<\/p>\n","protected":false},"featured_media":1765,"template":"","meta":{"_acf_changed":false},"pwb-brand":[30,32],"product_brand":[],"product_cat":[133,136],"product_tag":[],"giftcard-category":[],"class_list":{"0":"post-4690","1":"product","2":"type-product","3":"status-publish","4":"has-post-thumbnail","6":"pwb-brand-lockdown","7":"pwb-brand-rivers-edge","8":"product_cat-ladder-stands-es","9":"product_cat-lockdown-es","11":"first","12":"outofstock","13":"taxable","14":"shipping-taxable","15":"product-type-simple"},"acf":[],"yoast_head":"<!-- This site is optimized with the Yoast SEO plugin v27.2 - https:\/\/yoast.com\/product\/yoast-seo-wordpress\/ -->\n<title>LOCKDOWN\u2122 21FT 360 1-MAN - D2D Hunting<\/title>\n<meta name=\"robots\" content=\"index, follow, max-snippet:-1, max-image-preview:large, max-video-preview:-1\" \/>\n<link rel=\"canonical\" href=\"https:\/\/d2dhunting.com\/es\/product\/lockdown-21ft-360-1-man\/\" \/>\n<meta property=\"og:locale\" content=\"es_ES\" \/>\n<meta property=\"og:type\" content=\"article\" \/>\n<meta property=\"og:title\" content=\"LOCKDOWN\u2122 21FT 360 1-MAN - D2D Hunting\" \/>\n<meta property=\"og:description\" content=\"El stand Lockdown\u2122 21&#8242; 360\u00b0 es un puesto ideal sea cual sea el arma utilizada en la espera, pero muy especialmente si se emplea rifle o ballesta. El riel de tiro ajustable en altura, la plataforma completa y la tela de ocultaci\u00f3n realizada en tejido te\u00f1ido de alta resistencia aportan todas las caracter\u00edsticas que se [&hellip;]\" \/>\n<meta property=\"og:url\" content=\"https:\/\/d2dhunting.com\/es\/product\/lockdown-21ft-360-1-man\/\" \/>\n<meta property=\"og:site_name\" content=\"D2D Hunting\" \/>\n<meta property=\"article:modified_time\" content=\"2024-03-22T12:06:55+00:00\" \/>\n<meta property=\"og:image\" content=\"https:\/\/d2dhunting.com\/wp-content\/uploads\/2024\/01\/LD204-020323-882B0787-WEB_750x.webp\" \/>\n\t<meta property=\"og:image:width\" content=\"750\" \/>\n\t<meta property=\"og:image:height\" content=\"750\" \/>\n\t<meta property=\"og:image:type\" content=\"image\/webp\" \/>\n<meta name=\"twitter:card\" content=\"summary_large_image\" \/>\n<meta name=\"twitter:label1\" content=\"Tiempo de lectura\" \/>\n\t<meta name=\"twitter:data1\" content=\"2 minutos\" \/>\n<script type=\"application\/ld+json\" class=\"yoast-schema-graph\">{\"@context\":\"https:\/\/schema.org\",\"@graph\":[{\"@type\":[\"WebPage\",\"CollectionPage\"],\"@id\":\"https:\/\/d2dhunting.com\/es\/product\/lockdown-21ft-360-1-man\/\",\"url\":\"https:\/\/d2dhunting.com\/es\/product\/lockdown-21ft-360-1-man\/\",\"name\":\"LOCKDOWN\u2122 21FT 360 1-MAN - D2D Hunting\",\"isPartOf\":{\"@id\":\"https:\/\/d2dhunting.com\/#website\"},\"primaryImageOfPage\":{\"@id\":\"https:\/\/d2dhunting.com\/es\/product\/lockdown-21ft-360-1-man\/#primaryimage\"},\"image\":{\"@id\":\"https:\/\/d2dhunting.com\/es\/product\/lockdown-21ft-360-1-man\/#primaryimage\"},\"thumbnailUrl\":\"https:\/\/d2dhunting.com\/wp-content\/uploads\/2024\/01\/LD204-020323-882B0787-WEB_750x.webp\",\"datePublished\":\"2024-01-04T08:42:19+00:00\",\"dateModified\":\"2024-03-22T12:06:55+00:00\",\"breadcrumb\":{\"@id\":\"https:\/\/d2dhunting.com\/es\/product\/lockdown-21ft-360-1-man\/#breadcrumb\"},\"inLanguage\":\"es\"},{\"@type\":\"ImageObject\",\"inLanguage\":\"es\",\"@id\":\"https:\/\/d2dhunting.com\/es\/product\/lockdown-21ft-360-1-man\/#primaryimage\",\"url\":\"https:\/\/d2dhunting.com\/wp-content\/uploads\/2024\/01\/LD204-020323-882B0787-WEB_750x.webp\",\"contentUrl\":\"https:\/\/d2dhunting.com\/wp-content\/uploads\/2024\/01\/LD204-020323-882B0787-WEB_750x.webp\",\"width\":750,\"height\":750},{\"@type\":\"BreadcrumbList\",\"@id\":\"https:\/\/d2dhunting.com\/es\/product\/lockdown-21ft-360-1-man\/#breadcrumb\",\"itemListElement\":[{\"@type\":\"ListItem\",\"position\":1,\"name\":\"Home\",\"item\":\"https:\/\/d2dhunting.com\/es\/\"},{\"@type\":\"ListItem\",\"position\":2,\"name\":\"Tienda ES\",\"item\":\"https:\/\/d2dhunting.com\/es\/tienda-2\/\"},{\"@type\":\"ListItem\",\"position\":3,\"name\":\"LOCKDOWN\u2122 21FT 360 1-MAN\"}]},{\"@type\":\"WebSite\",\"@id\":\"https:\/\/d2dhunting.com\/#website\",\"url\":\"https:\/\/d2dhunting.com\/\",\"name\":\"D2D Hunting\",\"description\":\"D2D was born with the idea of promoting still stalk hunting, through the distribution of quality equipment for the hunter.\",\"publisher\":{\"@id\":\"https:\/\/d2dhunting.com\/#organization\"},\"potentialAction\":[{\"@type\":\"SearchAction\",\"target\":{\"@type\":\"EntryPoint\",\"urlTemplate\":\"https:\/\/d2dhunting.com\/?s={search_term_string}\"},\"query-input\":{\"@type\":\"PropertyValueSpecification\",\"valueRequired\":true,\"valueName\":\"search_term_string\"}}],\"inLanguage\":\"es\"},{\"@type\":\"Organization\",\"@id\":\"https:\/\/d2dhunting.com\/#organization\",\"name\":\"D2D Hunting\",\"url\":\"https:\/\/d2dhunting.com\/\",\"logo\":{\"@type\":\"ImageObject\",\"inLanguage\":\"es\",\"@id\":\"https:\/\/d2dhunting.com\/#\/schema\/logo\/image\/\",\"url\":\"https:\/\/d2dhunting.com\/wp-content\/uploads\/2023\/12\/Logo_Completo.png\",\"contentUrl\":\"https:\/\/d2dhunting.com\/wp-content\/uploads\/2023\/12\/Logo_Completo.png\",\"width\":740,\"height\":308,\"caption\":\"D2D Hunting\"},\"image\":{\"@id\":\"https:\/\/d2dhunting.com\/#\/schema\/logo\/image\/\"}}]}<\/script>\n<!-- \/ Yoast SEO plugin. -->","yoast_head_json":{"title":"LOCKDOWN\u2122 21FT 360 1-MAN - D2D Hunting","robots":{"index":"index","follow":"follow","max-snippet":"max-snippet:-1","max-image-preview":"max-image-preview:large","max-video-preview":"max-video-preview:-1"},"canonical":"https:\/\/d2dhunting.com\/es\/product\/lockdown-21ft-360-1-man\/","og_locale":"es_ES","og_type":"article","og_title":"LOCKDOWN\u2122 21FT 360 1-MAN - D2D Hunting","og_description":"El stand Lockdown\u2122 21&#8242; 360\u00b0 es un puesto ideal sea cual sea el arma utilizada en la espera, pero muy especialmente si se emplea rifle o ballesta. El riel de tiro ajustable en altura, la plataforma completa y la tela de ocultaci\u00f3n realizada en tejido te\u00f1ido de alta resistencia aportan todas las caracter\u00edsticas que se [&hellip;]","og_url":"https:\/\/d2dhunting.com\/es\/product\/lockdown-21ft-360-1-man\/","og_site_name":"D2D Hunting","article_modified_time":"2024-03-22T12:06:55+00:00","og_image":[{"width":750,"height":750,"url":"https:\/\/d2dhunting.com\/wp-content\/uploads\/2024\/01\/LD204-020323-882B0787-WEB_750x.webp","type":"image\/webp"}],"twitter_card":"summary_large_image","twitter_misc":{"Tiempo de lectura":"2 minutos"},"schema":{"@context":"https:\/\/schema.org","@graph":[{"@type":["WebPage","CollectionPage"],"@id":"https:\/\/d2dhunting.com\/es\/product\/lockdown-21ft-360-1-man\/","url":"https:\/\/d2dhunting.com\/es\/product\/lockdown-21ft-360-1-man\/","name":"LOCKDOWN\u2122 21FT 360 1-MAN - D2D Hunting","isPartOf":{"@id":"https:\/\/d2dhunting.com\/#website"},"primaryImageOfPage":{"@id":"https:\/\/d2dhunting.com\/es\/product\/lockdown-21ft-360-1-man\/#primaryimage"},"image":{"@id":"https:\/\/d2dhunting.com\/es\/product\/lockdown-21ft-360-1-man\/#primaryimage"},"thumbnailUrl":"https:\/\/d2dhunting.com\/wp-content\/uploads\/2024\/01\/LD204-020323-882B0787-WEB_750x.webp","datePublished":"2024-01-04T08:42:19+00:00","dateModified":"2024-03-22T12:06:55+00:00","breadcrumb":{"@id":"https:\/\/d2dhunting.com\/es\/product\/lockdown-21ft-360-1-man\/#breadcrumb"},"inLanguage":"es"},{"@type":"ImageObject","inLanguage":"es","@id":"https:\/\/d2dhunting.com\/es\/product\/lockdown-21ft-360-1-man\/#primaryimage","url":"https:\/\/d2dhunting.com\/wp-content\/uploads\/2024\/01\/LD204-020323-882B0787-WEB_750x.webp","contentUrl":"https:\/\/d2dhunting.com\/wp-content\/uploads\/2024\/01\/LD204-020323-882B0787-WEB_750x.webp","width":750,"height":750},{"@type":"BreadcrumbList","@id":"https:\/\/d2dhunting.com\/es\/product\/lockdown-21ft-360-1-man\/#breadcrumb","itemListElement":[{"@type":"ListItem","position":1,"name":"Home","item":"https:\/\/d2dhunting.com\/es\/"},{"@type":"ListItem","position":2,"name":"Tienda ES","item":"https:\/\/d2dhunting.com\/es\/tienda-2\/"},{"@type":"ListItem","position":3,"name":"LOCKDOWN\u2122 21FT 360 1-MAN"}]},{"@type":"WebSite","@id":"https:\/\/d2dhunting.com\/#website","url":"https:\/\/d2dhunting.com\/","name":"D2D Hunting","description":"D2D was born with the idea of promoting still stalk hunting, through the distribution of quality equipment for the hunter.","publisher":{"@id":"https:\/\/d2dhunting.com\/#organization"},"potentialAction":[{"@type":"SearchAction","target":{"@type":"EntryPoint","urlTemplate":"https:\/\/d2dhunting.com\/?s={search_term_string}"},"query-input":{"@type":"PropertyValueSpecification","valueRequired":true,"valueName":"search_term_string"}}],"inLanguage":"es"},{"@type":"Organization","@id":"https:\/\/d2dhunting.com\/#organization","name":"D2D Hunting","url":"https:\/\/d2dhunting.com\/","logo":{"@type":"ImageObject","inLanguage":"es","@id":"https:\/\/d2dhunting.com\/#\/schema\/logo\/image\/","url":"https:\/\/d2dhunting.com\/wp-content\/uploads\/2023\/12\/Logo_Completo.png","contentUrl":"https:\/\/d2dhunting.com\/wp-content\/uploads\/2023\/12\/Logo_Completo.png","width":740,"height":308,"caption":"D2D Hunting"},"image":{"@id":"https:\/\/d2dhunting.com\/#\/schema\/logo\/image\/"}}]}},"brands":[{"id":30,"name":"LockDown","slug":"lockdown"},{"id":32,"name":"Rivers Edge","slug":"rivers-edge"}],"_links":{"self":[{"href":"https:\/\/d2dhunting.com\/es\/wp-json\/wp\/v2\/product\/4690","targetHints":{"allow":["GET"]}}],"collection":[{"href":"https:\/\/d2dhunting.com\/es\/wp-json\/wp\/v2\/product"}],"about":[{"href":"https:\/\/d2dhunting.com\/es\/wp-json\/wp\/v2\/types\/product"}],"wp:featuredmedia":[{"embeddable":true,"href":"https:\/\/d2dhunting.com\/es\/wp-json\/wp\/v2\/media\/1765"}],"wp:attachment":[{"href":"https:\/\/d2dhunting.com\/es\/wp-json\/wp\/v2\/media?parent=4690"}],"wp:term":[{"taxonomy":"pwb-brand","embeddable":true,"href":"https:\/\/d2dhunting.com\/es\/wp-json\/wp\/v2\/pwb-brand?post=4690"},{"taxonomy":"product_brand","embeddable":true,"href":"https:\/\/d2dhunting.com\/es\/wp-json\/wp\/v2\/product_brand?post=4690"},{"taxonomy":"product_cat","embeddable":true,"href":"https:\/\/d2dhunting.com\/es\/wp-json\/wp\/v2\/product_cat?post=4690"},{"taxonomy":"product_tag","embeddable":true,"href":"https:\/\/d2dhunting.com\/es\/wp-json\/wp\/v2\/product_tag?post=4690"},{"taxonomy":"giftcard-category","embeddable":true,"href":"https:\/\/d2dhunting.com\/es\/wp-json\/wp\/v2\/giftcard-category?post=4690"}],"curies":[{"name":"wp","href":"https:\/\/api.w.org\/{rel}","templated":true}]}}