{"id":4693,"date":"2024-01-04T08:39:45","date_gmt":"2024-01-04T08:39:45","guid":{"rendered":"https:\/\/d2dhunting.com\/product\/lockdown-wide-1-man\/"},"modified":"2024-09-27T09:45:20","modified_gmt":"2024-09-27T09:45:20","slug":"lockdown-wide-1-man","status":"publish","type":"product","link":"https:\/\/d2dhunting.com\/es\/product\/lockdown-wide-1-man\/","title":{"rendered":"LOCKDOWN\u2122  WIDE 1-MAN"},"content":{"rendered":"<p>El stand de escalera Lockdown\u2122 Wide es uno de los puestos de caza m\u00e1s c\u00f3modos del mercado. Cuenta con un asiento de malla TearTuff\u2122 abatible extra ancho que proporciona comodidad durante todo el d\u00eda y la capacidad de estar de pie mientras se dispara. Adem\u00e1s, este stand cuenta con el Ultimate Shooting Raill\u2122, una barandilla o riel de tiro que se puede ajustar tanto en altura como en longitud seg\u00fan sus preferencias personales y arma utilizada. Su dise\u00f1o \u00fanico permite incluso escamotear completamente el riel de tiro aloj\u00e1ndolo en una ranura de la plataforma, perfecto para la caza con arco. Por \u00faltimo, nuestra tecnolog\u00eda pendiente de patente Ground-level Ratcheting\u2122 permite sujetar la plataforma firmemente al \u00e1rbol antes de dejar el suelo y empezar a subir por la escalera. Este ingenioso sistema permite al usuario izar las correas de la plataforma hasta la parte superior del soporte mientras est\u00e1 de pie en el suelo y sujetarlas firmemente al tronco.<\/p>\n","protected":false},"excerpt":{"rendered":"<p>El stand de escalera Lockdown\u2122 Wide es uno de los puestos de caza m\u00e1s c\u00f3modos del mercado. Cuenta con un asiento de malla TearTuff\u2122 abatible extra ancho que proporciona comodidad durante todo el d\u00eda y la capacidad de estar de pie mientras se dispara. Adem\u00e1s, este stand cuenta con el Ultimate Shooting Raill\u2122, una barandilla [&hellip;]<\/p>\n","protected":false},"featured_media":1709,"template":"","meta":{"_acf_changed":false},"pwb-brand":[30,32],"product_brand":[],"product_cat":[134,133,136],"product_tag":[3203],"giftcard-category":[],"class_list":{"0":"post-4693","1":"product","2":"type-product","3":"status-publish","4":"has-post-thumbnail","6":"pwb-brand-lockdown","7":"pwb-brand-rivers-edge","8":"product_cat-1-man-es","9":"product_cat-ladder-stands-es","10":"product_cat-lockdown-es","11":"product_tag-ladders-es","13":"first","14":"instock","15":"taxable","16":"shipping-taxable","17":"purchasable","18":"product-type-simple"},"acf":[],"yoast_head":"<!-- This site is optimized with the Yoast SEO plugin v27.2 - https:\/\/yoast.com\/product\/yoast-seo-wordpress\/ -->\n<title>LOCKDOWN\u2122 WIDE 1-MAN - D2D Hunting<\/title>\n<meta name=\"robots\" content=\"index, follow, max-snippet:-1, max-image-preview:large, max-video-preview:-1\" \/>\n<link rel=\"canonical\" href=\"https:\/\/d2dhunting.com\/es\/product\/lockdown-wide-1-man\/\" \/>\n<meta property=\"og:locale\" content=\"es_ES\" \/>\n<meta property=\"og:type\" content=\"article\" \/>\n<meta property=\"og:title\" content=\"LOCKDOWN\u2122 WIDE 1-MAN - D2D Hunting\" \/>\n<meta property=\"og:description\" content=\"El stand de escalera Lockdown\u2122 Wide es uno de los puestos de caza m\u00e1s c\u00f3modos del mercado. Cuenta con un asiento de malla TearTuff\u2122 abatible extra ancho que proporciona comodidad durante todo el d\u00eda y la capacidad de estar de pie mientras se dispara. Adem\u00e1s, este stand cuenta con el Ultimate Shooting Raill\u2122, una barandilla [&hellip;]\" \/>\n<meta property=\"og:url\" content=\"https:\/\/d2dhunting.com\/es\/product\/lockdown-wide-1-man\/\" \/>\n<meta property=\"og:site_name\" content=\"D2D Hunting\" \/>\n<meta property=\"article:modified_time\" content=\"2024-09-27T09:45:20+00:00\" \/>\n<meta property=\"og:image\" content=\"https:\/\/d2dhunting.com\/wp-content\/uploads\/2024\/01\/LD201-112919-882B5245-WEB_750x.webp\" \/>\n\t<meta property=\"og:image:width\" content=\"750\" \/>\n\t<meta property=\"og:image:height\" content=\"750\" \/>\n\t<meta property=\"og:image:type\" content=\"image\/webp\" \/>\n<meta name=\"twitter:card\" content=\"summary_large_image\" \/>\n<meta name=\"twitter:label1\" content=\"Tiempo de lectura\" \/>\n\t<meta name=\"twitter:data1\" content=\"1 minuto\" \/>\n<script type=\"application\/ld+json\" class=\"yoast-schema-graph\">{\"@context\":\"https:\/\/schema.org\",\"@graph\":[{\"@type\":[\"WebPage\",\"CollectionPage\"],\"@id\":\"https:\/\/d2dhunting.com\/es\/product\/lockdown-wide-1-man\/\",\"url\":\"https:\/\/d2dhunting.com\/es\/product\/lockdown-wide-1-man\/\",\"name\":\"LOCKDOWN\u2122 WIDE 1-MAN - D2D Hunting\",\"isPartOf\":{\"@id\":\"https:\/\/d2dhunting.com\/#website\"},\"primaryImageOfPage\":{\"@id\":\"https:\/\/d2dhunting.com\/es\/product\/lockdown-wide-1-man\/#primaryimage\"},\"image\":{\"@id\":\"https:\/\/d2dhunting.com\/es\/product\/lockdown-wide-1-man\/#primaryimage\"},\"thumbnailUrl\":\"https:\/\/d2dhunting.com\/wp-content\/uploads\/2024\/01\/LD201-112919-882B5245-WEB_750x.webp\",\"datePublished\":\"2024-01-04T08:39:45+00:00\",\"dateModified\":\"2024-09-27T09:45:20+00:00\",\"breadcrumb\":{\"@id\":\"https:\/\/d2dhunting.com\/es\/product\/lockdown-wide-1-man\/#breadcrumb\"},\"inLanguage\":\"es\"},{\"@type\":\"ImageObject\",\"inLanguage\":\"es\",\"@id\":\"https:\/\/d2dhunting.com\/es\/product\/lockdown-wide-1-man\/#primaryimage\",\"url\":\"https:\/\/d2dhunting.com\/wp-content\/uploads\/2024\/01\/LD201-112919-882B5245-WEB_750x.webp\",\"contentUrl\":\"https:\/\/d2dhunting.com\/wp-content\/uploads\/2024\/01\/LD201-112919-882B5245-WEB_750x.webp\",\"width\":750,\"height\":750},{\"@type\":\"BreadcrumbList\",\"@id\":\"https:\/\/d2dhunting.com\/es\/product\/lockdown-wide-1-man\/#breadcrumb\",\"itemListElement\":[{\"@type\":\"ListItem\",\"position\":1,\"name\":\"Home\",\"item\":\"https:\/\/d2dhunting.com\/es\/\"},{\"@type\":\"ListItem\",\"position\":2,\"name\":\"Tienda ES\",\"item\":\"https:\/\/d2dhunting.com\/es\/tienda-2\/\"},{\"@type\":\"ListItem\",\"position\":3,\"name\":\"LOCKDOWN\u2122 WIDE 1-MAN\"}]},{\"@type\":\"WebSite\",\"@id\":\"https:\/\/d2dhunting.com\/#website\",\"url\":\"https:\/\/d2dhunting.com\/\",\"name\":\"D2D Hunting\",\"description\":\"D2D was born with the idea of promoting still stalk hunting, through the distribution of quality equipment for the hunter.\",\"publisher\":{\"@id\":\"https:\/\/d2dhunting.com\/#organization\"},\"potentialAction\":[{\"@type\":\"SearchAction\",\"target\":{\"@type\":\"EntryPoint\",\"urlTemplate\":\"https:\/\/d2dhunting.com\/?s={search_term_string}\"},\"query-input\":{\"@type\":\"PropertyValueSpecification\",\"valueRequired\":true,\"valueName\":\"search_term_string\"}}],\"inLanguage\":\"es\"},{\"@type\":\"Organization\",\"@id\":\"https:\/\/d2dhunting.com\/#organization\",\"name\":\"D2D Hunting\",\"url\":\"https:\/\/d2dhunting.com\/\",\"logo\":{\"@type\":\"ImageObject\",\"inLanguage\":\"es\",\"@id\":\"https:\/\/d2dhunting.com\/#\/schema\/logo\/image\/\",\"url\":\"https:\/\/d2dhunting.com\/wp-content\/uploads\/2023\/12\/Logo_Completo.png\",\"contentUrl\":\"https:\/\/d2dhunting.com\/wp-content\/uploads\/2023\/12\/Logo_Completo.png\",\"width\":740,\"height\":308,\"caption\":\"D2D Hunting\"},\"image\":{\"@id\":\"https:\/\/d2dhunting.com\/#\/schema\/logo\/image\/\"}}]}<\/script>\n<!-- \/ Yoast SEO plugin. -->","yoast_head_json":{"title":"LOCKDOWN\u2122 WIDE 1-MAN - D2D Hunting","robots":{"index":"index","follow":"follow","max-snippet":"max-snippet:-1","max-image-preview":"max-image-preview:large","max-video-preview":"max-video-preview:-1"},"canonical":"https:\/\/d2dhunting.com\/es\/product\/lockdown-wide-1-man\/","og_locale":"es_ES","og_type":"article","og_title":"LOCKDOWN\u2122 WIDE 1-MAN - D2D Hunting","og_description":"El stand de escalera Lockdown\u2122 Wide es uno de los puestos de caza m\u00e1s c\u00f3modos del mercado. Cuenta con un asiento de malla TearTuff\u2122 abatible extra ancho que proporciona comodidad durante todo el d\u00eda y la capacidad de estar de pie mientras se dispara. Adem\u00e1s, este stand cuenta con el Ultimate Shooting Raill\u2122, una barandilla [&hellip;]","og_url":"https:\/\/d2dhunting.com\/es\/product\/lockdown-wide-1-man\/","og_site_name":"D2D Hunting","article_modified_time":"2024-09-27T09:45:20+00:00","og_image":[{"width":750,"height":750,"url":"https:\/\/d2dhunting.com\/wp-content\/uploads\/2024\/01\/LD201-112919-882B5245-WEB_750x.webp","type":"image\/webp"}],"twitter_card":"summary_large_image","twitter_misc":{"Tiempo de lectura":"1 minuto"},"schema":{"@context":"https:\/\/schema.org","@graph":[{"@type":["WebPage","CollectionPage"],"@id":"https:\/\/d2dhunting.com\/es\/product\/lockdown-wide-1-man\/","url":"https:\/\/d2dhunting.com\/es\/product\/lockdown-wide-1-man\/","name":"LOCKDOWN\u2122 WIDE 1-MAN - D2D Hunting","isPartOf":{"@id":"https:\/\/d2dhunting.com\/#website"},"primaryImageOfPage":{"@id":"https:\/\/d2dhunting.com\/es\/product\/lockdown-wide-1-man\/#primaryimage"},"image":{"@id":"https:\/\/d2dhunting.com\/es\/product\/lockdown-wide-1-man\/#primaryimage"},"thumbnailUrl":"https:\/\/d2dhunting.com\/wp-content\/uploads\/2024\/01\/LD201-112919-882B5245-WEB_750x.webp","datePublished":"2024-01-04T08:39:45+00:00","dateModified":"2024-09-27T09:45:20+00:00","breadcrumb":{"@id":"https:\/\/d2dhunting.com\/es\/product\/lockdown-wide-1-man\/#breadcrumb"},"inLanguage":"es"},{"@type":"ImageObject","inLanguage":"es","@id":"https:\/\/d2dhunting.com\/es\/product\/lockdown-wide-1-man\/#primaryimage","url":"https:\/\/d2dhunting.com\/wp-content\/uploads\/2024\/01\/LD201-112919-882B5245-WEB_750x.webp","contentUrl":"https:\/\/d2dhunting.com\/wp-content\/uploads\/2024\/01\/LD201-112919-882B5245-WEB_750x.webp","width":750,"height":750},{"@type":"BreadcrumbList","@id":"https:\/\/d2dhunting.com\/es\/product\/lockdown-wide-1-man\/#breadcrumb","itemListElement":[{"@type":"ListItem","position":1,"name":"Home","item":"https:\/\/d2dhunting.com\/es\/"},{"@type":"ListItem","position":2,"name":"Tienda ES","item":"https:\/\/d2dhunting.com\/es\/tienda-2\/"},{"@type":"ListItem","position":3,"name":"LOCKDOWN\u2122 WIDE 1-MAN"}]},{"@type":"WebSite","@id":"https:\/\/d2dhunting.com\/#website","url":"https:\/\/d2dhunting.com\/","name":"D2D Hunting","description":"D2D was born with the idea of promoting still stalk hunting, through the distribution of quality equipment for the hunter.","publisher":{"@id":"https:\/\/d2dhunting.com\/#organization"},"potentialAction":[{"@type":"SearchAction","target":{"@type":"EntryPoint","urlTemplate":"https:\/\/d2dhunting.com\/?s={search_term_string}"},"query-input":{"@type":"PropertyValueSpecification","valueRequired":true,"valueName":"search_term_string"}}],"inLanguage":"es"},{"@type":"Organization","@id":"https:\/\/d2dhunting.com\/#organization","name":"D2D Hunting","url":"https:\/\/d2dhunting.com\/","logo":{"@type":"ImageObject","inLanguage":"es","@id":"https:\/\/d2dhunting.com\/#\/schema\/logo\/image\/","url":"https:\/\/d2dhunting.com\/wp-content\/uploads\/2023\/12\/Logo_Completo.png","contentUrl":"https:\/\/d2dhunting.com\/wp-content\/uploads\/2023\/12\/Logo_Completo.png","width":740,"height":308,"caption":"D2D Hunting"},"image":{"@id":"https:\/\/d2dhunting.com\/#\/schema\/logo\/image\/"}}]}},"brands":[{"id":30,"name":"LockDown","slug":"lockdown"},{"id":32,"name":"Rivers Edge","slug":"rivers-edge"}],"_links":{"self":[{"href":"https:\/\/d2dhunting.com\/es\/wp-json\/wp\/v2\/product\/4693","targetHints":{"allow":["GET"]}}],"collection":[{"href":"https:\/\/d2dhunting.com\/es\/wp-json\/wp\/v2\/product"}],"about":[{"href":"https:\/\/d2dhunting.com\/es\/wp-json\/wp\/v2\/types\/product"}],"wp:featuredmedia":[{"embeddable":true,"href":"https:\/\/d2dhunting.com\/es\/wp-json\/wp\/v2\/media\/1709"}],"wp:attachment":[{"href":"https:\/\/d2dhunting.com\/es\/wp-json\/wp\/v2\/media?parent=4693"}],"wp:term":[{"taxonomy":"pwb-brand","embeddable":true,"href":"https:\/\/d2dhunting.com\/es\/wp-json\/wp\/v2\/pwb-brand?post=4693"},{"taxonomy":"product_brand","embeddable":true,"href":"https:\/\/d2dhunting.com\/es\/wp-json\/wp\/v2\/product_brand?post=4693"},{"taxonomy":"product_cat","embeddable":true,"href":"https:\/\/d2dhunting.com\/es\/wp-json\/wp\/v2\/product_cat?post=4693"},{"taxonomy":"product_tag","embeddable":true,"href":"https:\/\/d2dhunting.com\/es\/wp-json\/wp\/v2\/product_tag?post=4693"},{"taxonomy":"giftcard-category","embeddable":true,"href":"https:\/\/d2dhunting.com\/es\/wp-json\/wp\/v2\/giftcard-category?post=4693"}],"curies":[{"name":"wp","href":"https:\/\/api.w.org\/{rel}","templated":true}]}}