{"id":7267,"date":"2024-02-14T15:19:18","date_gmt":"2024-02-14T15:19:18","guid":{"rendered":"https:\/\/d2dhunting.com\/product\/crossbow-broadhead-100-grain-1-75-inch-cut-2-blade-3-pack\/"},"modified":"2025-11-26T21:46:32","modified_gmt":"2025-11-26T21:46:32","slug":"crossbow-broadhead-100-grain-1-75-inch-cut-2-blade-3-pack","status":"publish","type":"product","link":"https:\/\/d2dhunting.com\/es\/product\/crossbow-broadhead-100-grain-1-75-inch-cut-2-blade-3-pack\/","title":{"rendered":"SWHACKER #219 2 BLADE 100 GRAIN 1.75&#8243; CUT 3 PACK"},"content":{"rendered":"<p>Nuestro dise\u00f1o \u00fanico hace que la punta tenga dos conjuntos de filos de corte separados a dos niveles distintos.<\/p>\n<p>Tras el impacto, las dos primeras cuchillas en forma de alas cortan la piel y atraviesan las costillas. La resistencia encontrada sirve como palanca para desplegar las cuchillas principales al tiempo que la flecha avanza. Estas alas son quines reciben el mayor castigo cortando pelo, barro, piel y huesos durante la entrada. Las cuchillas m\u00e1s peque\u00f1as requieren menos energ\u00eda para penetrar que una punta totalmente desplegada desde el impacto. Su posici\u00f3n atrasada tambi\u00e9n ayuda a que l apunta no deslice en tiros cuarteados dejando que la punta se fije exactamente en el punto de impacto.<\/p>\n<p>El segundo conjunto de corte lo conforman las cuchillas principales. Estas no tienen que luchar contra ninguna resistencia durante la penetraci\u00f3n inicial. Sus filos estar\u00e1n por tanto intactos cuando se abran ya dentro de la cavidad corporal. Esto permite que las cuchillas principales permanezcan afiladas para lacerar con precisi\u00f3n los \u00f3rganos internos.<\/p>\n","protected":false},"excerpt":{"rendered":"<p>Nuestro dise\u00f1o \u00fanico hace que la punta tenga dos conjuntos de filos de corte separados a dos niveles distintos. Tras el impacto, las dos primeras cuchillas en forma de alas cortan la piel y atraviesan las costillas. La resistencia encontrada sirve como palanca para desplegar las cuchillas principales al tiempo que la flecha avanza. Estas [&hellip;]<\/p>\n","protected":false},"featured_media":10238,"template":"","meta":{"_acf_changed":false},"pwb-brand":[164],"product_brand":[],"product_cat":[822,225,2854],"product_tag":[1343],"giftcard-category":[],"class_list":{"0":"post-7267","1":"product","2":"type-product","3":"status-publish","4":"has-post-thumbnail","6":"pwb-brand-swhacker","7":"product_cat-mecanicas","8":"product_cat-puntos-de-caza","9":"product_cat-swhacker-es","10":"product_tag-manual-es","12":"first","13":"instock","14":"taxable","15":"shipping-taxable","16":"purchasable","17":"product-type-simple"},"acf":[],"yoast_head":"<!-- This site is optimized with the Yoast SEO plugin v27.2 - https:\/\/yoast.com\/product\/yoast-seo-wordpress\/ -->\n<title>SWHACKER #219 2 BLADE 100 GRAIN 1.75&quot; CUT 3 PACK - D2D Hunting<\/title>\n<meta name=\"robots\" content=\"index, follow, max-snippet:-1, max-image-preview:large, max-video-preview:-1\" \/>\n<link rel=\"canonical\" href=\"https:\/\/d2dhunting.com\/es\/product\/crossbow-broadhead-100-grain-1-75-inch-cut-2-blade-3-pack\/\" \/>\n<meta property=\"og:locale\" content=\"es_ES\" \/>\n<meta property=\"og:type\" content=\"article\" \/>\n<meta property=\"og:title\" content=\"SWHACKER #219 2 BLADE 100 GRAIN 1.75&quot; CUT 3 PACK - D2D Hunting\" \/>\n<meta property=\"og:description\" content=\"Nuestro dise\u00f1o \u00fanico hace que la punta tenga dos conjuntos de filos de corte separados a dos niveles distintos. Tras el impacto, las dos primeras cuchillas en forma de alas cortan la piel y atraviesan las costillas. La resistencia encontrada sirve como palanca para desplegar las cuchillas principales al tiempo que la flecha avanza. Estas [&hellip;]\" \/>\n<meta property=\"og:url\" content=\"https:\/\/d2dhunting.com\/es\/product\/crossbow-broadhead-100-grain-1-75-inch-cut-2-blade-3-pack\/\" \/>\n<meta property=\"og:site_name\" content=\"D2D Hunting\" \/>\n<meta property=\"article:modified_time\" content=\"2025-11-26T21:46:32+00:00\" \/>\n<meta property=\"og:image\" content=\"https:\/\/d2dhunting.com\/wp-content\/uploads\/2024\/02\/100gr-Crossbow.jpg\" \/>\n\t<meta property=\"og:image:width\" content=\"300\" \/>\n\t<meta property=\"og:image:height\" content=\"300\" \/>\n\t<meta property=\"og:image:type\" content=\"image\/jpeg\" \/>\n<meta name=\"twitter:card\" content=\"summary_large_image\" \/>\n<meta name=\"twitter:label1\" content=\"Tiempo de lectura\" \/>\n\t<meta name=\"twitter:data1\" content=\"1 minuto\" \/>\n<script type=\"application\/ld+json\" class=\"yoast-schema-graph\">{\"@context\":\"https:\/\/schema.org\",\"@graph\":[{\"@type\":[\"WebPage\",\"CollectionPage\"],\"@id\":\"https:\/\/d2dhunting.com\/es\/product\/crossbow-broadhead-100-grain-1-75-inch-cut-2-blade-3-pack\/\",\"url\":\"https:\/\/d2dhunting.com\/es\/product\/crossbow-broadhead-100-grain-1-75-inch-cut-2-blade-3-pack\/\",\"name\":\"SWHACKER #219 2 BLADE 100 GRAIN 1.75\\\" CUT 3 PACK - D2D Hunting\",\"isPartOf\":{\"@id\":\"https:\/\/d2dhunting.com\/#website\"},\"primaryImageOfPage\":{\"@id\":\"https:\/\/d2dhunting.com\/es\/product\/crossbow-broadhead-100-grain-1-75-inch-cut-2-blade-3-pack\/#primaryimage\"},\"image\":{\"@id\":\"https:\/\/d2dhunting.com\/es\/product\/crossbow-broadhead-100-grain-1-75-inch-cut-2-blade-3-pack\/#primaryimage\"},\"thumbnailUrl\":\"https:\/\/d2dhunting.com\/wp-content\/uploads\/2024\/02\/100gr-Crossbow.jpg\",\"datePublished\":\"2024-02-14T15:19:18+00:00\",\"dateModified\":\"2025-11-26T21:46:32+00:00\",\"breadcrumb\":{\"@id\":\"https:\/\/d2dhunting.com\/es\/product\/crossbow-broadhead-100-grain-1-75-inch-cut-2-blade-3-pack\/#breadcrumb\"},\"inLanguage\":\"es\"},{\"@type\":\"ImageObject\",\"inLanguage\":\"es\",\"@id\":\"https:\/\/d2dhunting.com\/es\/product\/crossbow-broadhead-100-grain-1-75-inch-cut-2-blade-3-pack\/#primaryimage\",\"url\":\"https:\/\/d2dhunting.com\/wp-content\/uploads\/2024\/02\/100gr-Crossbow.jpg\",\"contentUrl\":\"https:\/\/d2dhunting.com\/wp-content\/uploads\/2024\/02\/100gr-Crossbow.jpg\",\"width\":300,\"height\":300},{\"@type\":\"BreadcrumbList\",\"@id\":\"https:\/\/d2dhunting.com\/es\/product\/crossbow-broadhead-100-grain-1-75-inch-cut-2-blade-3-pack\/#breadcrumb\",\"itemListElement\":[{\"@type\":\"ListItem\",\"position\":1,\"name\":\"Home\",\"item\":\"https:\/\/d2dhunting.com\/es\/\"},{\"@type\":\"ListItem\",\"position\":2,\"name\":\"Tienda ES\",\"item\":\"https:\/\/d2dhunting.com\/es\/tienda-2\/\"},{\"@type\":\"ListItem\",\"position\":3,\"name\":\"SWHACKER #219 2 BLADE 100 GRAIN 1.75&#8243; CUT 3 PACK\"}]},{\"@type\":\"WebSite\",\"@id\":\"https:\/\/d2dhunting.com\/#website\",\"url\":\"https:\/\/d2dhunting.com\/\",\"name\":\"D2D Hunting\",\"description\":\"D2D was born with the idea of promoting still stalk hunting, through the distribution of quality equipment for the hunter.\",\"publisher\":{\"@id\":\"https:\/\/d2dhunting.com\/#organization\"},\"potentialAction\":[{\"@type\":\"SearchAction\",\"target\":{\"@type\":\"EntryPoint\",\"urlTemplate\":\"https:\/\/d2dhunting.com\/?s={search_term_string}\"},\"query-input\":{\"@type\":\"PropertyValueSpecification\",\"valueRequired\":true,\"valueName\":\"search_term_string\"}}],\"inLanguage\":\"es\"},{\"@type\":\"Organization\",\"@id\":\"https:\/\/d2dhunting.com\/#organization\",\"name\":\"D2D Hunting\",\"url\":\"https:\/\/d2dhunting.com\/\",\"logo\":{\"@type\":\"ImageObject\",\"inLanguage\":\"es\",\"@id\":\"https:\/\/d2dhunting.com\/#\/schema\/logo\/image\/\",\"url\":\"https:\/\/d2dhunting.com\/wp-content\/uploads\/2023\/12\/Logo_Completo.png\",\"contentUrl\":\"https:\/\/d2dhunting.com\/wp-content\/uploads\/2023\/12\/Logo_Completo.png\",\"width\":740,\"height\":308,\"caption\":\"D2D Hunting\"},\"image\":{\"@id\":\"https:\/\/d2dhunting.com\/#\/schema\/logo\/image\/\"}}]}<\/script>\n<!-- \/ Yoast SEO plugin. -->","yoast_head_json":{"title":"SWHACKER #219 2 BLADE 100 GRAIN 1.75\" CUT 3 PACK - D2D Hunting","robots":{"index":"index","follow":"follow","max-snippet":"max-snippet:-1","max-image-preview":"max-image-preview:large","max-video-preview":"max-video-preview:-1"},"canonical":"https:\/\/d2dhunting.com\/es\/product\/crossbow-broadhead-100-grain-1-75-inch-cut-2-blade-3-pack\/","og_locale":"es_ES","og_type":"article","og_title":"SWHACKER #219 2 BLADE 100 GRAIN 1.75\" CUT 3 PACK - D2D Hunting","og_description":"Nuestro dise\u00f1o \u00fanico hace que la punta tenga dos conjuntos de filos de corte separados a dos niveles distintos. Tras el impacto, las dos primeras cuchillas en forma de alas cortan la piel y atraviesan las costillas. La resistencia encontrada sirve como palanca para desplegar las cuchillas principales al tiempo que la flecha avanza. Estas [&hellip;]","og_url":"https:\/\/d2dhunting.com\/es\/product\/crossbow-broadhead-100-grain-1-75-inch-cut-2-blade-3-pack\/","og_site_name":"D2D Hunting","article_modified_time":"2025-11-26T21:46:32+00:00","og_image":[{"width":300,"height":300,"url":"https:\/\/d2dhunting.com\/wp-content\/uploads\/2024\/02\/100gr-Crossbow.jpg","type":"image\/jpeg"}],"twitter_card":"summary_large_image","twitter_misc":{"Tiempo de lectura":"1 minuto"},"schema":{"@context":"https:\/\/schema.org","@graph":[{"@type":["WebPage","CollectionPage"],"@id":"https:\/\/d2dhunting.com\/es\/product\/crossbow-broadhead-100-grain-1-75-inch-cut-2-blade-3-pack\/","url":"https:\/\/d2dhunting.com\/es\/product\/crossbow-broadhead-100-grain-1-75-inch-cut-2-blade-3-pack\/","name":"SWHACKER #219 2 BLADE 100 GRAIN 1.75\" CUT 3 PACK - D2D Hunting","isPartOf":{"@id":"https:\/\/d2dhunting.com\/#website"},"primaryImageOfPage":{"@id":"https:\/\/d2dhunting.com\/es\/product\/crossbow-broadhead-100-grain-1-75-inch-cut-2-blade-3-pack\/#primaryimage"},"image":{"@id":"https:\/\/d2dhunting.com\/es\/product\/crossbow-broadhead-100-grain-1-75-inch-cut-2-blade-3-pack\/#primaryimage"},"thumbnailUrl":"https:\/\/d2dhunting.com\/wp-content\/uploads\/2024\/02\/100gr-Crossbow.jpg","datePublished":"2024-02-14T15:19:18+00:00","dateModified":"2025-11-26T21:46:32+00:00","breadcrumb":{"@id":"https:\/\/d2dhunting.com\/es\/product\/crossbow-broadhead-100-grain-1-75-inch-cut-2-blade-3-pack\/#breadcrumb"},"inLanguage":"es"},{"@type":"ImageObject","inLanguage":"es","@id":"https:\/\/d2dhunting.com\/es\/product\/crossbow-broadhead-100-grain-1-75-inch-cut-2-blade-3-pack\/#primaryimage","url":"https:\/\/d2dhunting.com\/wp-content\/uploads\/2024\/02\/100gr-Crossbow.jpg","contentUrl":"https:\/\/d2dhunting.com\/wp-content\/uploads\/2024\/02\/100gr-Crossbow.jpg","width":300,"height":300},{"@type":"BreadcrumbList","@id":"https:\/\/d2dhunting.com\/es\/product\/crossbow-broadhead-100-grain-1-75-inch-cut-2-blade-3-pack\/#breadcrumb","itemListElement":[{"@type":"ListItem","position":1,"name":"Home","item":"https:\/\/d2dhunting.com\/es\/"},{"@type":"ListItem","position":2,"name":"Tienda ES","item":"https:\/\/d2dhunting.com\/es\/tienda-2\/"},{"@type":"ListItem","position":3,"name":"SWHACKER #219 2 BLADE 100 GRAIN 1.75&#8243; CUT 3 PACK"}]},{"@type":"WebSite","@id":"https:\/\/d2dhunting.com\/#website","url":"https:\/\/d2dhunting.com\/","name":"D2D Hunting","description":"D2D was born with the idea of promoting still stalk hunting, through the distribution of quality equipment for the hunter.","publisher":{"@id":"https:\/\/d2dhunting.com\/#organization"},"potentialAction":[{"@type":"SearchAction","target":{"@type":"EntryPoint","urlTemplate":"https:\/\/d2dhunting.com\/?s={search_term_string}"},"query-input":{"@type":"PropertyValueSpecification","valueRequired":true,"valueName":"search_term_string"}}],"inLanguage":"es"},{"@type":"Organization","@id":"https:\/\/d2dhunting.com\/#organization","name":"D2D Hunting","url":"https:\/\/d2dhunting.com\/","logo":{"@type":"ImageObject","inLanguage":"es","@id":"https:\/\/d2dhunting.com\/#\/schema\/logo\/image\/","url":"https:\/\/d2dhunting.com\/wp-content\/uploads\/2023\/12\/Logo_Completo.png","contentUrl":"https:\/\/d2dhunting.com\/wp-content\/uploads\/2023\/12\/Logo_Completo.png","width":740,"height":308,"caption":"D2D Hunting"},"image":{"@id":"https:\/\/d2dhunting.com\/#\/schema\/logo\/image\/"}}]}},"brands":[{"id":164,"name":"SWHACKER","slug":"swhacker"}],"_links":{"self":[{"href":"https:\/\/d2dhunting.com\/es\/wp-json\/wp\/v2\/product\/7267","targetHints":{"allow":["GET"]}}],"collection":[{"href":"https:\/\/d2dhunting.com\/es\/wp-json\/wp\/v2\/product"}],"about":[{"href":"https:\/\/d2dhunting.com\/es\/wp-json\/wp\/v2\/types\/product"}],"wp:featuredmedia":[{"embeddable":true,"href":"https:\/\/d2dhunting.com\/es\/wp-json\/wp\/v2\/media\/10238"}],"wp:attachment":[{"href":"https:\/\/d2dhunting.com\/es\/wp-json\/wp\/v2\/media?parent=7267"}],"wp:term":[{"taxonomy":"pwb-brand","embeddable":true,"href":"https:\/\/d2dhunting.com\/es\/wp-json\/wp\/v2\/pwb-brand?post=7267"},{"taxonomy":"product_brand","embeddable":true,"href":"https:\/\/d2dhunting.com\/es\/wp-json\/wp\/v2\/product_brand?post=7267"},{"taxonomy":"product_cat","embeddable":true,"href":"https:\/\/d2dhunting.com\/es\/wp-json\/wp\/v2\/product_cat?post=7267"},{"taxonomy":"product_tag","embeddable":true,"href":"https:\/\/d2dhunting.com\/es\/wp-json\/wp\/v2\/product_tag?post=7267"},{"taxonomy":"giftcard-category","embeddable":true,"href":"https:\/\/d2dhunting.com\/es\/wp-json\/wp\/v2\/giftcard-category?post=7267"}],"curies":[{"name":"wp","href":"https:\/\/api.w.org\/{rel}","templated":true}]}}