{"id":9386,"date":"2024-02-08T15:11:49","date_gmt":"2024-02-08T15:11:49","guid":{"rendered":"https:\/\/d2dhunting.com\/product\/high-performance-dual-target\/"},"modified":"2024-09-27T11:42:40","modified_gmt":"2024-09-27T11:42:40","slug":"high-performance-dual-target","status":"publish","type":"product","link":"https:\/\/d2dhunting.com\/es\/product\/high-performance-dual-target\/","title":{"rendered":"Dual High Performance Target (10&#8243; core)"},"content":{"rendered":"<p>Parapeto Dual de Alto Rendimiento.<\/p>\n<p>El parapeto Dual de 365 Archery permite utilizar el parapeto en vertical o en horizontal seg\u00fan su preferencia o necesidad.<\/p>\n<p>Las dianas 365 Archery de Alto Rendimiento se han convertido en una referencia de la industria de los parapetos de espuma autorreparable de alta calidad. Nuestra f\u00f3rmula especial de espuma patentada permite una muy f\u00e1cil extracci\u00f3n de las flechas y una enorme longevidad.<\/p>\n<p>Cada parapeto consta de un n\u00facleo reemplazable de 10&#8243; (25cm) de 6 lados que se puede girar para mostrar diferentes patrones con m\u00faltiples puntos. Esta capacidad de rotar el n\u00facleo del parapeto aumenta dr\u00e1sticamente su vida \u00fatil ofreciendo adem\u00e1s una de las extracciones de flechas m\u00e1s f\u00e1ciles del mercado.<\/p>\n<p>El marco del parapeto que sujeta y rodea al n\u00facleo central ofrece un \u00e1rea de impacto aumentada que proporciona seguridad adicional para eso tiros err\u00e1ticos -que todo arquero sabe que ocurren de vez en cuando- eliminando la necesidad de colocar redes o parapetos adicionales por detr\u00e1s de la diana.<\/p>\n<p>Con el sistema de n\u00facleo central intercambiable de 365 Archery, ya no es necesario sustituir todo el parapeto una vez desgastada la diana. Simplemente retire el n\u00facleo viejo y deslice un nuevo n\u00facleo por una fracci\u00f3n del precio de un parapeto nuevo completo.<\/p>\n<p>El HP Dual Target es apto para puntas de caza y ballestas.<\/p>\n<p>Cada sistema consta de 4 piezas: un marco negro de 5&#8243; (13cm) de grosor, 2 n\u00facleos intercambiables de 10&#8243; (25cm) y una base.<\/p>\n","protected":false},"excerpt":{"rendered":"<p>Parapeto Dual de Alto Rendimiento. El parapeto Dual de 365 Archery permite utilizar el parapeto en vertical o en horizontal seg\u00fan su preferencia o necesidad. Las dianas 365 Archery de Alto Rendimiento se han convertido en una referencia de la industria de los parapetos de espuma autorreparable de alta calidad. Nuestra f\u00f3rmula especial de espuma [&hellip;]<\/p>\n","protected":false},"featured_media":5533,"template":"","meta":{"_acf_changed":false},"pwb-brand":[160],"product_brand":[],"product_cat":[250],"product_tag":[1343],"giftcard-category":[],"class_list":{"0":"post-9386","1":"product","2":"type-product","3":"status-publish","4":"has-post-thumbnail","6":"pwb-brand-365-archery","7":"product_cat-dianas","8":"product_tag-manual-es","10":"first","11":"instock","12":"taxable","13":"shipping-taxable","14":"purchasable","15":"product-type-simple"},"acf":[],"yoast_head":"<!-- This site is optimized with the Yoast SEO plugin v27.2 - https:\/\/yoast.com\/product\/yoast-seo-wordpress\/ -->\n<title>Dual High Performance Target (10&quot; core) - D2D Hunting<\/title>\n<meta name=\"robots\" content=\"index, follow, max-snippet:-1, max-image-preview:large, max-video-preview:-1\" \/>\n<link rel=\"canonical\" href=\"https:\/\/d2dhunting.com\/es\/product\/high-performance-dual-target\/\" \/>\n<meta property=\"og:locale\" content=\"es_ES\" \/>\n<meta property=\"og:type\" content=\"article\" \/>\n<meta property=\"og:title\" content=\"Dual High Performance Target (10&quot; core) - D2D Hunting\" \/>\n<meta property=\"og:description\" content=\"Parapeto Dual de Alto Rendimiento. El parapeto Dual de 365 Archery permite utilizar el parapeto en vertical o en horizontal seg\u00fan su preferencia o necesidad. Las dianas 365 Archery de Alto Rendimiento se han convertido en una referencia de la industria de los parapetos de espuma autorreparable de alta calidad. Nuestra f\u00f3rmula especial de espuma [&hellip;]\" \/>\n<meta property=\"og:url\" content=\"https:\/\/d2dhunting.com\/es\/product\/high-performance-dual-target\/\" \/>\n<meta property=\"og:site_name\" content=\"D2D Hunting\" \/>\n<meta property=\"article:modified_time\" content=\"2024-09-27T11:42:40+00:00\" \/>\n<meta property=\"og:image\" content=\"https:\/\/d2dhunting.com\/wp-content\/uploads\/2024\/02\/DUAL-TARGET-NUEVO.jpeg\" \/>\n\t<meta property=\"og:image:width\" content=\"1280\" \/>\n\t<meta property=\"og:image:height\" content=\"1280\" \/>\n\t<meta property=\"og:image:type\" content=\"image\/jpeg\" \/>\n<meta name=\"twitter:card\" content=\"summary_large_image\" \/>\n<meta name=\"twitter:label1\" content=\"Tiempo de lectura\" \/>\n\t<meta name=\"twitter:data1\" content=\"2 minutos\" \/>\n<script type=\"application\/ld+json\" class=\"yoast-schema-graph\">{\"@context\":\"https:\/\/schema.org\",\"@graph\":[{\"@type\":[\"WebPage\",\"CollectionPage\"],\"@id\":\"https:\/\/d2dhunting.com\/es\/product\/high-performance-dual-target\/\",\"url\":\"https:\/\/d2dhunting.com\/es\/product\/high-performance-dual-target\/\",\"name\":\"Dual High Performance Target (10\\\" core) - D2D Hunting\",\"isPartOf\":{\"@id\":\"https:\/\/d2dhunting.com\/#website\"},\"primaryImageOfPage\":{\"@id\":\"https:\/\/d2dhunting.com\/es\/product\/high-performance-dual-target\/#primaryimage\"},\"image\":{\"@id\":\"https:\/\/d2dhunting.com\/es\/product\/high-performance-dual-target\/#primaryimage\"},\"thumbnailUrl\":\"https:\/\/d2dhunting.com\/wp-content\/uploads\/2024\/02\/DUAL-TARGET-NUEVO.jpeg\",\"datePublished\":\"2024-02-08T15:11:49+00:00\",\"dateModified\":\"2024-09-27T11:42:40+00:00\",\"breadcrumb\":{\"@id\":\"https:\/\/d2dhunting.com\/es\/product\/high-performance-dual-target\/#breadcrumb\"},\"inLanguage\":\"es\"},{\"@type\":\"ImageObject\",\"inLanguage\":\"es\",\"@id\":\"https:\/\/d2dhunting.com\/es\/product\/high-performance-dual-target\/#primaryimage\",\"url\":\"https:\/\/d2dhunting.com\/wp-content\/uploads\/2024\/02\/DUAL-TARGET-NUEVO.jpeg\",\"contentUrl\":\"https:\/\/d2dhunting.com\/wp-content\/uploads\/2024\/02\/DUAL-TARGET-NUEVO.jpeg\",\"width\":1280,\"height\":1280},{\"@type\":\"BreadcrumbList\",\"@id\":\"https:\/\/d2dhunting.com\/es\/product\/high-performance-dual-target\/#breadcrumb\",\"itemListElement\":[{\"@type\":\"ListItem\",\"position\":1,\"name\":\"Home\",\"item\":\"https:\/\/d2dhunting.com\/es\/\"},{\"@type\":\"ListItem\",\"position\":2,\"name\":\"Tienda ES\",\"item\":\"https:\/\/d2dhunting.com\/es\/tienda-2\/\"},{\"@type\":\"ListItem\",\"position\":3,\"name\":\"Dual High Performance Target (10&#8243; core)\"}]},{\"@type\":\"WebSite\",\"@id\":\"https:\/\/d2dhunting.com\/#website\",\"url\":\"https:\/\/d2dhunting.com\/\",\"name\":\"D2D Hunting\",\"description\":\"D2D was born with the idea of promoting still stalk hunting, through the distribution of quality equipment for the hunter.\",\"publisher\":{\"@id\":\"https:\/\/d2dhunting.com\/#organization\"},\"potentialAction\":[{\"@type\":\"SearchAction\",\"target\":{\"@type\":\"EntryPoint\",\"urlTemplate\":\"https:\/\/d2dhunting.com\/?s={search_term_string}\"},\"query-input\":{\"@type\":\"PropertyValueSpecification\",\"valueRequired\":true,\"valueName\":\"search_term_string\"}}],\"inLanguage\":\"es\"},{\"@type\":\"Organization\",\"@id\":\"https:\/\/d2dhunting.com\/#organization\",\"name\":\"D2D Hunting\",\"url\":\"https:\/\/d2dhunting.com\/\",\"logo\":{\"@type\":\"ImageObject\",\"inLanguage\":\"es\",\"@id\":\"https:\/\/d2dhunting.com\/#\/schema\/logo\/image\/\",\"url\":\"https:\/\/d2dhunting.com\/wp-content\/uploads\/2023\/12\/Logo_Completo.png\",\"contentUrl\":\"https:\/\/d2dhunting.com\/wp-content\/uploads\/2023\/12\/Logo_Completo.png\",\"width\":740,\"height\":308,\"caption\":\"D2D Hunting\"},\"image\":{\"@id\":\"https:\/\/d2dhunting.com\/#\/schema\/logo\/image\/\"}}]}<\/script>\n<!-- \/ Yoast SEO plugin. -->","yoast_head_json":{"title":"Dual High Performance Target (10\" core) - D2D Hunting","robots":{"index":"index","follow":"follow","max-snippet":"max-snippet:-1","max-image-preview":"max-image-preview:large","max-video-preview":"max-video-preview:-1"},"canonical":"https:\/\/d2dhunting.com\/es\/product\/high-performance-dual-target\/","og_locale":"es_ES","og_type":"article","og_title":"Dual High Performance Target (10\" core) - D2D Hunting","og_description":"Parapeto Dual de Alto Rendimiento. El parapeto Dual de 365 Archery permite utilizar el parapeto en vertical o en horizontal seg\u00fan su preferencia o necesidad. Las dianas 365 Archery de Alto Rendimiento se han convertido en una referencia de la industria de los parapetos de espuma autorreparable de alta calidad. Nuestra f\u00f3rmula especial de espuma [&hellip;]","og_url":"https:\/\/d2dhunting.com\/es\/product\/high-performance-dual-target\/","og_site_name":"D2D Hunting","article_modified_time":"2024-09-27T11:42:40+00:00","og_image":[{"width":1280,"height":1280,"url":"https:\/\/d2dhunting.com\/wp-content\/uploads\/2024\/02\/DUAL-TARGET-NUEVO.jpeg","type":"image\/jpeg"}],"twitter_card":"summary_large_image","twitter_misc":{"Tiempo de lectura":"2 minutos"},"schema":{"@context":"https:\/\/schema.org","@graph":[{"@type":["WebPage","CollectionPage"],"@id":"https:\/\/d2dhunting.com\/es\/product\/high-performance-dual-target\/","url":"https:\/\/d2dhunting.com\/es\/product\/high-performance-dual-target\/","name":"Dual High Performance Target (10\" core) - D2D Hunting","isPartOf":{"@id":"https:\/\/d2dhunting.com\/#website"},"primaryImageOfPage":{"@id":"https:\/\/d2dhunting.com\/es\/product\/high-performance-dual-target\/#primaryimage"},"image":{"@id":"https:\/\/d2dhunting.com\/es\/product\/high-performance-dual-target\/#primaryimage"},"thumbnailUrl":"https:\/\/d2dhunting.com\/wp-content\/uploads\/2024\/02\/DUAL-TARGET-NUEVO.jpeg","datePublished":"2024-02-08T15:11:49+00:00","dateModified":"2024-09-27T11:42:40+00:00","breadcrumb":{"@id":"https:\/\/d2dhunting.com\/es\/product\/high-performance-dual-target\/#breadcrumb"},"inLanguage":"es"},{"@type":"ImageObject","inLanguage":"es","@id":"https:\/\/d2dhunting.com\/es\/product\/high-performance-dual-target\/#primaryimage","url":"https:\/\/d2dhunting.com\/wp-content\/uploads\/2024\/02\/DUAL-TARGET-NUEVO.jpeg","contentUrl":"https:\/\/d2dhunting.com\/wp-content\/uploads\/2024\/02\/DUAL-TARGET-NUEVO.jpeg","width":1280,"height":1280},{"@type":"BreadcrumbList","@id":"https:\/\/d2dhunting.com\/es\/product\/high-performance-dual-target\/#breadcrumb","itemListElement":[{"@type":"ListItem","position":1,"name":"Home","item":"https:\/\/d2dhunting.com\/es\/"},{"@type":"ListItem","position":2,"name":"Tienda ES","item":"https:\/\/d2dhunting.com\/es\/tienda-2\/"},{"@type":"ListItem","position":3,"name":"Dual High Performance Target (10&#8243; core)"}]},{"@type":"WebSite","@id":"https:\/\/d2dhunting.com\/#website","url":"https:\/\/d2dhunting.com\/","name":"D2D Hunting","description":"D2D was born with the idea of promoting still stalk hunting, through the distribution of quality equipment for the hunter.","publisher":{"@id":"https:\/\/d2dhunting.com\/#organization"},"potentialAction":[{"@type":"SearchAction","target":{"@type":"EntryPoint","urlTemplate":"https:\/\/d2dhunting.com\/?s={search_term_string}"},"query-input":{"@type":"PropertyValueSpecification","valueRequired":true,"valueName":"search_term_string"}}],"inLanguage":"es"},{"@type":"Organization","@id":"https:\/\/d2dhunting.com\/#organization","name":"D2D Hunting","url":"https:\/\/d2dhunting.com\/","logo":{"@type":"ImageObject","inLanguage":"es","@id":"https:\/\/d2dhunting.com\/#\/schema\/logo\/image\/","url":"https:\/\/d2dhunting.com\/wp-content\/uploads\/2023\/12\/Logo_Completo.png","contentUrl":"https:\/\/d2dhunting.com\/wp-content\/uploads\/2023\/12\/Logo_Completo.png","width":740,"height":308,"caption":"D2D Hunting"},"image":{"@id":"https:\/\/d2dhunting.com\/#\/schema\/logo\/image\/"}}]}},"brands":[{"id":160,"name":"365 archery","slug":"365-archery"}],"_links":{"self":[{"href":"https:\/\/d2dhunting.com\/es\/wp-json\/wp\/v2\/product\/9386","targetHints":{"allow":["GET"]}}],"collection":[{"href":"https:\/\/d2dhunting.com\/es\/wp-json\/wp\/v2\/product"}],"about":[{"href":"https:\/\/d2dhunting.com\/es\/wp-json\/wp\/v2\/types\/product"}],"wp:featuredmedia":[{"embeddable":true,"href":"https:\/\/d2dhunting.com\/es\/wp-json\/wp\/v2\/media\/5533"}],"wp:attachment":[{"href":"https:\/\/d2dhunting.com\/es\/wp-json\/wp\/v2\/media?parent=9386"}],"wp:term":[{"taxonomy":"pwb-brand","embeddable":true,"href":"https:\/\/d2dhunting.com\/es\/wp-json\/wp\/v2\/pwb-brand?post=9386"},{"taxonomy":"product_brand","embeddable":true,"href":"https:\/\/d2dhunting.com\/es\/wp-json\/wp\/v2\/product_brand?post=9386"},{"taxonomy":"product_cat","embeddable":true,"href":"https:\/\/d2dhunting.com\/es\/wp-json\/wp\/v2\/product_cat?post=9386"},{"taxonomy":"product_tag","embeddable":true,"href":"https:\/\/d2dhunting.com\/es\/wp-json\/wp\/v2\/product_tag?post=9386"},{"taxonomy":"giftcard-category","embeddable":true,"href":"https:\/\/d2dhunting.com\/es\/wp-json\/wp\/v2\/giftcard-category?post=9386"}],"curies":[{"name":"wp","href":"https:\/\/api.w.org\/{rel}","templated":true}]}}