{"id":9410,"date":"2024-02-12T11:36:06","date_gmt":"2024-02-12T11:36:06","guid":{"rendered":"https:\/\/d2dhunting.com\/product\/100-grain-1-75-inch-4-blade-swhacker-hybrid-compound\/"},"modified":"2025-09-30T11:01:26","modified_gmt":"2025-09-30T11:01:26","slug":"100-grain-1-75-inch-4-blade-swhacker-hybrid-compound","status":"publish","type":"product","link":"https:\/\/d2dhunting.com\/es\/product\/100-grain-1-75-inch-4-blade-swhacker-hybrid-compound\/","title":{"rendered":"SWHACKER #257 HYBRID 100 GRAIN, 1.75&#8243; CUT + 1&#8243; BLEEDER"},"content":{"rendered":"<p>Swhacker a\u00f1ade un &#8220;aguij\u00f3n&#8221; a su innovadora tecnolog\u00eda de dos cortes, con este modelo de punta h\u00edbrida de 4 hojas.<\/p>\n<p>Swhacker ha sido conocido durante mucho tiempo por el \u00e9xito de su dise\u00f1o de puntas mec\u00e1nicas con aletas, una primicia en la industria. Este dise\u00f1o hace que las cuchillas principales se desplieguen ya dentro de la cavidad tor\u00e1cica causando un mayor da\u00f1o y permitiendo a la flecha retener m\u00e1s energ\u00eda y con ello una mayor penetraci\u00f3n.<\/p>\n<p>Ahora, con la inclusi\u00f3n de los sangradores fijos, las puntas Swhacker Hybrid ofrecen un corte de 4 filos en el punto de contacto para obtener rastros de sangre abundantes y pisteos m\u00e1s cortos.<\/p>\n<p>Para el cazador con arco exigente, la Swhacker Hybrid ofrece lo mejor de ambos mundos.<\/p>\n","protected":false},"excerpt":{"rendered":"<p>Swhacker a\u00f1ade un &#8220;aguij\u00f3n&#8221; a su innovadora tecnolog\u00eda de dos cortes, con este modelo de punta h\u00edbrida de 4 hojas. Swhacker ha sido conocido durante mucho tiempo por el \u00e9xito de su dise\u00f1o de puntas mec\u00e1nicas con aletas, una primicia en la industria. Este dise\u00f1o hace que las cuchillas principales se desplieguen ya dentro de [&hellip;]<\/p>\n","protected":false},"featured_media":5812,"template":"","meta":{"_acf_changed":false},"pwb-brand":[164],"product_brand":[],"product_cat":[2282,826,225,2854],"product_tag":[1343],"giftcard-category":[],"class_list":{"0":"post-9410","1":"product","2":"type-product","3":"status-publish","4":"has-post-thumbnail","6":"pwb-brand-swhacker","7":"product_cat-black-friday-es","8":"product_cat-hibridas","9":"product_cat-puntos-de-caza","10":"product_cat-swhacker-es","11":"product_tag-manual-es","13":"first","14":"instock","15":"taxable","16":"shipping-taxable","17":"purchasable","18":"product-type-simple"},"acf":[],"yoast_head":"<!-- This site is optimized with the Yoast SEO plugin v27.2 - https:\/\/yoast.com\/product\/yoast-seo-wordpress\/ -->\n<title>SWHACKER #257 HYBRID 100 GRAIN, 1.75&quot; CUT + 1&quot; BLEEDER - D2D Hunting<\/title>\n<meta name=\"robots\" content=\"index, follow, max-snippet:-1, max-image-preview:large, max-video-preview:-1\" \/>\n<link rel=\"canonical\" href=\"https:\/\/d2dhunting.com\/es\/product\/100-grain-1-75-inch-4-blade-swhacker-hybrid-compound\/\" \/>\n<meta property=\"og:locale\" content=\"es_ES\" \/>\n<meta property=\"og:type\" content=\"article\" \/>\n<meta property=\"og:title\" content=\"SWHACKER #257 HYBRID 100 GRAIN, 1.75&quot; CUT + 1&quot; BLEEDER - D2D Hunting\" \/>\n<meta property=\"og:description\" content=\"Swhacker a\u00f1ade un &#8220;aguij\u00f3n&#8221; a su innovadora tecnolog\u00eda de dos cortes, con este modelo de punta h\u00edbrida de 4 hojas. Swhacker ha sido conocido durante mucho tiempo por el \u00e9xito de su dise\u00f1o de puntas mec\u00e1nicas con aletas, una primicia en la industria. Este dise\u00f1o hace que las cuchillas principales se desplieguen ya dentro de [&hellip;]\" \/>\n<meta property=\"og:url\" content=\"https:\/\/d2dhunting.com\/es\/product\/100-grain-1-75-inch-4-blade-swhacker-hybrid-compound\/\" \/>\n<meta property=\"og:site_name\" content=\"D2D Hunting\" \/>\n<meta property=\"article:modified_time\" content=\"2025-09-30T11:01:26+00:00\" \/>\n<meta property=\"og:image\" content=\"https:\/\/d2dhunting.com\/wp-content\/uploads\/2024\/02\/257-100-hybrid.webp\" \/>\n\t<meta property=\"og:image:width\" content=\"1080\" \/>\n\t<meta property=\"og:image:height\" content=\"941\" \/>\n\t<meta property=\"og:image:type\" content=\"image\/webp\" \/>\n<meta name=\"twitter:card\" content=\"summary_large_image\" \/>\n<meta name=\"twitter:label1\" content=\"Tiempo de lectura\" \/>\n\t<meta name=\"twitter:data1\" content=\"1 minuto\" \/>\n<script type=\"application\/ld+json\" class=\"yoast-schema-graph\">{\"@context\":\"https:\/\/schema.org\",\"@graph\":[{\"@type\":[\"WebPage\",\"CollectionPage\"],\"@id\":\"https:\/\/d2dhunting.com\/es\/product\/100-grain-1-75-inch-4-blade-swhacker-hybrid-compound\/\",\"url\":\"https:\/\/d2dhunting.com\/es\/product\/100-grain-1-75-inch-4-blade-swhacker-hybrid-compound\/\",\"name\":\"SWHACKER #257 HYBRID 100 GRAIN, 1.75\\\" CUT + 1\\\" BLEEDER - D2D Hunting\",\"isPartOf\":{\"@id\":\"https:\/\/d2dhunting.com\/#website\"},\"primaryImageOfPage\":{\"@id\":\"https:\/\/d2dhunting.com\/es\/product\/100-grain-1-75-inch-4-blade-swhacker-hybrid-compound\/#primaryimage\"},\"image\":{\"@id\":\"https:\/\/d2dhunting.com\/es\/product\/100-grain-1-75-inch-4-blade-swhacker-hybrid-compound\/#primaryimage\"},\"thumbnailUrl\":\"https:\/\/d2dhunting.com\/wp-content\/uploads\/2024\/02\/257-100-hybrid.webp\",\"datePublished\":\"2024-02-12T11:36:06+00:00\",\"dateModified\":\"2025-09-30T11:01:26+00:00\",\"breadcrumb\":{\"@id\":\"https:\/\/d2dhunting.com\/es\/product\/100-grain-1-75-inch-4-blade-swhacker-hybrid-compound\/#breadcrumb\"},\"inLanguage\":\"es\"},{\"@type\":\"ImageObject\",\"inLanguage\":\"es\",\"@id\":\"https:\/\/d2dhunting.com\/es\/product\/100-grain-1-75-inch-4-blade-swhacker-hybrid-compound\/#primaryimage\",\"url\":\"https:\/\/d2dhunting.com\/wp-content\/uploads\/2024\/02\/257-100-hybrid.webp\",\"contentUrl\":\"https:\/\/d2dhunting.com\/wp-content\/uploads\/2024\/02\/257-100-hybrid.webp\",\"width\":1080,\"height\":941},{\"@type\":\"BreadcrumbList\",\"@id\":\"https:\/\/d2dhunting.com\/es\/product\/100-grain-1-75-inch-4-blade-swhacker-hybrid-compound\/#breadcrumb\",\"itemListElement\":[{\"@type\":\"ListItem\",\"position\":1,\"name\":\"Home\",\"item\":\"https:\/\/d2dhunting.com\/es\/\"},{\"@type\":\"ListItem\",\"position\":2,\"name\":\"Tienda ES\",\"item\":\"https:\/\/d2dhunting.com\/es\/tienda-2\/\"},{\"@type\":\"ListItem\",\"position\":3,\"name\":\"SWHACKER #257 HYBRID 100 GRAIN, 1.75&#8243; CUT + 1&#8243; BLEEDER\"}]},{\"@type\":\"WebSite\",\"@id\":\"https:\/\/d2dhunting.com\/#website\",\"url\":\"https:\/\/d2dhunting.com\/\",\"name\":\"D2D Hunting\",\"description\":\"D2D was born with the idea of promoting still stalk hunting, through the distribution of quality equipment for the hunter.\",\"publisher\":{\"@id\":\"https:\/\/d2dhunting.com\/#organization\"},\"potentialAction\":[{\"@type\":\"SearchAction\",\"target\":{\"@type\":\"EntryPoint\",\"urlTemplate\":\"https:\/\/d2dhunting.com\/?s={search_term_string}\"},\"query-input\":{\"@type\":\"PropertyValueSpecification\",\"valueRequired\":true,\"valueName\":\"search_term_string\"}}],\"inLanguage\":\"es\"},{\"@type\":\"Organization\",\"@id\":\"https:\/\/d2dhunting.com\/#organization\",\"name\":\"D2D Hunting\",\"url\":\"https:\/\/d2dhunting.com\/\",\"logo\":{\"@type\":\"ImageObject\",\"inLanguage\":\"es\",\"@id\":\"https:\/\/d2dhunting.com\/#\/schema\/logo\/image\/\",\"url\":\"https:\/\/d2dhunting.com\/wp-content\/uploads\/2023\/12\/Logo_Completo.png\",\"contentUrl\":\"https:\/\/d2dhunting.com\/wp-content\/uploads\/2023\/12\/Logo_Completo.png\",\"width\":740,\"height\":308,\"caption\":\"D2D Hunting\"},\"image\":{\"@id\":\"https:\/\/d2dhunting.com\/#\/schema\/logo\/image\/\"}}]}<\/script>\n<!-- \/ Yoast SEO plugin. -->","yoast_head_json":{"title":"SWHACKER #257 HYBRID 100 GRAIN, 1.75\" CUT + 1\" BLEEDER - D2D Hunting","robots":{"index":"index","follow":"follow","max-snippet":"max-snippet:-1","max-image-preview":"max-image-preview:large","max-video-preview":"max-video-preview:-1"},"canonical":"https:\/\/d2dhunting.com\/es\/product\/100-grain-1-75-inch-4-blade-swhacker-hybrid-compound\/","og_locale":"es_ES","og_type":"article","og_title":"SWHACKER #257 HYBRID 100 GRAIN, 1.75\" CUT + 1\" BLEEDER - D2D Hunting","og_description":"Swhacker a\u00f1ade un &#8220;aguij\u00f3n&#8221; a su innovadora tecnolog\u00eda de dos cortes, con este modelo de punta h\u00edbrida de 4 hojas. Swhacker ha sido conocido durante mucho tiempo por el \u00e9xito de su dise\u00f1o de puntas mec\u00e1nicas con aletas, una primicia en la industria. Este dise\u00f1o hace que las cuchillas principales se desplieguen ya dentro de [&hellip;]","og_url":"https:\/\/d2dhunting.com\/es\/product\/100-grain-1-75-inch-4-blade-swhacker-hybrid-compound\/","og_site_name":"D2D Hunting","article_modified_time":"2025-09-30T11:01:26+00:00","og_image":[{"width":1080,"height":941,"url":"https:\/\/d2dhunting.com\/wp-content\/uploads\/2024\/02\/257-100-hybrid.webp","type":"image\/webp"}],"twitter_card":"summary_large_image","twitter_misc":{"Tiempo de lectura":"1 minuto"},"schema":{"@context":"https:\/\/schema.org","@graph":[{"@type":["WebPage","CollectionPage"],"@id":"https:\/\/d2dhunting.com\/es\/product\/100-grain-1-75-inch-4-blade-swhacker-hybrid-compound\/","url":"https:\/\/d2dhunting.com\/es\/product\/100-grain-1-75-inch-4-blade-swhacker-hybrid-compound\/","name":"SWHACKER #257 HYBRID 100 GRAIN, 1.75\" CUT + 1\" BLEEDER - D2D Hunting","isPartOf":{"@id":"https:\/\/d2dhunting.com\/#website"},"primaryImageOfPage":{"@id":"https:\/\/d2dhunting.com\/es\/product\/100-grain-1-75-inch-4-blade-swhacker-hybrid-compound\/#primaryimage"},"image":{"@id":"https:\/\/d2dhunting.com\/es\/product\/100-grain-1-75-inch-4-blade-swhacker-hybrid-compound\/#primaryimage"},"thumbnailUrl":"https:\/\/d2dhunting.com\/wp-content\/uploads\/2024\/02\/257-100-hybrid.webp","datePublished":"2024-02-12T11:36:06+00:00","dateModified":"2025-09-30T11:01:26+00:00","breadcrumb":{"@id":"https:\/\/d2dhunting.com\/es\/product\/100-grain-1-75-inch-4-blade-swhacker-hybrid-compound\/#breadcrumb"},"inLanguage":"es"},{"@type":"ImageObject","inLanguage":"es","@id":"https:\/\/d2dhunting.com\/es\/product\/100-grain-1-75-inch-4-blade-swhacker-hybrid-compound\/#primaryimage","url":"https:\/\/d2dhunting.com\/wp-content\/uploads\/2024\/02\/257-100-hybrid.webp","contentUrl":"https:\/\/d2dhunting.com\/wp-content\/uploads\/2024\/02\/257-100-hybrid.webp","width":1080,"height":941},{"@type":"BreadcrumbList","@id":"https:\/\/d2dhunting.com\/es\/product\/100-grain-1-75-inch-4-blade-swhacker-hybrid-compound\/#breadcrumb","itemListElement":[{"@type":"ListItem","position":1,"name":"Home","item":"https:\/\/d2dhunting.com\/es\/"},{"@type":"ListItem","position":2,"name":"Tienda ES","item":"https:\/\/d2dhunting.com\/es\/tienda-2\/"},{"@type":"ListItem","position":3,"name":"SWHACKER #257 HYBRID 100 GRAIN, 1.75&#8243; CUT + 1&#8243; BLEEDER"}]},{"@type":"WebSite","@id":"https:\/\/d2dhunting.com\/#website","url":"https:\/\/d2dhunting.com\/","name":"D2D Hunting","description":"D2D was born with the idea of promoting still stalk hunting, through the distribution of quality equipment for the hunter.","publisher":{"@id":"https:\/\/d2dhunting.com\/#organization"},"potentialAction":[{"@type":"SearchAction","target":{"@type":"EntryPoint","urlTemplate":"https:\/\/d2dhunting.com\/?s={search_term_string}"},"query-input":{"@type":"PropertyValueSpecification","valueRequired":true,"valueName":"search_term_string"}}],"inLanguage":"es"},{"@type":"Organization","@id":"https:\/\/d2dhunting.com\/#organization","name":"D2D Hunting","url":"https:\/\/d2dhunting.com\/","logo":{"@type":"ImageObject","inLanguage":"es","@id":"https:\/\/d2dhunting.com\/#\/schema\/logo\/image\/","url":"https:\/\/d2dhunting.com\/wp-content\/uploads\/2023\/12\/Logo_Completo.png","contentUrl":"https:\/\/d2dhunting.com\/wp-content\/uploads\/2023\/12\/Logo_Completo.png","width":740,"height":308,"caption":"D2D Hunting"},"image":{"@id":"https:\/\/d2dhunting.com\/#\/schema\/logo\/image\/"}}]}},"brands":[{"id":164,"name":"SWHACKER","slug":"swhacker"}],"_links":{"self":[{"href":"https:\/\/d2dhunting.com\/es\/wp-json\/wp\/v2\/product\/9410","targetHints":{"allow":["GET"]}}],"collection":[{"href":"https:\/\/d2dhunting.com\/es\/wp-json\/wp\/v2\/product"}],"about":[{"href":"https:\/\/d2dhunting.com\/es\/wp-json\/wp\/v2\/types\/product"}],"wp:featuredmedia":[{"embeddable":true,"href":"https:\/\/d2dhunting.com\/es\/wp-json\/wp\/v2\/media\/5812"}],"wp:attachment":[{"href":"https:\/\/d2dhunting.com\/es\/wp-json\/wp\/v2\/media?parent=9410"}],"wp:term":[{"taxonomy":"pwb-brand","embeddable":true,"href":"https:\/\/d2dhunting.com\/es\/wp-json\/wp\/v2\/pwb-brand?post=9410"},{"taxonomy":"product_brand","embeddable":true,"href":"https:\/\/d2dhunting.com\/es\/wp-json\/wp\/v2\/product_brand?post=9410"},{"taxonomy":"product_cat","embeddable":true,"href":"https:\/\/d2dhunting.com\/es\/wp-json\/wp\/v2\/product_cat?post=9410"},{"taxonomy":"product_tag","embeddable":true,"href":"https:\/\/d2dhunting.com\/es\/wp-json\/wp\/v2\/product_tag?post=9410"},{"taxonomy":"giftcard-category","embeddable":true,"href":"https:\/\/d2dhunting.com\/es\/wp-json\/wp\/v2\/giftcard-category?post=9410"}],"curies":[{"name":"wp","href":"https:\/\/api.w.org\/{rel}","templated":true}]}}