{"id":9416,"date":"2024-02-09T13:19:08","date_gmt":"2024-02-09T13:19:08","guid":{"rendered":"https:\/\/d2dhunting.com\/product\/swhacker-lrp-broadhead-238-to-241\/"},"modified":"2024-12-02T09:44:05","modified_gmt":"2024-12-02T09:44:05","slug":"swhacker-lrp-broadhead-238-to-241","status":"publish","type":"product","link":"https:\/\/d2dhunting.com\/es\/product\/swhacker-lrp-broadhead-238-to-241\/","title":{"rendered":"SWHACKER #276 2 BLADE LRP BROADHEAD KIT &#8211; SIZE B &#8211; 3 PACK"},"content":{"rendered":"<p>TAMA\u00d1O B &#8211; ID .166&#8243;. OD .238&#8243; a .241&#8243;. \u00a1El sistema de puntas de caza de precisi\u00f3n definitivo para las flechas de microdi\u00e1metro ! Swhacker ha desarrollado y patentado esta tecnolog\u00eda buscando la precisi\u00f3n en todos los tiros, tanto cercanos como a larga distancia. Los sistemas de alineaci\u00f3n &#8220;blade-align&#8221; y de fijaci\u00f3n de las cuchillas &#8220;blade-lock&#8221; convierten al modelo LRP de la serie Levi Morgan en la punta m\u00e1s ajustable, precisa y duradera . El Tama\u00f1o B se adapta a tubos de di\u00e1metro interior de .166&#8243; (4mm) que tengan un di\u00e1metro exterior entre .238&#8243; y .241&#8243;. Incluye: 3 puntas, 3 postes roscados, 3 tornillos de bloqueo de las cuchillas, 3 collares de refuerzo, 6 gomas de repuesto, 12 plugs Hunt-Ready (sistema alternativo a las gomas)<\/p>\n","protected":false},"excerpt":{"rendered":"<p>TAMA\u00d1O B &#8211; ID .166&#8243;. OD .238&#8243; a .241&#8243;. \u00a1El sistema de puntas de caza de precisi\u00f3n definitivo para las flechas de microdi\u00e1metro ! Swhacker ha desarrollado y patentado esta tecnolog\u00eda buscando la precisi\u00f3n en todos los tiros, tanto cercanos como a larga distancia. Los sistemas de alineaci\u00f3n &#8220;blade-align&#8221; y de fijaci\u00f3n de las cuchillas [&hellip;]<\/p>\n","protected":false},"featured_media":5993,"template":"","meta":{"_acf_changed":false},"pwb-brand":[164],"product_brand":[],"product_cat":[828,225,2854],"product_tag":[1343],"giftcard-category":[],"class_list":{"0":"post-9416","1":"product","2":"type-product","3":"status-publish","4":"has-post-thumbnail","6":"pwb-brand-swhacker","7":"product_cat-lrp-es","8":"product_cat-puntos-de-caza","9":"product_cat-swhacker-es","10":"product_tag-manual-es","12":"first","13":"instock","14":"taxable","15":"shipping-taxable","16":"purchasable","17":"product-type-simple"},"acf":[],"yoast_head":"<!-- This site is optimized with the Yoast SEO plugin v27.2 - https:\/\/yoast.com\/product\/yoast-seo-wordpress\/ -->\n<title>SWHACKER #276 2 BLADE LRP BROADHEAD KIT - SIZE B - 3 PACK - D2D Hunting<\/title>\n<meta name=\"robots\" content=\"index, follow, max-snippet:-1, max-image-preview:large, max-video-preview:-1\" \/>\n<link rel=\"canonical\" href=\"https:\/\/d2dhunting.com\/es\/product\/swhacker-lrp-broadhead-238-to-241\/\" \/>\n<meta property=\"og:locale\" content=\"es_ES\" \/>\n<meta property=\"og:type\" content=\"article\" \/>\n<meta property=\"og:title\" content=\"SWHACKER #276 2 BLADE LRP BROADHEAD KIT - SIZE B - 3 PACK - D2D Hunting\" \/>\n<meta property=\"og:description\" content=\"TAMA\u00d1O B &#8211; ID .166&#8243;. OD .238&#8243; a .241&#8243;. \u00a1El sistema de puntas de caza de precisi\u00f3n definitivo para las flechas de microdi\u00e1metro ! Swhacker ha desarrollado y patentado esta tecnolog\u00eda buscando la precisi\u00f3n en todos los tiros, tanto cercanos como a larga distancia. Los sistemas de alineaci\u00f3n &#8220;blade-align&#8221; y de fijaci\u00f3n de las cuchillas [&hellip;]\" \/>\n<meta property=\"og:url\" content=\"https:\/\/d2dhunting.com\/es\/product\/swhacker-lrp-broadhead-238-to-241\/\" \/>\n<meta property=\"og:site_name\" content=\"D2D Hunting\" \/>\n<meta property=\"article:modified_time\" content=\"2024-12-02T09:44:05+00:00\" \/>\n<meta property=\"og:image\" content=\"https:\/\/d2dhunting.com\/wp-content\/uploads\/2024\/02\/1-1.webp\" \/>\n\t<meta property=\"og:image:width\" content=\"2000\" \/>\n\t<meta property=\"og:image:height\" content=\"2000\" \/>\n\t<meta property=\"og:image:type\" content=\"image\/webp\" \/>\n<meta name=\"twitter:card\" content=\"summary_large_image\" \/>\n<meta name=\"twitter:label1\" content=\"Tiempo de lectura\" \/>\n\t<meta name=\"twitter:data1\" content=\"1 minuto\" \/>\n<script type=\"application\/ld+json\" class=\"yoast-schema-graph\">{\"@context\":\"https:\/\/schema.org\",\"@graph\":[{\"@type\":[\"WebPage\",\"CollectionPage\"],\"@id\":\"https:\/\/d2dhunting.com\/es\/product\/swhacker-lrp-broadhead-238-to-241\/\",\"url\":\"https:\/\/d2dhunting.com\/es\/product\/swhacker-lrp-broadhead-238-to-241\/\",\"name\":\"SWHACKER #276 2 BLADE LRP BROADHEAD KIT - SIZE B - 3 PACK - D2D Hunting\",\"isPartOf\":{\"@id\":\"https:\/\/d2dhunting.com\/#website\"},\"primaryImageOfPage\":{\"@id\":\"https:\/\/d2dhunting.com\/es\/product\/swhacker-lrp-broadhead-238-to-241\/#primaryimage\"},\"image\":{\"@id\":\"https:\/\/d2dhunting.com\/es\/product\/swhacker-lrp-broadhead-238-to-241\/#primaryimage\"},\"thumbnailUrl\":\"https:\/\/d2dhunting.com\/wp-content\/uploads\/2024\/02\/1-1.webp\",\"datePublished\":\"2024-02-09T13:19:08+00:00\",\"dateModified\":\"2024-12-02T09:44:05+00:00\",\"breadcrumb\":{\"@id\":\"https:\/\/d2dhunting.com\/es\/product\/swhacker-lrp-broadhead-238-to-241\/#breadcrumb\"},\"inLanguage\":\"es\"},{\"@type\":\"ImageObject\",\"inLanguage\":\"es\",\"@id\":\"https:\/\/d2dhunting.com\/es\/product\/swhacker-lrp-broadhead-238-to-241\/#primaryimage\",\"url\":\"https:\/\/d2dhunting.com\/wp-content\/uploads\/2024\/02\/1-1.webp\",\"contentUrl\":\"https:\/\/d2dhunting.com\/wp-content\/uploads\/2024\/02\/1-1.webp\",\"width\":2000,\"height\":2000},{\"@type\":\"BreadcrumbList\",\"@id\":\"https:\/\/d2dhunting.com\/es\/product\/swhacker-lrp-broadhead-238-to-241\/#breadcrumb\",\"itemListElement\":[{\"@type\":\"ListItem\",\"position\":1,\"name\":\"Home\",\"item\":\"https:\/\/d2dhunting.com\/es\/\"},{\"@type\":\"ListItem\",\"position\":2,\"name\":\"Tienda ES\",\"item\":\"https:\/\/d2dhunting.com\/es\/tienda-2\/\"},{\"@type\":\"ListItem\",\"position\":3,\"name\":\"SWHACKER #276 2 BLADE LRP BROADHEAD KIT &#8211; SIZE B &#8211; 3 PACK\"}]},{\"@type\":\"WebSite\",\"@id\":\"https:\/\/d2dhunting.com\/#website\",\"url\":\"https:\/\/d2dhunting.com\/\",\"name\":\"D2D Hunting\",\"description\":\"D2D was born with the idea of promoting still stalk hunting, through the distribution of quality equipment for the hunter.\",\"publisher\":{\"@id\":\"https:\/\/d2dhunting.com\/#organization\"},\"potentialAction\":[{\"@type\":\"SearchAction\",\"target\":{\"@type\":\"EntryPoint\",\"urlTemplate\":\"https:\/\/d2dhunting.com\/?s={search_term_string}\"},\"query-input\":{\"@type\":\"PropertyValueSpecification\",\"valueRequired\":true,\"valueName\":\"search_term_string\"}}],\"inLanguage\":\"es\"},{\"@type\":\"Organization\",\"@id\":\"https:\/\/d2dhunting.com\/#organization\",\"name\":\"D2D Hunting\",\"url\":\"https:\/\/d2dhunting.com\/\",\"logo\":{\"@type\":\"ImageObject\",\"inLanguage\":\"es\",\"@id\":\"https:\/\/d2dhunting.com\/#\/schema\/logo\/image\/\",\"url\":\"https:\/\/d2dhunting.com\/wp-content\/uploads\/2023\/12\/Logo_Completo.png\",\"contentUrl\":\"https:\/\/d2dhunting.com\/wp-content\/uploads\/2023\/12\/Logo_Completo.png\",\"width\":740,\"height\":308,\"caption\":\"D2D Hunting\"},\"image\":{\"@id\":\"https:\/\/d2dhunting.com\/#\/schema\/logo\/image\/\"}}]}<\/script>\n<!-- \/ Yoast SEO plugin. -->","yoast_head_json":{"title":"SWHACKER #276 2 BLADE LRP BROADHEAD KIT - SIZE B - 3 PACK - D2D Hunting","robots":{"index":"index","follow":"follow","max-snippet":"max-snippet:-1","max-image-preview":"max-image-preview:large","max-video-preview":"max-video-preview:-1"},"canonical":"https:\/\/d2dhunting.com\/es\/product\/swhacker-lrp-broadhead-238-to-241\/","og_locale":"es_ES","og_type":"article","og_title":"SWHACKER #276 2 BLADE LRP BROADHEAD KIT - SIZE B - 3 PACK - D2D Hunting","og_description":"TAMA\u00d1O B &#8211; ID .166&#8243;. OD .238&#8243; a .241&#8243;. \u00a1El sistema de puntas de caza de precisi\u00f3n definitivo para las flechas de microdi\u00e1metro ! Swhacker ha desarrollado y patentado esta tecnolog\u00eda buscando la precisi\u00f3n en todos los tiros, tanto cercanos como a larga distancia. Los sistemas de alineaci\u00f3n &#8220;blade-align&#8221; y de fijaci\u00f3n de las cuchillas [&hellip;]","og_url":"https:\/\/d2dhunting.com\/es\/product\/swhacker-lrp-broadhead-238-to-241\/","og_site_name":"D2D Hunting","article_modified_time":"2024-12-02T09:44:05+00:00","og_image":[{"width":2000,"height":2000,"url":"https:\/\/d2dhunting.com\/wp-content\/uploads\/2024\/02\/1-1.webp","type":"image\/webp"}],"twitter_card":"summary_large_image","twitter_misc":{"Tiempo de lectura":"1 minuto"},"schema":{"@context":"https:\/\/schema.org","@graph":[{"@type":["WebPage","CollectionPage"],"@id":"https:\/\/d2dhunting.com\/es\/product\/swhacker-lrp-broadhead-238-to-241\/","url":"https:\/\/d2dhunting.com\/es\/product\/swhacker-lrp-broadhead-238-to-241\/","name":"SWHACKER #276 2 BLADE LRP BROADHEAD KIT - SIZE B - 3 PACK - D2D Hunting","isPartOf":{"@id":"https:\/\/d2dhunting.com\/#website"},"primaryImageOfPage":{"@id":"https:\/\/d2dhunting.com\/es\/product\/swhacker-lrp-broadhead-238-to-241\/#primaryimage"},"image":{"@id":"https:\/\/d2dhunting.com\/es\/product\/swhacker-lrp-broadhead-238-to-241\/#primaryimage"},"thumbnailUrl":"https:\/\/d2dhunting.com\/wp-content\/uploads\/2024\/02\/1-1.webp","datePublished":"2024-02-09T13:19:08+00:00","dateModified":"2024-12-02T09:44:05+00:00","breadcrumb":{"@id":"https:\/\/d2dhunting.com\/es\/product\/swhacker-lrp-broadhead-238-to-241\/#breadcrumb"},"inLanguage":"es"},{"@type":"ImageObject","inLanguage":"es","@id":"https:\/\/d2dhunting.com\/es\/product\/swhacker-lrp-broadhead-238-to-241\/#primaryimage","url":"https:\/\/d2dhunting.com\/wp-content\/uploads\/2024\/02\/1-1.webp","contentUrl":"https:\/\/d2dhunting.com\/wp-content\/uploads\/2024\/02\/1-1.webp","width":2000,"height":2000},{"@type":"BreadcrumbList","@id":"https:\/\/d2dhunting.com\/es\/product\/swhacker-lrp-broadhead-238-to-241\/#breadcrumb","itemListElement":[{"@type":"ListItem","position":1,"name":"Home","item":"https:\/\/d2dhunting.com\/es\/"},{"@type":"ListItem","position":2,"name":"Tienda ES","item":"https:\/\/d2dhunting.com\/es\/tienda-2\/"},{"@type":"ListItem","position":3,"name":"SWHACKER #276 2 BLADE LRP BROADHEAD KIT &#8211; SIZE B &#8211; 3 PACK"}]},{"@type":"WebSite","@id":"https:\/\/d2dhunting.com\/#website","url":"https:\/\/d2dhunting.com\/","name":"D2D Hunting","description":"D2D was born with the idea of promoting still stalk hunting, through the distribution of quality equipment for the hunter.","publisher":{"@id":"https:\/\/d2dhunting.com\/#organization"},"potentialAction":[{"@type":"SearchAction","target":{"@type":"EntryPoint","urlTemplate":"https:\/\/d2dhunting.com\/?s={search_term_string}"},"query-input":{"@type":"PropertyValueSpecification","valueRequired":true,"valueName":"search_term_string"}}],"inLanguage":"es"},{"@type":"Organization","@id":"https:\/\/d2dhunting.com\/#organization","name":"D2D Hunting","url":"https:\/\/d2dhunting.com\/","logo":{"@type":"ImageObject","inLanguage":"es","@id":"https:\/\/d2dhunting.com\/#\/schema\/logo\/image\/","url":"https:\/\/d2dhunting.com\/wp-content\/uploads\/2023\/12\/Logo_Completo.png","contentUrl":"https:\/\/d2dhunting.com\/wp-content\/uploads\/2023\/12\/Logo_Completo.png","width":740,"height":308,"caption":"D2D Hunting"},"image":{"@id":"https:\/\/d2dhunting.com\/#\/schema\/logo\/image\/"}}]}},"brands":[{"id":164,"name":"SWHACKER","slug":"swhacker"}],"_links":{"self":[{"href":"https:\/\/d2dhunting.com\/es\/wp-json\/wp\/v2\/product\/9416","targetHints":{"allow":["GET"]}}],"collection":[{"href":"https:\/\/d2dhunting.com\/es\/wp-json\/wp\/v2\/product"}],"about":[{"href":"https:\/\/d2dhunting.com\/es\/wp-json\/wp\/v2\/types\/product"}],"wp:featuredmedia":[{"embeddable":true,"href":"https:\/\/d2dhunting.com\/es\/wp-json\/wp\/v2\/media\/5993"}],"wp:attachment":[{"href":"https:\/\/d2dhunting.com\/es\/wp-json\/wp\/v2\/media?parent=9416"}],"wp:term":[{"taxonomy":"pwb-brand","embeddable":true,"href":"https:\/\/d2dhunting.com\/es\/wp-json\/wp\/v2\/pwb-brand?post=9416"},{"taxonomy":"product_brand","embeddable":true,"href":"https:\/\/d2dhunting.com\/es\/wp-json\/wp\/v2\/product_brand?post=9416"},{"taxonomy":"product_cat","embeddable":true,"href":"https:\/\/d2dhunting.com\/es\/wp-json\/wp\/v2\/product_cat?post=9416"},{"taxonomy":"product_tag","embeddable":true,"href":"https:\/\/d2dhunting.com\/es\/wp-json\/wp\/v2\/product_tag?post=9416"},{"taxonomy":"giftcard-category","embeddable":true,"href":"https:\/\/d2dhunting.com\/es\/wp-json\/wp\/v2\/giftcard-category?post=9416"}],"curies":[{"name":"wp","href":"https:\/\/api.w.org\/{rel}","templated":true}]}}